{"id":13317,"date":"2022-03-29T16:38:11","date_gmt":"2022-03-29T16:38:11","guid":{"rendered":"https:\/\/web-company.com\/web-company-spezialist-fuer-saas-webshops-websites-und-online-marketing\/"},"modified":"2024-10-28T14:59:09","modified_gmt":"2024-10-28T14:59:09","slug":"web-company-spezialist-fuer-saas-webshops-websites-und-online-marketing","status":"publish","type":"page","link":"https:\/\/web-company.com\/de\/","title":{"rendered":"Web-Company &#8211; Spezialist f\u00fcr Saas, Webshops, Websites und Online-Marketing"},"content":{"rendered":"<div class=\"wpb-content-wrapper\"><p>[vc_row full_width=&#8220;stretch_row&#8220; content_placement=&#8220;middle&#8220; kd_background_overlay=&#8220;default&#8220; kd_background_image_position=&#8220;vc_row-bg-position-top&#8220; css=&#8220;.vc_custom_1654605223767{padding-top: 230px !important;padding-bottom: 120px !important;}&#8220; css_tablet_portrait=&#8220;.vc_custom_1654605223767{padding-top: 50px !important;padding-bottom: 70px !important;}&#8220; css_mobile=&#8220;.vc_custom_1654605223768{padding-top: 50px !important;padding-bottom: 70px !important;}&#8220;][vc_column][vc_row_inner content_placement=&#8220;middle&#8220; kd_background_overlay=&#8220;default&#8220; kd_background_image_position=&#8220;vc_row-bg-position-top&#8220;][vc_column_inner width=&#8220;7\/12&#8243; css=&#8220;.vc_custom_1654605769643{margin-left: 0px !important;padding-right: 0px !important;padding-left: 0px !important;}&#8220; offset=&#8220;vc_col-lg-7 vc_col-md-7&#8243; css_tablet_portrait=&#8220;.vc_custom_1654605769644{padding-top: 50px !important;}&#8220; css_mobile=&#8220;.vc_custom_1654605769644{padding-top: 50px !important;}&#8220; css_tablet_landscape=&#8220;.vc_custom_1654605769643{padding-right: 50px !important;}&#8220;]<header class=\"kd-section-title col-lg-12 text-left  vc_custom_1725293269699 kd-animated fadeIn\" data-animation-delay=200><h1 class=\"kd-main-title separator_off\" style=\"font-size: 70px;line-height: 80px;margin-bottom:30px;\"><br \/>\nWir arbeiten an Ihrem <span class=\"highlight-gradient\" >Online-Erfolg<\/span>.<\/h1><h6 class=\"subtitle\" style=\"color: #00234b;font-size:19px;\"><br \/>\nFull-Service-Webagentur mit mehr als 25 Jahren Erfahrung. Kontaktieren Sie uns f\u00fcr einen Termin!<\/h6><\/header><a href=\"https:\/\/web-company.com\/contact\/\" target=\"_self\"   class=\"tt_button tt_primary_button btn_gradient_color reverse_gradient btn-align-left button-action-link   vc_custom_1725293250949 kd-animated zoomIn\" data-text=\"Kontakt aufnehmen\" data-animation-delay=200><span class=\"prim_text\">Kontakt aufnehmen<\/span><\/a>[\/vc_column_inner][vc_column_inner width=&#8220;5\/12&#8243; css=&#8220;.vc_custom_1654605756958{padding-left: 0px !important;}&#8220; offset=&#8220;vc_col-lg-5 vc_col-md-5&#8243; css_tablet_portrait=&#8220;.vc_custom_1654605756958{padding-top: 200px !important;}&#8220; css_mobile=&#8220;.vc_custom_1654605756959{padding-top: 50px !important;}&#8220;]<div class=\"kd-photo-group group-layout-right-left no-shadow enable-parallax  vc_custom_1725301700526\">\n                <div class=\"kd-group-image first-image-wrapper\" style=\"bottom: 0px;\"><div class=\"kd-group-image-animation kd-animated fadeInUp\" data-animation-delay=600><img loading=\"lazy\" decoding=\"async\" width=\"720\" height=\"510\" src=\"https:\/\/web-company.com\/wp-content\/uploads\/2024\/09\/apicenter_site3.png\" class=\"attachment-full\" alt=\"APIcenter site\" title=\"apicenter_site3\" srcset=\"https:\/\/web-company.com\/wp-content\/uploads\/2024\/09\/apicenter_site3.png 720w, https:\/\/web-company.com\/wp-content\/uploads\/2024\/09\/apicenter_site3-300x213.png 300w\" sizes=\"(max-width: 720px) 100vw, 720px\" \/><\/div><\/div>\n                <div class=\"kd-group-image second-image-wrapper\" style=\"bottom: 0px;\"><div class=\"kd-group-image-animation kd-animated fadeInUp\" data-animation-delay=400><img loading=\"lazy\" decoding=\"async\" width=\"221\" height=\"424\" src=\"https:\/\/web-company.com\/wp-content\/uploads\/2024\/09\/braindash.png\" class=\"attachment-full\" alt=\"Braindash\" title=\"braindash\" srcset=\"https:\/\/web-company.com\/wp-content\/uploads\/2024\/09\/braindash.png 221w, https:\/\/web-company.com\/wp-content\/uploads\/2024\/09\/braindash-156x300.png 156w\" sizes=\"(max-width: 221px) 100vw, 221px\" \/><\/div><\/div>\n            <\/div><div class=\"kd-shapes shape_circle with-parallax kd-animated fadeIn\" style=\"top: -50px;left: -20px;width: 250px;height: 250px;background: linear-gradient(90deg, rgba(108,93,212,0.2) 0%, rgba(63,140,254,0.2) 100%);\" data-parallax-speed=\"-0.15\" data-animation-delay=800><\/div>[\/vc_column_inner][\/vc_row_inner]<div class=\"kd-shapes shape_circle with-parallax kd-animated fadeIn\" style=\"top: 0px;left: -200px;width: 50px;height: 50px;background: linear-gradient(90deg, rgba(108,93,212,0.2) 0%, rgba(63,140,254,0.2) 100%);\" data-parallax-speed=\"-0.15\" data-animation-delay=400><\/div><div class=\"kd-shapes shape_circle with-parallax kd-animated fadeIn\" style=\"bottom: -80px;left: 32%;width: 100px;height: 100px;background: linear-gradient(90deg, rgba(108,93,212,0.2) 0%, rgba(63,140,254,0.2) 100%);\" data-parallax-speed=\"-0.1\" data-animation-delay=600><\/div>[\/vc_column][\/vc_row][vc_row full_width=&#8220;stretch_row&#8220; kd_background_overlay=&#8220;gray-color&#8220; kd_background_image_position=&#8220;vc_row-bg-position-top&#8220; css=&#8220;.vc_custom_1652269523882{border-top-width: 1px !important;padding-bottom: 100px !important;border-top-color: #e7e7e7 !important;border-top-style: solid !important;}&#8220; el_class=&#8220;overflow-fix&#8220;][vc_column]<div class=\"feature-sections-wrapper navigation-icons kd-fsp-69e8d021ed27b\">\r\n            <div class=\"feature-sections-tabs  \">\r\n              <nav class=\"kd-feature-tabs\">\r\n                <ul class=\"nav nav-tabs sticky-tabs container\">\r\n                  <span class=\"nav-indicator\"><\/span>\r\n                <\/ul>\r\n              <\/nav>\r\n            <\/div>\r\n            <section id=\"Software-agency\" class=\"featured-right\"><li class=\"nav-label\"><a class=\"feature-tabs-scroll\" href=\"#Software-agency\"><span class=\"nav-number\"><\/span>E-Commerce<\/a><\/li><div class=\"container\">\r\n                <div class=\"side-content-wrapper kd-animated fadeInLeft\" data-animation-delay=\"200\"><span class=\"side-content-title-label\" >SAMEN BOUWEN WE AAN JOUW ONLINE OMZET<\/span><h2 class=\"side-content-title\" >Mehr als 2.000 Webshops ausgeliefert<\/h2><h6 class=\"side-content-subtitle\" >Webshops werden in Magento, WooCommerce, Shopware oder Shopify erstellt. Wir f\u00fchren daf\u00fcr eine umfangreiche Paketauswahl durch und haben die richtigen Entwickler im Haus. Mit unserer Erfahrung und Expertise sorgen wir f\u00fcr ein professionelles und benutzerfreundliches Online-Shopping-Erlebnis f\u00fcr Ihre Kunden.  <\/h6><div class=\"side-content-link sc-primary-btn\"><a href=\"\/woocommerce-specialist\/\" target=\"_self\" class=\"tt_button btn_primary_color tt_primary_button  button-action-link\" data-text=\"Lees meer\"><span class=\"prim_text\">Lees meer<\/span><\/a><\/div><\/div><div class=\"side-featured-wrapper fss-organic-1 kd-animated fadeInRight\" data-animation-delay=\"200\">\r\n      <div class=\"featured-image\"><img loading=\"lazy\" decoding=\"async\" width=\"652\" height=\"400\" src=\"https:\/\/web-company.com\/wp-content\/uploads\/2024\/09\/BreveTuinhout.jpg\" class=\"attachment-full\" alt=\"\" title=\"BreveTuinhout\" srcset=\"https:\/\/web-company.com\/wp-content\/uploads\/2024\/09\/BreveTuinhout.jpg 652w, https:\/\/web-company.com\/wp-content\/uploads\/2024\/09\/BreveTuinhout-300x184.jpg 300w\" sizes=\"(max-width: 652px) 100vw, 652px\" \/><\/div>\r\n    <\/div><\/div>\r\n            <\/section><section id=\"Consulting-Technology\" class=\"featured-left\"><li class=\"nav-label\"><a class=\"feature-tabs-scroll\" href=\"#Consulting-Technology\"><span class=\"nav-number\"><\/span>SaaS<\/a><\/li><div class=\"container\">\r\n                <div class=\"side-content-wrapper kd-animated fadeInRight\" data-animation-delay=\"200\"><span class=\"side-content-title-label\" >DE JUISTE STRATEGIE VOOR HET SCHALEN VAN JOUW SAAS<\/span><h2 class=\"side-content-title\" >Ma\u00dfgeschneiderte SaaS-Plattformen, vom MVP bis zum skalierbaren SaaS-System<\/h2><h6 class=\"side-content-subtitle\" >Innovation ist der Schl\u00fcssel. Wir haben uns auf die Entwicklung neuer SaaS-Konzepte spezialisiert, die unseren Kunden helfen, effizienter und effektiver zu arbeiten. Unser Expertenteam verf\u00fcgt \u00fcber jahrelange Erfahrung in der Konzeption und Entwicklung von Softwarel\u00f6sungen, die den Anforderungen verschiedener Unternehmen und Branchen gerecht werden.  <\/h6><div class=\"side-content-link sc-primary-btn\"><a href=\"\/saas-ontwikkeling\/\" target=\"_self\" class=\"tt_button btn_gradient_color  reverse_gradient button-action-link\" data-text=\"Lees meer\"><span class=\"prim_text\">Lees meer<\/span><\/a><\/div><\/div><div class=\"side-featured-wrapper fss-organic-1-rotate kd-animated fadeInLeft\" data-animation-delay=\"200\">\r\n      <div class=\"featured-image\"><a data-size=\"652x400\" href=https:\/\/web-company.com\/wp-content\/uploads\/2020\/08\/Case_image_652x400_11_APIcenter.jpg><img loading=\"lazy\" decoding=\"async\" width=\"652\" height=\"400\" src=\"https:\/\/web-company.com\/wp-content\/uploads\/2020\/08\/Case_image_652x400_11_APIcenter.jpg\" class=\"attachment-full\" alt=\"\" title=\"Case_image_652x400_11_APIcenter\" srcset=\"https:\/\/web-company.com\/wp-content\/uploads\/2020\/08\/Case_image_652x400_11_APIcenter.jpg 652w, https:\/\/web-company.com\/wp-content\/uploads\/2020\/08\/Case_image_652x400_11_APIcenter-300x184.jpg 300w\" sizes=\"(max-width: 652px) 100vw, 652px\" \/><\/a><\/div>\r\n    <\/div><\/div>\r\n            <\/section><section id=\"Research-Effective-Strategy\" class=\"featured-right\"><li class=\"nav-label\"><a class=\"feature-tabs-scroll\" href=\"#Research-Effective-Strategy\"><span class=\"nav-number\"><\/span>AI<\/a><\/li><div class=\"container\">\r\n                <div class=\"side-content-wrapper kd-animated fadeInLeft\" data-animation-delay=\"200\"><span class=\"side-content-title-label\" >ARTIFICIAL INTELLIGENCE<\/span><h2 class=\"side-content-title\" >KI-Beratung und KI-Entwicklung<\/h2><h6 class=\"side-content-subtitle\" >Sie k\u00f6nnen sich f\u00fcr die Entwicklung Ihrer KI-L\u00f6sung an uns wenden. Unser Expertenteam ist bereit, eine ma\u00dfgeschneiderte KI-L\u00f6sung zu entwickeln, die perfekt auf Ihre Bed\u00fcrfnisse zugeschnitten ist. Von der Datenerfassung bis zur Implementierung der KI-Technologie bieten wir einen kompetenten Ansatz.  <\/h6><div class=\"side-content-link sc-primary-btn\"><a href=\"\/ai\/\" target=\"_self\" class=\"tt_button btn_gradient_color  reverse_gradient button-action-link\" data-text=\"Lees meer\"><span class=\"prim_text\">Lees meer<\/span><\/a><\/div><\/div><div class=\"side-featured-wrapper fss-organic-1 kd-animated fadeInRight\" data-animation-delay=\"200\">\r\n      <div class=\"featured-image\"><a data-size=\"652x400\" href=https:\/\/web-company.com\/wp-content\/uploads\/2020\/08\/Case_image_652x400_image_2.jpg><img loading=\"lazy\" decoding=\"async\" width=\"652\" height=\"400\" src=\"https:\/\/web-company.com\/wp-content\/uploads\/2020\/08\/Case_image_652x400_image_2.jpg\" class=\"attachment-full\" alt=\"Braindash case\" title=\"Case_image_652x400_image_2\" srcset=\"https:\/\/web-company.com\/wp-content\/uploads\/2020\/08\/Case_image_652x400_image_2.jpg 652w, https:\/\/web-company.com\/wp-content\/uploads\/2020\/08\/Case_image_652x400_image_2-300x184.jpg 300w\" sizes=\"(max-width: 652px) 100vw, 652px\" \/><\/a><\/div>\r\n    <\/div><\/div>\r\n            <\/section>\r\n            <\/div><style><\/style>[\/vc_column][\/vc_row][vc_row full_width=&#8220;stretch_row&#8220; content_placement=&#8220;top&#8220; kd_background_overlay=&#8220;default&#8220; kd_background_image_position=&#8220;vc_row-bg-position-top&#8220; css=&#8220;.vc_custom_1652271926787{padding-top: 100px !important;padding-bottom: 20px !important;}&#8220;][vc_column][vc_row_inner content_placement=&#8220;top&#8220; kd_background_overlay=&#8220;default&#8220; kd_background_image_position=&#8220;vc_row-bg-position-top&#8220;][vc_column_inner css=&#8220;.vc_custom_1654605559329{padding-top: 110px !important;padding-right: 125px !important;padding-left: 0px !important;}&#8220; offset=&#8220;vc_col-lg-offset-0 vc_col-lg-6 vc_col-md-offset-0 vc_col-sm-offset-0&#8243; css_tablet_landscape=&#8220;.vc_custom_1654605559329{margin-bottom: 30px !important;padding-right: 60px !important;padding-left: 0px !important;}&#8220; css_tablet_portrait=&#8220;.vc_custom_1654605559330{margin-bottom: 80px !important;padding-top: 20px !important;padding-right: 30px !important;padding-left: 30px !important;}&#8220; css_mobile=&#8220;.vc_custom_1654605559330{margin-bottom: 80px !important;padding-top: 20px !important;padding-right: 15px !important;padding-left: 15px !important;}&#8220;]<header class=\"kd-section-title col-lg-12 text-left  vc_custom_1725295822891 kd-animated fadeIn\" data-animation-delay=200><p class=\"st-overline gradient-color\" style=\"font-size:14px;\">SOFTWARE UND WEB-L\u00d6SUNGEN, DIE ERGEBNISSE LIEFERN<\/p><h2 class=\"kd-main-title separator_off\" >Wir kombinieren die beste Strategie und Technologie, um digitale L\u00f6sungen f\u00fcr Ihre Projekte zu entwickeln<\/h2><h6 class=\"subtitle\" >Wir entwerfen und entwickeln ma\u00dfgeschneiderte Anwendungen und Softwarel\u00f6sungen, die Unternehmen helfen, sich weniger auf zeitraubende Aufgaben und mehr auf ihr Wachstum zu konzentrieren. Wir erstellen Webshops, die einem bestimmten Zweck dienen, mit der neuesten Technologie entwickelt werden und auf datengest\u00fctzten Erkenntnissen beruhen. Kurz gesagt: Wir schaffen Web-Erlebnisse.  <\/h6><\/header><a href=\"https:\/\/web-company.com\/cases\/\" target=\"_self\"   class=\"tt_button tt_primary_button btn_gradient_color reverse_gradient btn-align-left button-action-link   kd-animated zoomIn\" data-text=\"Siehe unsere F\u00e4lle\" data-animation-delay=200><span class=\"prim_text\">Siehe unsere F\u00e4lle<\/span><\/a>[\/vc_column_inner][vc_column_inner offset=&#8220;vc_col-lg-6 vc_hidden-md vc_hidden-sm&#8220; css=&#8220;.vc_custom_1654605589678{padding-right: 0px !important;padding-left: 0px !important;}&#8220;]<div class=\"kd-shapes shape_circle with-parallax kd-animated fadeIn\" style=\"top: 100px;right: -100px;width: 250px;height: 250px;background: linear-gradient(90deg, rgba(108,93,212,0.2) 0%, rgba(63,140,254,0.2) 100%);\" data-parallax-speed=\"-0.15\" data-animation-delay=800><\/div>[vc_single_image source=&#8220;external_link&#8220; external_img_size=&#8220;full&#8220; alignment=&#8220;right&#8220; css_animation=&#8220;fadeIn&#8220; css=&#8220;&#8220; custom_src=&#8220;https:\/\/web-company.com\/wp-content\/uploads\/2024\/09\/web-company_home.webp&#8220; el_class=&#8220;disable-pointer&#8220;][\/vc_column_inner][\/vc_row_inner][\/vc_column][\/vc_row][vc_row kd_background_overlay=&#8220;default&#8220; kd_background_image_position=&#8220;vc_row-bg-position-top&#8220;][vc_column][vc_separator color=&#8220;custom&#8220; accent_color=&#8220;#e7e7e7&#8243;][\/vc_column][\/vc_row][vc_row full_width=&#8220;stretch_row_content&#8220; kd_background_overlay=&#8220;gray-color&#8220; kd_background_image_position=&#8220;vc_row-bg-position-top&#8220; css=&#8220;.vc_custom_1652272756200{padding-top: 100px !important;padding-right: 0px !important;padding-bottom: 100px !important;padding-left: 0px !important;}&#8220;][vc_column css=&#8220;.vc_custom_1599050426917{padding-right: 0px !important;padding-left: 0px !important;}&#8220;]<header class=\"kd-section-title col-lg-12 text-center  vc_custom_1725295007798 kd-animated fadeIn\" data-animation-delay=200><p class=\"st-overline gradient-color\" style=\"font-size:14px;\">WIR ENTWICKELN UND VERMARKTEN IHRE ONLINE-IDEE<\/p><h2 class=\"kd-main-title separator_off\" style=\"font-size: 42px;line-height: 52px;\">Mehr als 2.500 Unternehmen sind Ihnen zuvorgekommen!<\/h2><\/header>[vc_row_inner kd_background_overlay=&#8220;default&#8220; kd_background_image_position=&#8220;vc_row-bg-position-top&#8220;][vc_column_inner][vc_single_image image=&#8220;12266&#8243; img_size=&#8220;full&#8220; alignment=&#8220;center&#8220; css_animation=&#8220;fadeIn&#8220; css=&#8220;&#8220; el_class=&#8220;disable-pointer&#8220;][\/vc_column_inner][\/vc_row_inner][\/vc_column][\/vc_row]<\/p>\n<\/div>","protected":false},"excerpt":{"rendered":"<p>[vc_row full_width=&#8220;stretch_row&#8220; content_placement=&#8220;middle&#8220; kd_background_overlay=&#8220;default&#8220; kd_background_image_position=&#8220;vc_row-bg-position-top&#8220; css=&#8220;.vc_custom_1654605223767{padding-top: 230px !important;padding-bottom: 120px !important;}&#8220; css_tablet_portrait=&#8220;.vc_custom_1654605223767{padding-top: 50px !important;padding-bottom: 70px !important;}&#8220; css_mobile=&#8220;.vc_custom_1654605223768{padding-top: 50px !important;padding-bottom: 70px !important;}&#8220;][vc_column][vc_row_inner [&hellip;]<\/p>\n","protected":false},"author":1,"featured_media":0,"parent":0,"menu_order":0,"comment_status":"closed","ping_status":"closed","template":"","meta":{"footnotes":""},"class_list":["post-13317","page","type-page","status-publish","hentry"],"acf":[],"yoast_head":"<!-- This site is optimized with the Yoast SEO Premium plugin v23.4 (Yoast SEO v23.4) - https:\/\/yoast.com\/wordpress\/plugins\/seo\/ -->\n<title>V2 Pages 13317<\/title>\n<meta name=\"robots\" content=\"index, follow, max-snippet:-1, max-image-preview:large, max-video-preview:-1\" \/>\n<link rel=\"canonical\" href=\"https:\/\/web-company.com\/de\/\" \/>\n<meta property=\"og:locale\" content=\"de_DE\" \/>\n<meta property=\"og:type\" content=\"article\" \/>\n<meta property=\"og:title\" content=\"Web-Company - Spezialist f\u00fcr Saas, Webshops, Websites und Online-Marketing\" \/>\n<meta property=\"og:description\" content=\"[vc_row full_width=&#8220;stretch_row&#8220; content_placement=&#8220;middle&#8220; kd_background_overlay=&#8220;default&#8220; kd_background_image_position=&#8220;vc_row-bg-position-top&#8220; css=&#8220;.vc_custom_1654605223767{padding-top: 230px !important;padding-bottom: 120px !important;}&#8220; css_tablet_portrait=&#8220;.vc_custom_1654605223767{padding-top: 50px !important;padding-bottom: 70px !important;}&#8220; css_mobile=&#8220;.vc_custom_1654605223768{padding-top: 50px !important;padding-bottom: 70px !important;}&#8220;][vc_column][vc_row_inner [&hellip;]\" \/>\n<meta property=\"og:url\" content=\"https:\/\/web-company.com\/de\/\" \/>\n<meta property=\"og:site_name\" content=\"Web-Company\" \/>\n<meta property=\"article:modified_time\" content=\"2024-10-28T14:59:09+00:00\" \/>\n<meta name=\"twitter:card\" content=\"summary_large_image\" \/>\n<meta name=\"twitter:label1\" content=\"Gesch\u00e4tzte Lesezeit\" \/>\n\t<meta name=\"twitter:data1\" content=\"9\u00a0Minuten\" \/>\n<script type=\"application\/ld+json\" class=\"yoast-schema-graph\">{\"@context\":\"https:\/\/schema.org\",\"@graph\":[{\"@type\":\"WebPage\",\"@id\":\"https:\/\/web-company.com\/de\/\",\"url\":\"https:\/\/web-company.com\/de\/\",\"name\":\"Web-Company - Spezialist f\u00fcr Saas, Webshops, Websites und Online-Marketing - Web-Company\",\"isPartOf\":{\"@id\":\"https:\/\/web-company.com\/de\/#website\"},\"datePublished\":\"2022-03-29T16:38:11+00:00\",\"dateModified\":\"2024-10-28T14:59:09+00:00\",\"breadcrumb\":{\"@id\":\"https:\/\/web-company.com\/de\/#breadcrumb\"},\"inLanguage\":\"de\",\"potentialAction\":[{\"@type\":\"ReadAction\",\"target\":[\"https:\/\/web-company.com\/de\/\"]}]},{\"@type\":\"BreadcrumbList\",\"@id\":\"https:\/\/web-company.com\/de\/#breadcrumb\",\"itemListElement\":[{\"@type\":\"ListItem\",\"position\":1,\"name\":\"Home\",\"item\":\"https:\/\/web-company.com\/de\/web-company-spezialist-fuer-saas-webshops-websites-und-online-marketing\/\"},{\"@type\":\"ListItem\",\"position\":2,\"name\":\"Web-Company &#8211; Spezialist f\u00fcr Saas, Webshops, Websites und Online-Marketing\"}]},{\"@type\":\"WebSite\",\"@id\":\"https:\/\/web-company.com\/de\/#website\",\"url\":\"https:\/\/web-company.com\/de\/\",\"name\":\"web-company.com\",\"description\":\"\",\"publisher\":{\"@id\":\"https:\/\/web-company.com\/de\/#organization\"},\"potentialAction\":[{\"@type\":\"SearchAction\",\"target\":{\"@type\":\"EntryPoint\",\"urlTemplate\":\"https:\/\/web-company.com\/de\/?s={search_term_string}\"},\"query-input\":{\"@type\":\"PropertyValueSpecification\",\"valueRequired\":true,\"valueName\":\"search_term_string\"}}],\"inLanguage\":\"de\"},{\"@type\":\"Organization\",\"@id\":\"https:\/\/web-company.com\/de\/#organization\",\"name\":\"web-company.com\",\"url\":\"https:\/\/web-company.com\/de\/\",\"logo\":{\"@type\":\"ImageObject\",\"inLanguage\":\"de\",\"@id\":\"https:\/\/web-company.com\/de\/#\/schema\/logo\/image\/\",\"url\":\"https:\/\/web-company.com\/wp-content\/uploads\/2024\/08\/web-company_transparantPNGsite.png\",\"contentUrl\":\"https:\/\/web-company.com\/wp-content\/uploads\/2024\/08\/web-company_transparantPNGsite.png\",\"width\":198,\"height\":70,\"caption\":\"web-company.com\"},\"image\":{\"@id\":\"https:\/\/web-company.com\/de\/#\/schema\/logo\/image\/\"}}]}<\/script>\n<!-- \/ Yoast SEO Premium plugin. -->","yoast_head_json":{"title":"V2 Pages 13317","robots":{"index":"index","follow":"follow","max-snippet":"max-snippet:-1","max-image-preview":"max-image-preview:large","max-video-preview":"max-video-preview:-1"},"canonical":"https:\/\/web-company.com\/de\/","og_locale":"de_DE","og_type":"article","og_title":"Web-Company - Spezialist f\u00fcr Saas, Webshops, Websites und Online-Marketing","og_description":"[vc_row full_width=&#8220;stretch_row&#8220; content_placement=&#8220;middle&#8220; kd_background_overlay=&#8220;default&#8220; kd_background_image_position=&#8220;vc_row-bg-position-top&#8220; css=&#8220;.vc_custom_1654605223767{padding-top: 230px !important;padding-bottom: 120px !important;}&#8220; css_tablet_portrait=&#8220;.vc_custom_1654605223767{padding-top: 50px !important;padding-bottom: 70px !important;}&#8220; css_mobile=&#8220;.vc_custom_1654605223768{padding-top: 50px !important;padding-bottom: 70px !important;}&#8220;][vc_column][vc_row_inner [&hellip;]","og_url":"https:\/\/web-company.com\/de\/","og_site_name":"Web-Company","article_modified_time":"2024-10-28T14:59:09+00:00","twitter_card":"summary_large_image","twitter_misc":{"Gesch\u00e4tzte Lesezeit":"9\u00a0Minuten"},"schema":{"@context":"https:\/\/schema.org","@graph":[{"@type":"WebPage","@id":"https:\/\/web-company.com\/de\/","url":"https:\/\/web-company.com\/de\/","name":"Web-Company - Spezialist f\u00fcr Saas, Webshops, Websites und Online-Marketing - Web-Company","isPartOf":{"@id":"https:\/\/web-company.com\/de\/#website"},"datePublished":"2022-03-29T16:38:11+00:00","dateModified":"2024-10-28T14:59:09+00:00","breadcrumb":{"@id":"https:\/\/web-company.com\/de\/#breadcrumb"},"inLanguage":"de","potentialAction":[{"@type":"ReadAction","target":["https:\/\/web-company.com\/de\/"]}]},{"@type":"BreadcrumbList","@id":"https:\/\/web-company.com\/de\/#breadcrumb","itemListElement":[{"@type":"ListItem","position":1,"name":"Home","item":"https:\/\/web-company.com\/de\/web-company-spezialist-fuer-saas-webshops-websites-und-online-marketing\/"},{"@type":"ListItem","position":2,"name":"Web-Company &#8211; Spezialist f\u00fcr Saas, Webshops, Websites und Online-Marketing"}]},{"@type":"WebSite","@id":"https:\/\/web-company.com\/de\/#website","url":"https:\/\/web-company.com\/de\/","name":"web-company.com","description":"","publisher":{"@id":"https:\/\/web-company.com\/de\/#organization"},"potentialAction":[{"@type":"SearchAction","target":{"@type":"EntryPoint","urlTemplate":"https:\/\/web-company.com\/de\/?s={search_term_string}"},"query-input":{"@type":"PropertyValueSpecification","valueRequired":true,"valueName":"search_term_string"}}],"inLanguage":"de"},{"@type":"Organization","@id":"https:\/\/web-company.com\/de\/#organization","name":"web-company.com","url":"https:\/\/web-company.com\/de\/","logo":{"@type":"ImageObject","inLanguage":"de","@id":"https:\/\/web-company.com\/de\/#\/schema\/logo\/image\/","url":"https:\/\/web-company.com\/wp-content\/uploads\/2024\/08\/web-company_transparantPNGsite.png","contentUrl":"https:\/\/web-company.com\/wp-content\/uploads\/2024\/08\/web-company_transparantPNGsite.png","width":198,"height":70,"caption":"web-company.com"},"image":{"@id":"https:\/\/web-company.com\/de\/#\/schema\/logo\/image\/"}}]}},"_links":{"self":[{"href":"https:\/\/web-company.com\/de\/wp-json\/wp\/v2\/pages\/13317"}],"collection":[{"href":"https:\/\/web-company.com\/de\/wp-json\/wp\/v2\/pages"}],"about":[{"href":"https:\/\/web-company.com\/de\/wp-json\/wp\/v2\/types\/page"}],"author":[{"embeddable":true,"href":"https:\/\/web-company.com\/de\/wp-json\/wp\/v2\/users\/1"}],"replies":[{"embeddable":true,"href":"https:\/\/web-company.com\/de\/wp-json\/wp\/v2\/comments?post=13317"}],"version-history":[{"count":2,"href":"https:\/\/web-company.com\/de\/wp-json\/wp\/v2\/pages\/13317\/revisions"}],"predecessor-version":[{"id":13320,"href":"https:\/\/web-company.com\/de\/wp-json\/wp\/v2\/pages\/13317\/revisions\/13320"}],"wp:attachment":[{"href":"https:\/\/web-company.com\/de\/wp-json\/wp\/v2\/media?parent=13317"}],"curies":[{"name":"wp","href":"https:\/\/api.w.org\/{rel}","templated":true}]}}