{"id":13400,"date":"2024-09-12T12:40:40","date_gmt":"2024-09-12T12:40:40","guid":{"rendered":"https:\/\/web-company.com\/saas-entwicklung\/"},"modified":"2024-10-28T15:28:28","modified_gmt":"2024-10-28T15:28:28","slug":"saas-entwicklung","status":"publish","type":"page","link":"https:\/\/web-company.com\/de\/saas-entwicklung\/","title":{"rendered":"SaaS-Entwicklung"},"content":{"rendered":"<div class=\"wpb-content-wrapper\"><p>[vc_row full_width=&#8220;stretch_row&#8220; kd_background_overlay=&#8220;default&#8220; kd_background_image_position=&#8220;vc_row-bg-position-top&#8220; css=&#8220;.vc_custom_1725863735890{padding-top: 220px !important;padding-bottom: 380px !important;background: #ffffff url(https:\/\/web-company.com\/wp-content\/uploads\/2024\/09\/Background_colored_lighter_3-scaled.jpg?id=12593) !important;background-position: 0 0 !important;background-repeat: no-repeat !important;}&#8220; css_tablet_landscape=&#8220;.vc_custom_1725863735891{background-position: center !important;background-repeat: no-repeat !important;background-size: cover !important;}&#8220; css_tablet_portrait=&#8220;.vc_custom_1725863735891{padding-top: 100px !important;background-position: center !important;background-repeat: no-repeat !important;background-size: cover !important;}&#8220; css_mobile=&#8220;.vc_custom_1725863735891{padding-top: 100px !important;background-position: center !important;background-repeat: no-repeat !important;background-size: cover !important;}&#8220;][vc_column]<div class=\"kd-text-rotator text-center\" data-speed=\"2000\"><h2 class=\"kd-text-rotator-container slide\" style=\" font-size: 70px; line-height: 80px;\">SaaS oplossing <span class=\"kd-rotator-wrapper\"><span class=\"rotator-single is-visible\">laten ontwikkelen?<\/span><\/span><\/h2><\/div><header class=\"kd-section-title col-lg-12 text-center  vc_custom_1726730347219 kd-animated fadeIn\" data-animation-delay=200><h6 class=\"subtitle\" style=\"color: #00234b;font-size:24px;\"><br \/>\nVon einem MVP bis zu einem skalierbaren SaaS-System: Wir helfen Ihnen bei der Strategie, der Marktvalidierung, dem Aufbau und dem Marketing.<\/h6><\/header>[\/vc_column][\/vc_row][vc_row full_width=&#8220;stretch_row_content&#8220; kd_background_overlay=&#8220;gray-color&#8220; kd_background_image_position=&#8220;vc_row-bg-position-top&#8220; el_class=&#8220;overflow-fix&#8220; css=&#8220;.vc_custom_1647874053425{margin-bottom: -40px !important;}&#8220;][vc_column][vc_single_image image=&#8220;12838&#8243; img_size=&#8220;full&#8220; alignment=&#8220;center&#8220; css_animation=&#8220;bottom-to-top&#8220; css=&#8220;.vc_custom_1726733687344{margin-top: -300px !important;}&#8220;][\/vc_column][\/vc_row][vc_row full_width=&#8220;stretch_row&#8220; kd_background_overlay=&#8220;gray-color&#8220; kd_background_image_position=&#8220;vc_row-bg-position-top&#8220; css=&#8220;.vc_custom_1725697679860{padding-top: 0px !important;padding-bottom: 0px !important;}&#8220; el_class=&#8220;boxed-column&#8220;][vc_column]<div class=\"features-tabs tabs-image-right tabs-white-bg tab-img-fullwidth kd-animated fadeIn\" data-animation-delay=200>\r\n\t\t\t\t<div id=\"tab-69e837b79dde2\">\r\n\t\t\t\t<div class=\"tab-image-container\"><img loading=\"lazy\" decoding=\"async\" width=\"652\" height=\"400\" src=\"https:\/\/web-company.com\/wp-content\/uploads\/2020\/08\/Case_image_652x400_11_APIcenter.jpg\" class=\"attachment-full\" alt=\"\" title=\"Case_image_652x400_11_APIcenter\" srcset=\"https:\/\/web-company.com\/wp-content\/uploads\/2020\/08\/Case_image_652x400_11_APIcenter.jpg 652w, https:\/\/web-company.com\/wp-content\/uploads\/2020\/08\/Case_image_652x400_11_APIcenter-300x184.jpg 300w\" sizes=\"(max-width: 652px) 100vw, 652px\" \/><\/div>\r\n\t\t\t\t<\/div>\r\n\r\n\t\t\t\t<li class=\"tab-control-item \">\r\n\t\t\t\t\t<a href=\"#tab-69e837b79dde2\">\r\n\t\t\t\t\t\t<div class=\"tab-text-container\"><h5 class=\"tab-title\">Ein guter MVP ist die Grundlage<\/h5><p class=\"tab-content\">Wir beginnen mit einem Minimal Viable Product (MVP) f\u00fcr SaaS-Projekte, indem wir die Kernfunktionalit\u00e4ten schnell erstellen, testen und optimieren, um die Marktakzeptanz zu beschleunigen.<\/p><\/div>\r\n\t\t\t\t\t<\/a>\r\n\t\t\t\t<\/li><div id=\"tab-69e837b79e200\">\r\n\t\t\t\t<div class=\"tab-image-container\"><img loading=\"lazy\" decoding=\"async\" width=\"652\" height=\"400\" src=\"https:\/\/web-company.com\/wp-content\/uploads\/2020\/08\/Case_image_652x400_image_2.jpg\" class=\"attachment-full\" alt=\"Braindash case\" title=\"Case_image_652x400_image_2\" srcset=\"https:\/\/web-company.com\/wp-content\/uploads\/2020\/08\/Case_image_652x400_image_2.jpg 652w, https:\/\/web-company.com\/wp-content\/uploads\/2020\/08\/Case_image_652x400_image_2-300x184.jpg 300w\" sizes=\"(max-width: 652px) 100vw, 652px\" \/><\/div>\r\n\t\t\t\t<\/div>\r\n\r\n\t\t\t\t<li class=\"tab-control-item \">\r\n\t\t\t\t\t<a href=\"#tab-69e837b79e200\">\r\n\t\t\t\t\t\t<div class=\"tab-text-container\"><h5 class=\"tab-title\">Skalierbarkeit ist der Schl\u00fcssel<\/h5><p class=\"tab-content\">SaaS-Projekte werden durch den Aufbau einer effizienten Infrastruktur und die Anwendung von Automatisierung vorskalierbar, so dass die Anwendung mit zunehmenden Benutzern und Daten m\u00fchelos wachsen kann.<\/p><\/div>\r\n\t\t\t\t\t<\/a>\r\n\t\t\t\t<\/li><div id=\"tab-69e837b79e601\">\r\n\t\t\t\t<div class=\"tab-image-container\"><img loading=\"lazy\" decoding=\"async\" width=\"652\" height=\"400\" src=\"https:\/\/web-company.com\/wp-content\/uploads\/2020\/08\/SellableSellable.jpg\" class=\"attachment-full\" alt=\"Sellable\" title=\"SellableSellable\" srcset=\"https:\/\/web-company.com\/wp-content\/uploads\/2020\/08\/SellableSellable.jpg 652w, https:\/\/web-company.com\/wp-content\/uploads\/2020\/08\/SellableSellable-300x184.jpg 300w\" sizes=\"(max-width: 652px) 100vw, 652px\" \/><\/div>\r\n\t\t\t\t<\/div>\r\n\r\n\t\t\t\t<li class=\"tab-control-item \">\r\n\t\t\t\t\t<a href=\"#tab-69e837b79e601\">\r\n\t\t\t\t\t\t<div class=\"tab-text-container\"><h5 class=\"tab-title\">SaaS Marketing<\/h5><p class=\"tab-content\">Effektive Marketingstrategien, um SaaS-Projekte auszubauen und Kunden zu erreichen.<\/p><\/div>\r\n\t\t\t\t\t<\/a>\r\n\t\t\t\t<\/li>\r\n\t\t\t\t<ul class=\"tab-controls\"><\/ul>\r\n\t\t\t<\/div>[\/vc_column][\/vc_row][vc_row full_width=&#8220;stretch_row_content&#8220; kd_background_overlay=&#8220;default&#8220; kd_background_image_position=&#8220;vc_row-bg-position-top&#8220; el_class=&#8220;overflow-fix&#8220; css=&#8220;.vc_custom_1725701090010{margin-bottom: 0px !important;padding-bottom: 100px !important;}&#8220; css_tablet_portrait=&#8220;.vc_custom_1725701090010{margin-bottom: 0px !important;}&#8220; css_mobile=&#8220;.vc_custom_1725701090011{margin-bottom: 0px !important;}&#8220;][vc_column css_tablet_portrait=&#8220;.vc_custom_1647265212653{padding-right: 0px !important;padding-left: 0px !important;}&#8220; css_mobile=&#8220;.vc_custom_1647265212653{padding-right: 0px !important;padding-left: 0px !important;}&#8220; css=&#8220;.vc_custom_1647265212652{padding-right: 0px !important;padding-left: 0px !important;}&#8220;][vc_row_inner full_width=&#8220;inner_row_contained&#8220; kd_background_overlay=&#8220;gray-color&#8220; kd_background_image_position=&#8220;vc_row-bg-position-top&#8220; css=&#8220;.vc_custom_1647264952357{margin-right: 45px !important;margin-left: 45px !important;padding-top: 100px !important;padding-bottom: 0px !important;}&#8220; css_tablet_portrait=&#8220;.vc_custom_1647264952357{margin-right: 0px !important;margin-left: 0px !important;padding-bottom: 100px !important;border-radius: 0px !important;}&#8220; css_mobile=&#8220;.vc_custom_1647264952357{margin-right: 0px !important;margin-left: 0px !important;padding-bottom: 100px !important;border-radius: 0px !important;}&#8220; css_tablet_landscape=&#8220;.vc_custom_1647264952357{margin-right: 0px !important;margin-left: 0px !important;padding-bottom: 100px !important;}&#8220;][vc_column_inner width=&#8220;1\/4&#8243; css=&#8220;.vc_custom_1649150270568{padding-top: 190px !important;}&#8220; css_tablet_portrait=&#8220;.vc_custom_1649150270569{padding-top: 150px !important;}&#8220; css_mobile=&#8220;.vc_custom_1649150270569{padding-top: 0px !important;}&#8220; offset=&#8220;vc_col-lg-4 vc_col-md-6 vc_col-xs-12&#8243;]<div class=\"key-icon-box icon-default icon-top cont-center ib-hover-2 with-border icon-with-background  icon-no-border  kd-animated fadeInUp\" style=\"background-color: #ffffff;border: 1px solid #e7e7e7;margin-bottom:30px;\" ><div class=\"ib-wrapper\" style=\"padding-top:45px;padding-bottom:45px;padding-left:35px;padding-right:35px;\"><div class=\"ib-icon-wrapper custom-wrapper-size\" style=\"width:40px;height:40px;margin-bottom:30px;width:40px;\"><i class=\"iconsmind-Note iconsmind-Design\" style=\"font-size: 40px;font-weight: 400;\"><\/i> <\/div><h4 class=\"service-heading\" >Strategie<\/h4><p style=\"font-size: 20px;\">Die Strategie wird in Brainstorming-Sitzungen im Detail besprochen, und danach beginnt das Entwicklungsteam mit der Umsetzung des SaaS-Projekts.<\/p><\/div><\/div>[\/vc_column_inner][vc_column_inner width=&#8220;1\/4&#8243; css=&#8220;.vc_custom_1647264874131{margin-bottom: -100px !important;}&#8220; css_tablet_portrait=&#8220;.vc_custom_1647264874132{margin-bottom: 0px !important;}&#8220; css_mobile=&#8220;.vc_custom_1647264874132{margin-bottom: 0px !important;}&#8220; offset=&#8220;vc_col-lg-4 vc_col-md-6 vc_col-xs-12&#8243;]<div class=\"key-icon-box icon-default icon-top cont-center ib-hover-2 with-border icon-with-background  icon-no-border  kd-animated fadeInDown\" style=\"background-color: #ffffff;border: 1px solid #e7e7e7;margin-bottom:30px;\" data-animation-delay=200><div class=\"ib-wrapper\" style=\"padding-top:45px;padding-bottom:45px;padding-left:35px;padding-right:35px;\"><div class=\"ib-icon-wrapper custom-wrapper-size\" style=\"width:40px;height:40px;margin-bottom:30px;width:40px;\"><i class=\"iconsmind-Auto-Flash iconsmind-Photos-Class\" style=\"font-size: 40px;font-weight: 400;\"><\/i> <\/div><h4 class=\"service-heading\" >Reibungslose Kommunikation<\/h4><p style=\"font-size: 20px;\">Kommunizieren Sie mit Ihren festen Ansprechpartnern bei Web-Company, die erfahrene Projektmanager und SaaS-Spezialisten sind.<\/p><\/div><\/div><div class=\"key-icon-box icon-default icon-top cont-center ib-hover-2 with-border icon-with-background  icon-no-border  kd-animated fadeInUp\" style=\"background-color: #ffffff;border: 1px solid #e7e7e7;margin-bottom:30px;\" data-animation-delay=400><div class=\"ib-wrapper\" style=\"padding-top:45px;padding-bottom:45px;padding-left:35px;padding-right:35px;\"><div class=\"ib-icon-wrapper custom-wrapper-size\" style=\"width:40px;height:40px;margin-bottom:30px;width:40px;\"><i class=\"iconsmind-Administrator iconsmind-People\" style=\"font-size: 40px;font-weight: 400;\"><\/i> <\/div><h4 class=\"service-heading\" >Spezialisiertes Team<\/h4><p style=\"font-size: 20px;\">Unsere erfahrenen SaaS-Entwickler und SaaS-Strategen haben zahlreiche SaaS-Systeme entwickelt.<\/p><\/div><\/div>[\/vc_column_inner][vc_column_inner width=&#8220;1\/2&#8243; css=&#8220;.vc_custom_1647265217445{padding-top: 100px !important;padding-right: 0px !important;padding-left: 35px !important;}&#8220; css_tablet_portrait=&#8220;.vc_custom_1647265217446{padding-top: 50px !important;padding-left: 15px !important;}&#8220; css_mobile=&#8220;.vc_custom_1647265217446{padding-top: 50px !important;padding-left: 15px !important;}&#8220; offset=&#8220;vc_col-lg-4 vc_col-md-12 vc_col-xs-12&#8243; css_tablet_landscape=&#8220;.vc_custom_1647265217446{padding-top: 100px !important;padding-left: 15px !important;}&#8220;]<header class=\"kd-section-title col-lg-12 text-left  vc_custom_1726734919641 kd-animated fadeIn\" data-animation-delay=200><p class=\"st-overline primary-color\" style=\"font-size:14px;\">SPEZIALISIERT AUF SAAS-SYSTEME<\/p><h2 class=\"kd-main-title separator_off\" style=\"margin-bottom:30px;\">Von kleinen bis hochentwickelten SaaS-Systemen<\/h2><h6 class=\"subtitle\" >Web-Company bietet umfassende Unterst\u00fctzung bei der Entwicklung von SaaS-Systemen. Wir beginnen mit einer gr\u00fcndlichen Analyse Ihres Gesch\u00e4ftsbedarfs und entwerfen anschlie\u00dfend eine skalierbare und benutzerfreundliche L\u00f6sung. Unser Team sorgt f\u00fcr die schnelle Entwicklung eines MVP (Minimal Viable Product) mit Kernfunktionalit\u00e4ten, gefolgt von iterativen Verbesserungen auf der Grundlage von Feedback. Durch Cloud-Integration, Sicherheitsoptimierung und Automatisierung sorgen wir f\u00fcr ein robustes System, das m\u00fchelos mit Ihrem Unternehmen wachsen kann. <\/p>\n<p> <\/h6><\/header>[\/vc_column_inner][\/vc_row_inner][\/vc_column][\/vc_row][vc_row full_width=&#8220;stretch_row&#8220; content_placement=&#8220;middle&#8220; kd_background_overlay=&#8220;default&#8220; kd_background_image_position=&#8220;vc_row-bg-position-top&#8220; css=&#8220;.vc_custom_1649766970618{padding-top: 100px !important;padding-bottom: 100px !important;}&#8220; css_tablet_landscape=&#8220;.vc_custom_1649766970619{padding-bottom: 80px !important;}&#8220;][vc_column][vc_row_inner content_placement=&#8220;middle&#8220; kd_background_overlay=&#8220;default&#8220; kd_background_image_position=&#8220;vc_row-bg-position-top&#8220;][vc_column_inner css=&#8220;.vc_custom_1649766993072{padding-left: 0px !important;}&#8220; offset=&#8220;vc_col-lg-offset-0 vc_col-lg-6 vc_col-md-offset-1 vc_col-sm-offset-1&#8243; css_tablet_landscape=&#8220;.vc_custom_1649766993072{margin-bottom: 30px !important;padding-right: 60px !important;padding-left: 0px !important;}&#8220; css_tablet_portrait=&#8220;.vc_custom_1649766993072{margin-bottom: 50px !important;padding-right: 30px !important;padding-left: 30px !important;}&#8220; css_mobile=&#8220;.vc_custom_1649766993072{margin-bottom: 50px !important;padding-right: 15px !important;padding-left: 15px !important;}&#8220;]<header class=\"kd-section-title col-lg-12 text-left  vc_custom_1726735029487 kd-animated fadeIn\" data-animation-delay=200><h2 class=\"kd-main-title separator_off\" >Erfahrener SaaS-Spezialist<\/h2><h6 class=\"subtitle\" >Web-Company liefert ma\u00dfgeschneiderte, skalierbare SaaS-L\u00f6sungen, die Ihren Gesch\u00e4ftsanforderungen entsprechen.<\/h6><\/header><ul class=\"kd-icon-list kd-animated fadeIn\" data-animation-delay=200><li class=\"kd-icon-list-item\"><div class=\"kd-icon-wrapper icon-circle\" ><i class=\"fas fa-check\" style=\"color: #ffffff;\"><\/i><\/div><span class=\"kd-list-text\" >Eingehende Kenntnisse in der SaaS-Entwicklung und -Implementierung<\/span><\/li><li class=\"kd-icon-list-item\"><div class=\"kd-icon-wrapper icon-circle\" ><i class=\"fas fa-check\" style=\"color: #ffffff;\"><\/i><\/div><span class=\"kd-list-text\" >Schnelle Bereitstellung eines MVP zur sofortigen Marktvalidierung<\/span><\/li><li class=\"kd-icon-list-item\"><div class=\"kd-icon-wrapper icon-circle\" ><i class=\"fas fa-check\" style=\"color: #ffffff;\"><\/i><\/div><span class=\"kd-list-text\" >Skalierbare L\u00f6sungen, die mit Ihrem Unternehmen wachsen<\/span><\/li><li class=\"kd-icon-list-item\"><div class=\"kd-icon-wrapper icon-circle\" ><i class=\"fas fa-check\" style=\"color: #ffffff;\"><\/i><\/div><span class=\"kd-list-text\" >Umfassende Cloud-Integration und Sicherheitsma\u00dfnahmen<\/span><\/li><li class=\"kd-icon-list-item\"><div class=\"kd-icon-wrapper icon-circle\" ><i class=\"fas fa-check\" style=\"color: #ffffff;\"><\/i><\/div><span class=\"kd-list-text\" >Flexible und zukunftssichere Architektur<\/span><\/li><li class=\"kd-icon-list-item\"><div class=\"kd-icon-wrapper icon-circle\" ><i class=\"fas fa-check\" style=\"color: #ffffff;\"><\/i><\/div><span class=\"kd-list-text\" >Exzellenter Kundenservice und laufende Unterst\u00fctzung<\/span><\/li><\/ul>[\/vc_column_inner][vc_column_inner offset=&#8220;vc_col-lg-6&#8243; css=&#8220;.vc_custom_1649766944257{padding-right: 0px !important;padding-left: 0px !important;}&#8220; css_mobile=&#8220;.vc_custom_1649766944258{padding-right: 20px !important;}&#8220;][vc_single_image image=&#8220;12339&#8243; img_size=&#8220;full&#8220; alignment=&#8220;right&#8220; css_animation=&#8220;fadeIn&#8220; css=&#8220;&#8220;][\/vc_column_inner][\/vc_row_inner][\/vc_column][\/vc_row][vc_row full_width=&#8220;stretch_row&#8220; kd_background_overlay=&#8220;default&#8220; kd_background_image_position=&#8220;vc_row-bg-position-top&#8220;][vc_column][vc_row_inner kd_background_overlay=&#8220;default&#8220; kd_background_image_position=&#8220;vc_row-bg-position-top&#8220; css=&#8220;.vc_custom_1649681343958{padding-top: 130px !important;padding-bottom: 130px !important;}&#8220;][vc_column_inner width=&#8220;1\/6&#8243;][\/vc_column_inner][vc_column_inner width=&#8220;2\/3&#8243;][vc_empty_space height=&#8220;15px&#8220;]<div class=\"kd-text-rotator text-center\" data-speed=\"3000\"><h1 class=\"kd-text-rotator-container zoom\" style=\"\">Meer informatie over het bouwen van een SaaS systeem? <\/span><\/h1><\/div>[vc_empty_space height=&#8220;25px&#8220;]<a href=\"https:\/\/web-company.com\/contact\/\" target=\"_self\"   class=\"tt_button tt_primary_button btn_gradient_color reverse_gradient button-center button-action-link   kd-animated zoomIn\" data-text=\"Kontakt aufnehmen\" data-animation-delay=200><span class=\"prim_text\">Kontakt aufnehmen<\/span><\/a>[\/vc_column_inner][vc_column_inner width=&#8220;1\/6&#8243;][\/vc_column_inner][\/vc_row_inner][\/vc_column][\/vc_row]<\/p>\n<\/div>","protected":false},"excerpt":{"rendered":"<p>[vc_row full_width=&#8220;stretch_row&#8220; kd_background_overlay=&#8220;default&#8220; kd_background_image_position=&#8220;vc_row-bg-position-top&#8220; css=&#8220;.vc_custom_1725863735890{padding-top: 220px !important;padding-bottom: 380px !important;background: #ffffff url(https:\/\/web-company.com\/wp-content\/uploads\/2024\/09\/Background_colored_lighter_3-scaled.jpg?id=12593) !important;background-position: 0 0 !important;background-repeat: no-repeat !important;}&#8220; css_tablet_landscape=&#8220;.vc_custom_1725863735891{background-position: center !important;background-repeat: [&hellip;]<\/p>\n","protected":false},"author":1,"featured_media":0,"parent":0,"menu_order":0,"comment_status":"closed","ping_status":"closed","template":"","meta":{"footnotes":""},"class_list":["post-13400","page","type-page","status-publish","hentry"],"acf":[],"yoast_head":"<!-- This site is optimized with the Yoast SEO Premium plugin v23.4 (Yoast SEO v23.4) - https:\/\/yoast.com\/wordpress\/plugins\/seo\/ -->\n<title>V2 Pages 13400<\/title>\n<meta name=\"robots\" content=\"index, follow, max-snippet:-1, max-image-preview:large, max-video-preview:-1\" \/>\n<link rel=\"canonical\" href=\"https:\/\/web-company.com\/de\/saas-entwicklung\/\" \/>\n<meta property=\"og:locale\" content=\"de_DE\" \/>\n<meta property=\"og:type\" content=\"article\" \/>\n<meta property=\"og:title\" content=\"SaaS-Entwicklung\" \/>\n<meta property=\"og:description\" content=\"[vc_row full_width=&#8220;stretch_row&#8220; kd_background_overlay=&#8220;default&#8220; kd_background_image_position=&#8220;vc_row-bg-position-top&#8220; css=&#8220;.vc_custom_1725863735890{padding-top: 220px !important;padding-bottom: 380px !important;background: #ffffff url(https:\/\/web-company.com\/wp-content\/uploads\/2024\/09\/Background_colored_lighter_3-scaled.jpg?id=12593) !important;background-position: 0 0 !important;background-repeat: no-repeat !important;}&#8220; css_tablet_landscape=&#8220;.vc_custom_1725863735891{background-position: center !important;background-repeat: [&hellip;]\" \/>\n<meta property=\"og:url\" content=\"https:\/\/web-company.com\/de\/saas-entwicklung\/\" \/>\n<meta property=\"og:site_name\" content=\"Web-Company\" \/>\n<meta property=\"article:modified_time\" content=\"2024-10-28T15:28:28+00:00\" \/>\n<meta name=\"twitter:card\" content=\"summary_large_image\" \/>\n<meta name=\"twitter:label1\" content=\"Gesch\u00e4tzte Lesezeit\" \/>\n\t<meta name=\"twitter:data1\" content=\"10\u00a0Minuten\" \/>\n<script type=\"application\/ld+json\" class=\"yoast-schema-graph\">{\"@context\":\"https:\/\/schema.org\",\"@graph\":[{\"@type\":\"WebPage\",\"@id\":\"https:\/\/web-company.com\/de\/saas-entwicklung\/\",\"url\":\"https:\/\/web-company.com\/de\/saas-entwicklung\/\",\"name\":\"SaaS-Spezialist: Vom MVP zum skalierbaren SaaS-System\",\"isPartOf\":{\"@id\":\"https:\/\/web-company.com\/de\/#website\"},\"datePublished\":\"2024-09-12T12:40:40+00:00\",\"dateModified\":\"2024-10-28T15:28:28+00:00\",\"breadcrumb\":{\"@id\":\"https:\/\/web-company.com\/de\/saas-entwicklung\/#breadcrumb\"},\"inLanguage\":\"de\",\"potentialAction\":[{\"@type\":\"ReadAction\",\"target\":[\"https:\/\/web-company.com\/de\/saas-entwicklung\/\"]}]},{\"@type\":\"BreadcrumbList\",\"@id\":\"https:\/\/web-company.com\/de\/saas-entwicklung\/#breadcrumb\",\"itemListElement\":[{\"@type\":\"ListItem\",\"position\":1,\"name\":\"Home\",\"item\":\"https:\/\/web-company.com\/de\/web-company-spezialist-fuer-saas-webshops-websites-und-online-marketing\/\"},{\"@type\":\"ListItem\",\"position\":2,\"name\":\"SaaS-Entwicklung\"}]},{\"@type\":\"WebSite\",\"@id\":\"https:\/\/web-company.com\/de\/#website\",\"url\":\"https:\/\/web-company.com\/de\/\",\"name\":\"web-company.com\",\"description\":\"\",\"publisher\":{\"@id\":\"https:\/\/web-company.com\/de\/#organization\"},\"potentialAction\":[{\"@type\":\"SearchAction\",\"target\":{\"@type\":\"EntryPoint\",\"urlTemplate\":\"https:\/\/web-company.com\/de\/?s={search_term_string}\"},\"query-input\":{\"@type\":\"PropertyValueSpecification\",\"valueRequired\":true,\"valueName\":\"search_term_string\"}}],\"inLanguage\":\"de\"},{\"@type\":\"Organization\",\"@id\":\"https:\/\/web-company.com\/de\/#organization\",\"name\":\"web-company.com\",\"url\":\"https:\/\/web-company.com\/de\/\",\"logo\":{\"@type\":\"ImageObject\",\"inLanguage\":\"de\",\"@id\":\"https:\/\/web-company.com\/de\/#\/schema\/logo\/image\/\",\"url\":\"https:\/\/web-company.com\/wp-content\/uploads\/2024\/08\/web-company_transparantPNGsite.png\",\"contentUrl\":\"https:\/\/web-company.com\/wp-content\/uploads\/2024\/08\/web-company_transparantPNGsite.png\",\"width\":198,\"height\":70,\"caption\":\"web-company.com\"},\"image\":{\"@id\":\"https:\/\/web-company.com\/de\/#\/schema\/logo\/image\/\"}}]}<\/script>\n<!-- \/ Yoast SEO Premium plugin. -->","yoast_head_json":{"title":"V2 Pages 13400","robots":{"index":"index","follow":"follow","max-snippet":"max-snippet:-1","max-image-preview":"max-image-preview:large","max-video-preview":"max-video-preview:-1"},"canonical":"https:\/\/web-company.com\/de\/saas-entwicklung\/","og_locale":"de_DE","og_type":"article","og_title":"SaaS-Entwicklung","og_description":"[vc_row full_width=&#8220;stretch_row&#8220; kd_background_overlay=&#8220;default&#8220; kd_background_image_position=&#8220;vc_row-bg-position-top&#8220; css=&#8220;.vc_custom_1725863735890{padding-top: 220px !important;padding-bottom: 380px !important;background: #ffffff url(https:\/\/web-company.com\/wp-content\/uploads\/2024\/09\/Background_colored_lighter_3-scaled.jpg?id=12593) !important;background-position: 0 0 !important;background-repeat: no-repeat !important;}&#8220; css_tablet_landscape=&#8220;.vc_custom_1725863735891{background-position: center !important;background-repeat: [&hellip;]","og_url":"https:\/\/web-company.com\/de\/saas-entwicklung\/","og_site_name":"Web-Company","article_modified_time":"2024-10-28T15:28:28+00:00","twitter_card":"summary_large_image","twitter_misc":{"Gesch\u00e4tzte Lesezeit":"10\u00a0Minuten"},"schema":{"@context":"https:\/\/schema.org","@graph":[{"@type":"WebPage","@id":"https:\/\/web-company.com\/de\/saas-entwicklung\/","url":"https:\/\/web-company.com\/de\/saas-entwicklung\/","name":"SaaS-Spezialist: Vom MVP zum skalierbaren SaaS-System","isPartOf":{"@id":"https:\/\/web-company.com\/de\/#website"},"datePublished":"2024-09-12T12:40:40+00:00","dateModified":"2024-10-28T15:28:28+00:00","breadcrumb":{"@id":"https:\/\/web-company.com\/de\/saas-entwicklung\/#breadcrumb"},"inLanguage":"de","potentialAction":[{"@type":"ReadAction","target":["https:\/\/web-company.com\/de\/saas-entwicklung\/"]}]},{"@type":"BreadcrumbList","@id":"https:\/\/web-company.com\/de\/saas-entwicklung\/#breadcrumb","itemListElement":[{"@type":"ListItem","position":1,"name":"Home","item":"https:\/\/web-company.com\/de\/web-company-spezialist-fuer-saas-webshops-websites-und-online-marketing\/"},{"@type":"ListItem","position":2,"name":"SaaS-Entwicklung"}]},{"@type":"WebSite","@id":"https:\/\/web-company.com\/de\/#website","url":"https:\/\/web-company.com\/de\/","name":"web-company.com","description":"","publisher":{"@id":"https:\/\/web-company.com\/de\/#organization"},"potentialAction":[{"@type":"SearchAction","target":{"@type":"EntryPoint","urlTemplate":"https:\/\/web-company.com\/de\/?s={search_term_string}"},"query-input":{"@type":"PropertyValueSpecification","valueRequired":true,"valueName":"search_term_string"}}],"inLanguage":"de"},{"@type":"Organization","@id":"https:\/\/web-company.com\/de\/#organization","name":"web-company.com","url":"https:\/\/web-company.com\/de\/","logo":{"@type":"ImageObject","inLanguage":"de","@id":"https:\/\/web-company.com\/de\/#\/schema\/logo\/image\/","url":"https:\/\/web-company.com\/wp-content\/uploads\/2024\/08\/web-company_transparantPNGsite.png","contentUrl":"https:\/\/web-company.com\/wp-content\/uploads\/2024\/08\/web-company_transparantPNGsite.png","width":198,"height":70,"caption":"web-company.com"},"image":{"@id":"https:\/\/web-company.com\/de\/#\/schema\/logo\/image\/"}}]}},"_links":{"self":[{"href":"https:\/\/web-company.com\/de\/wp-json\/wp\/v2\/pages\/13400"}],"collection":[{"href":"https:\/\/web-company.com\/de\/wp-json\/wp\/v2\/pages"}],"about":[{"href":"https:\/\/web-company.com\/de\/wp-json\/wp\/v2\/types\/page"}],"author":[{"embeddable":true,"href":"https:\/\/web-company.com\/de\/wp-json\/wp\/v2\/users\/1"}],"replies":[{"embeddable":true,"href":"https:\/\/web-company.com\/de\/wp-json\/wp\/v2\/comments?post=13400"}],"version-history":[{"count":4,"href":"https:\/\/web-company.com\/de\/wp-json\/wp\/v2\/pages\/13400\/revisions"}],"predecessor-version":[{"id":13412,"href":"https:\/\/web-company.com\/de\/wp-json\/wp\/v2\/pages\/13400\/revisions\/13412"}],"wp:attachment":[{"href":"https:\/\/web-company.com\/de\/wp-json\/wp\/v2\/media?parent=13400"}],"curies":[{"name":"wp","href":"https:\/\/api.w.org\/{rel}","templated":true}]}}