{"id":13429,"date":"2024-09-04T11:00:38","date_gmt":"2024-09-04T11:00:38","guid":{"rendered":"https:\/\/web-company.com\/beratung-im-bereich-e-commerce\/"},"modified":"2024-10-28T15:31:28","modified_gmt":"2024-10-28T15:31:28","slug":"beratung-im-bereich-e-commerce","status":"publish","type":"page","link":"https:\/\/web-company.com\/de\/beratung-im-bereich-e-commerce\/","title":{"rendered":"Beratung im Bereich E-Commerce"},"content":{"rendered":"<div class=\"wpb-content-wrapper\"><p>[vc_row full_width=&#8220;stretch_row&#8220; kd_background_overlay=&#8220;default&#8220; kd_background_image_position=&#8220;vc_row-bg-position-top&#8220; css=&#8220;.vc_custom_1725696295315{padding-top: 280px !important;padding-bottom: 260px !important;background-image: url(https:\/\/web-company.com\/wp-content\/uploads\/2024\/09\/consultancy.webp?id=12480) !important;background-position: center !important;background-repeat: no-repeat !important;background-size: cover !important;}&#8220; css_tablet_portrait=&#8220;.vc_custom_1725696295316{padding-top: 150px !important;padding-bottom: 150px !important;background-image: url(https:\/\/web-company.com\/wp-content\/uploads\/2024\/09\/consultancy.webp?id=12480) !important;}&#8220; css_mobile=&#8220;.vc_custom_1725696295316{padding-top: 120px !important;padding-bottom: 120px !important;background-image: url(https:\/\/web-company.com\/wp-content\/uploads\/2024\/09\/consultancy.webp?id=12480) !important;}&#8220; css_tablet_landscape=&#8220;.vc_custom_1725696295315{padding-bottom: 200px !important;background-image: url(https:\/\/web-company.com\/wp-content\/uploads\/2024\/09\/consultancy.webp?id=12480) !important;}&#8220;][vc_column css=&#8220;.vc_custom_1516115464846{padding-left: 0px !important;}&#8220;][vc_row_inner kd_background_overlay=&#8220;default&#8220; kd_background_image_position=&#8220;vc_row-bg-position-top&#8220;][vc_column_inner width=&#8220;2\/3&#8243;]<header class=\"kd-section-title col-lg-12 text-left  vc_custom_1725451118192 kd-animated fadeIn\" data-animation-delay=200><p class=\"st-overline custom-color\" style=\"color:#ffffff;font-size:14px;margin-bottom:15px;\">ANALYSE UND VERBESSERUNG DER E-COMMERCE-AKTIVIT\u00c4TEN<\/p><h1 class=\"kd-main-title separator_off\" style=\"color: #ffffff;font-size: 70px;line-height: 80px;margin-bottom:30px;\">Beratung im Bereich E-Commerce<\/h1><h6 class=\"subtitle\" style=\"color: #e7e7e7;font-size:23px;\">Die Bedeutung einer intelligenten E-Commerce-Bedarfsanalyse f\u00fcr die Optimierung von Online-Verkaufsstrategien.<\/h6><\/header>[\/vc_column_inner][vc_column_inner width=&#8220;1\/3&#8243; css=&#8220;.vc_custom_1597748338184{padding-top: 70px !important;}&#8220;][\/vc_column_inner][\/vc_row_inner][\/vc_column][\/vc_row][vc_row full_width=&#8220;stretch_row&#8220; kd_background_overlay=&#8220;gray-color&#8220; kd_background_image_position=&#8220;vc_row-bg-position-top&#8220; css=&#8220;.vc_custom_1649150718079{padding-top: 100px !important;padding-bottom: 70px !important;}&#8220;][vc_column css=&#8220;.vc_custom_1597665991208{padding-right: 0px !important;padding-left: 0px !important;}&#8220;][vc_row_inner kd_background_overlay=&#8220;default&#8220; kd_background_image_position=&#8220;vc_row-bg-position-top&#8220;][vc_column_inner width=&#8220;1\/3&#8243; css=&#8220;.vc_custom_1647263839888{padding-top: 230px !important;padding-right: 30px !important;}&#8220; css_tablet_portrait=&#8220;.vc_custom_1647263839889{margin-bottom: 50px !important;padding-top: 0px !important;padding-right: 50px !important;}&#8220; css_mobile=&#8220;.vc_custom_1647263839889{margin-bottom: 50px !important;padding-top: 0px !important;padding-right: 15px !important;}&#8220; offset=&#8220;vc_col-lg-4 vc_col-md-12&#8243; css_tablet_landscape=&#8220;.vc_custom_1647263839889{padding-top: 0px !important;}&#8220;]<header class=\"kd-section-title col-lg-12 text-left  vc_custom_1725520929981 kd-animated fadeIn\" data-animation-delay=200><p class=\"st-overline gradient-color\" style=\"font-size:14px;\">E-COMMERCE-BERATUNG<\/p><h2 class=\"kd-main-title separator_off\" style=\"margin-bottom:30px;\">Von der Strategie zur Entwicklung und Optimierung<\/h2><h6 class=\"subtitle\" >Das Einrichten und Optimieren einer erfolgreichen E-Commerce-Website ist eine Menge Arbeit. Wir k\u00f6nnen Ihnen dabei helfen, indem wir Ihnen fachkundige Beratung und Anleitung bieten. <\/h6><\/header>[\/vc_column_inner][vc_column_inner width=&#8220;1\/3&#8243; offset=&#8220;vc_col-lg-4 vc_col-md-6&#8243; css_tablet_portrait=&#8220;.vc_custom_1647263923831{padding-top: 0px !important;}&#8220; css_mobile=&#8220;.vc_custom_1647263923831{padding-top: 0px !important;}&#8220;]<div class=\"key-icon-box icon-default icon-top cont-center ib-hover-3 icon-with-background  icon-no-border icon-box-gradient kd-animated fadeInDown\" style=\"background-color: #ffffff;margin-bottom:30px;\" data-animation-delay=200><div class=\"ib-wrapper\" style=\"padding-top:45px;padding-bottom:45px;padding-left:35px;padding-right:35px;\"><div class=\"ib-icon-wrapper custom-wrapper-size\" style=\"width:40px;height:40px;margin-bottom:30px;width:40px;\"><i class=\"iconsmind-Receipt-4 iconsmind-Shopping-E-commerce\" style=\"font-size: 40px;font-weight: 700;\"><\/i> <\/div><h4 class=\"service-heading\" >Strategie<\/h4><p style=\"font-size: 20px;\">Wir helfen Ihnen bei der Auswahl der besten E-Commerce-Plattform und erstellen einen umfassenden Projektplan.<\/p><\/div><\/div><div class=\"key-icon-box icon-default icon-top cont-center ib-hover-3 icon-with-background  icon-no-border icon-box-gradient kd-animated fadeInUp\" style=\"background-color: #ffffff;margin-bottom:30px;\" data-animation-delay=200><div class=\"ib-wrapper\" style=\"padding-top:45px;padding-bottom:45px;padding-left:35px;padding-right:35px;\"><div class=\"ib-icon-wrapper custom-wrapper-size\" style=\"width:40px;height:40px;margin-bottom:30px;width:40px;\"><i class=\"iconsmind-This-SideUp iconsmind-Shopping-E-commerce\" style=\"font-size: 40px;font-weight: 700;\"><\/i> <\/div><h4 class=\"service-heading\" >Automatisierung<\/h4><p style=\"font-size: 20px;\">Intelligente Optimierungen und Automatisierung sind wichtig, um den E-Commerce-Verkauf skalierbar zu machen.<\/p><\/div><\/div>[\/vc_column_inner][vc_column_inner width=&#8220;1\/3&#8243; offset=&#8220;vc_col-lg-4 vc_col-md-6&#8243; css=&#8220;.vc_custom_1649150485313{padding-top: 100px !important;}&#8220; css_tablet_portrait=&#8220;.vc_custom_1649150485314{padding-top: 0px !important;}&#8220; css_mobile=&#8220;.vc_custom_1649150485314{padding-top: 0px !important;}&#8220;]<div class=\"key-icon-box icon-default icon-top cont-center ib-hover-3 icon-with-background  icon-no-border icon-box-gradient kd-animated fadeInDown\" style=\"background-color: #ffffff;margin-bottom:30px;\" data-animation-delay=400><div class=\"ib-wrapper\" style=\"padding-top:45px;padding-bottom:45px;padding-left:35px;padding-right:35px;\"><div class=\"ib-icon-wrapper custom-wrapper-size\" style=\"width:40px;height:40px;margin-bottom:30px;width:40px;\"><i class=\"iconsmind-Shop-4 iconsmind-Shopping-E-commerce\" style=\"font-size: 40px;font-weight: 700;\"><\/i> <\/div><h4 class=\"service-heading\" >Entwicklung<\/h4><p style=\"font-size: 20px;\">Der Aufbau des Webshops wird von einem Projektmanager \u00fcberwacht und von unseren Entwicklern erstellt.<\/p><\/div><\/div><div class=\"key-icon-box icon-default icon-top cont-center ib-hover-3 icon-with-background  icon-no-border icon-box-gradient kd-animated fadeInUp\" style=\"background-color: #ffffff;margin-bottom:30px;\" data-animation-delay=400><div class=\"ib-wrapper\" style=\"padding-top:45px;padding-bottom:45px;padding-left:35px;padding-right:35px;\"><div class=\"ib-icon-wrapper custom-wrapper-size\" style=\"width:40px;height:40px;margin-bottom:30px;width:40px;\"><i class=\"iconsmind-Optimization iconsmind-Seo-Icons\" style=\"font-size: 40px;font-weight: 700;\"><\/i> <\/div><h4 class=\"service-heading\" >Optimierung<\/h4><p style=\"font-size: 20px;\">Nach der Inbetriebnahme \u00fcberwachen wir den Webshop im Hinblick auf die Sicherheit und helfen bei der Umsetzung eines optimalen Online-Marketings.<\/p><\/div><\/div>[\/vc_column_inner][\/vc_row_inner][\/vc_column][\/vc_row][vc_row kd_background_overlay=&#8220;default&#8220; kd_background_image_position=&#8220;vc_row-bg-position-top&#8220;][vc_column][vc_empty_space height=&#8220;62px&#8220;]<header class=\"kd-section-title col-lg-12 text-center\" ><h2 class=\"kd-main-title separator_off\" >Was geh\u00f6rt zum Aufbau eines erfolgreichen Webshops?<\/h2><h6 class=\"subtitle\" >Das Einrichten und Optimieren einer erfolgreichen E-Commerce-Website ist eine Menge Arbeit. Wir k\u00f6nnen Ihnen dabei helfen, indem wir Ihnen fachkundige Beratung und Anleitung bieten. Aber was genau sind die wichtigsten Bestandteile einer E-Commerce-Beratung?  <\/h6><\/header>[\/vc_column][\/vc_row][vc_row kd_background_overlay=&#8220;default&#8220; kd_background_image_position=&#8220;vc_row-bg-position-top&#8220;][vc_column][vc_column_text css=&#8220;&#8220;]<strong>1.<\/strong><br \/>\nA<strong>uswahl des Pakets<\/strong> Es gibt mehrere Faktoren, die bestimmen, welches E-Commerce-Paket f\u00fcr Ihr Unternehmen am besten geeignet ist. Wenn Sie ein B2B-Unternehmen haben, m\u00fcssen Sie andere Entscheidungen treffen, als wenn Sie nur B2C-Produkte liefern. Oder nutzen Sie mehrere Standorte (Multi-Sites) oder mehrere Lager? Solche Fragen werden er\u00f6rtert. Daraus ergibt sich dann eine Empfehlung, welches E-Commerce-Paket am besten zu Ihnen passt.    <\/p>\n<p class=\"vc_custom_heading vc_do_custom_heading wpb_animate_when_almost_visible wpb_fadeIn fadeIn vc_custom_1725522817051 wpb_start_animation animated\"><strong>2.<\/strong><br \/>\nS<strong>trategieentwicklung<\/strong> Eine der Grundlagen f\u00fcr eine erfolgreiche E-Commerce-Website ist eine starke Strategie. Wir k\u00f6nnen Ihnen helfen, eine klare Strategie zu entwickeln, die zu den Zielen und der Zielgruppe des Unternehmens passt. Dazu geh\u00f6rt die Betrachtung der Positionierung, des Umsatzmodells und der Marketingstrategie.  <\/p>\n<p><strong>3.<\/strong><br \/>\nT<strong>echnische Analyse<\/strong> Eine gut funktionierende Website ist entscheidend f\u00fcr ein angenehmes Benutzererlebnis und gute Ergebnisse. Wir f\u00fchren technische Analysen durch, um zu pr\u00fcfen, ob die Website den Anforderungen in Bereichen wie Geschwindigkeit, Sicherheit und Benutzerfreundlichkeit entspricht. Auf der Grundlage der Analyse werden Empfehlungen f\u00fcr m\u00f6gliche Verbesserungen ausgesprochen.<strong>4.<\/strong><br \/>\nC <strong>onversion-Optimierung<\/strong> Das ultimative Ziel einer E-Commerce-Website ist es nat\u00fcrlich, Conversions zu generieren, z. B. K\u00e4ufe oder Anmeldungen. Wir k\u00f6nnen Ihnen helfen, die Website zu optimieren, um die Konversionsrate zu erh\u00f6hen. Dies kann zum Beispiel durch die Verbesserung der Navigation, das Hinzuf\u00fcgen von Call-to-Action-Schaltfl\u00e4chen oder die Optimierung von Produktseiten geschehen.<strong>5.<\/strong><br \/>\nO <strong>nline-Marketing<\/strong> Neben einer gut funktionierenden Website ist es auch wichtig, Besucher auf die Website zu locken. Wir sind auf Online-Marketing spezialisiert und k\u00f6nnen Ihnen dabei helfen, effektive Marketingkampagnen zu erstellen. Dies kann z.B. durch Suchmaschinenoptimierung, Online-Werbung oder Social Media Marketing geschehen.<strong>6.<\/strong><br \/>\nD <strong>atenanalyse<\/strong> Ein weiterer wichtiger Teil der E-Commerce-Beratung ist die Datenanalyse. Durch die Analyse von Daten wie Website-Besuche, Konversionen und Kundenverhalten k\u00f6nnen wertvolle Erkenntnisse gewonnen werden. Auf der Grundlage dieser Erkenntnisse k\u00f6nnen dann Entscheidungen zur Verbesserung der Website-Leistung getroffen werden.[\/vc_column_text][\/vc_column][\/vc_row][vc_row full_width=&#8220;stretch_row&#8220; kd_background_overlay=&#8220;default&#8220; kd_background_image_position=&#8220;vc_row-bg-position-top&#8220; css=&#8220;.vc_custom_1649178633564{padding-top: 120px !important;padding-bottom: 110px !important;}&#8220;][vc_column]<header class=\"kd-section-title col-lg-12 text-center  vc_custom_1725521787854 kd-animated fadeIn\" data-animation-delay=200><p class=\"st-overline inherit-color\" style=\"font-size:14px;\">WIR ARBEITEN UNTER ANDEREM MIT DEN FOLGENDEN E-COMMERCE-SYSTEMEN<\/p><\/header><div id=\"fm-69e929fa22966\" class=\"slider clients carousel-module color-swap-effect swap-primary-color gray-navigation svg-color\" style=\"fill: #36506e;\"><div class=\"clients-content kd-animated fadeInUp\" ><img loading=\"lazy\" decoding=\"async\" width=\"480\" height=\"148\" src=\"https:\/\/web-company.com\/wp-content\/uploads\/2024\/09\/Scherm\u00adafbeelding-2024-09-05-om-09.37.44.png\" class=\"attachment-full\" alt=\"\" title=\"Scherm\u00adafbeelding 2024-09-05 om 09.37.44\" srcset=\"https:\/\/web-company.com\/wp-content\/uploads\/2024\/09\/Scherm\u00adafbeelding-2024-09-05-om-09.37.44.png 480w, https:\/\/web-company.com\/wp-content\/uploads\/2024\/09\/Scherm\u00adafbeelding-2024-09-05-om-09.37.44-300x93.png 300w\" sizes=\"(max-width: 480px) 100vw, 480px\" \/><\/div><div class=\"clients-content kd-animated fadeInUp\" data-animation-delay=200><img loading=\"lazy\" decoding=\"async\" width=\"644\" height=\"162\" src=\"https:\/\/web-company.com\/wp-content\/uploads\/2024\/09\/Scherm\u00adafbeelding-2024-09-05-om-09.38.11.png\" class=\"attachment-full\" alt=\"\" title=\"Scherm\u00adafbeelding 2024-09-05 om 09.38.11\" srcset=\"https:\/\/web-company.com\/wp-content\/uploads\/2024\/09\/Scherm\u00adafbeelding-2024-09-05-om-09.38.11.png 644w, https:\/\/web-company.com\/wp-content\/uploads\/2024\/09\/Scherm\u00adafbeelding-2024-09-05-om-09.38.11-300x75.png 300w\" sizes=\"(max-width: 644px) 100vw, 644px\" \/><\/div><div class=\"clients-content kd-animated fadeInUp\" data-animation-delay=400><img loading=\"lazy\" decoding=\"async\" width=\"682\" height=\"178\" src=\"https:\/\/web-company.com\/wp-content\/uploads\/2024\/09\/Scherm\u00adafbeelding-2024-09-05-om-09.38.14.png\" class=\"attachment-full\" alt=\"\" title=\"Scherm\u00adafbeelding 2024-09-05 om 09.38.14\" srcset=\"https:\/\/web-company.com\/wp-content\/uploads\/2024\/09\/Scherm\u00adafbeelding-2024-09-05-om-09.38.14.png 682w, https:\/\/web-company.com\/wp-content\/uploads\/2024\/09\/Scherm\u00adafbeelding-2024-09-05-om-09.38.14-300x78.png 300w\" sizes=\"(max-width: 682px) 100vw, 682px\" \/><\/div><div class=\"clients-content kd-animated fadeInUp\" data-animation-delay=600><img loading=\"lazy\" decoding=\"async\" width=\"656\" height=\"216\" src=\"https:\/\/web-company.com\/wp-content\/uploads\/2024\/09\/Scherm\u00adafbeelding-2024-09-05-om-09.37.58.png\" class=\"attachment-full\" alt=\"\" title=\"Scherm\u00adafbeelding 2024-09-05 om 09.37.58\" srcset=\"https:\/\/web-company.com\/wp-content\/uploads\/2024\/09\/Scherm\u00adafbeelding-2024-09-05-om-09.37.58.png 656w, https:\/\/web-company.com\/wp-content\/uploads\/2024\/09\/Scherm\u00adafbeelding-2024-09-05-om-09.37.58-300x99.png 300w\" sizes=\"(max-width: 656px) 100vw, 656px\" \/><\/div><\/div><script>\r\n              jQuery(document).ready(function($){\r\n                if ($(\"#fm-69e929fa22966.slider.clients\").length) {\r\n                  $(\"#fm-69e929fa22966.slider.clients\").owlCarousel({\r\n                    stageClass: \"owl-wrapper\",\r\n                    stageOuterClass: \"owl-wrapper-outer\",\r\n                    loadedClass: \"owl-carousel\",\r\n                    responsiveClass:true,\r\n                    responsive:{\r\n                      0:{\r\n                        items:2,\r\n                        nav: true,\r\n                        navSpeed: 200,\r\n                        dots: false,\r\n                      },\r\n                      415:{\r\n                        items:3,\r\n                        nav: true,\r\n                        navSpeed: 200,\r\n                        dots: false,\r\n                      },\r\n                      960:{\r\n                          items:4,nav: true,\r\n                              navSpeed: 200,\r\n                              dots: false,}\r\n                    },loop: true,\r\n                  });\r\n                }\r\n              });\r\n            <\/script>[\/vc_column][\/vc_row][vc_row full_width=&#8220;stretch_row&#8220; content_placement=&#8220;middle&#8220; kd_background_overlay=&#8220;default&#8220; kd_background_image_position=&#8220;vc_row-bg-position-top&#8220; css=&#8220;.vc_custom_1725696207362{padding-top: 46px !important;padding-bottom: 46px !important;background-image: url(https:\/\/web-company.com\/wp-content\/uploads\/2024\/09\/cta2.webp?id=12478) !important;background-position: center !important;background-repeat: no-repeat !important;background-size: cover !important;}&#8220; css_tablet_portrait=&#8220;.vc_custom_1725696207362{margin-bottom: 50px !important;background-image: url(https:\/\/web-company.com\/wp-content\/uploads\/2024\/09\/cta2.webp?id=12478) !important;background-position: center !important;background-repeat: no-repeat !important;background-size: cover !important;}&#8220; css_mobile=&#8220;.vc_custom_1725696207363{margin-bottom: 50px !important;background-image: url(https:\/\/web-company.com\/wp-content\/uploads\/2024\/09\/cta2.webp?id=12478) !important;background-position: center !important;background-repeat: no-repeat !important;background-size: cover !important;}&#8220; css_tablet_landscape=&#8220;.vc_custom_1725696207362{background-image: url(https:\/\/web-company.com\/wp-content\/uploads\/2024\/09\/cta2.webp?id=12478) !important;}&#8220;][vc_column]<div class=\"kd-calltoaction\" >\n                <div class=\"container\">\n                  <div class=\"cta-text-container kd-animated fadeIn\" data-animation-delay=\"200\"><div class=\"cta-text\"><h2 style=\"color: #FFFFFF;\">Wie k\u00f6nnen wir Ihnen bei Ihrer E-Commerce-Herausforderung helfen?<\/h2><\/div>\n                    <\/div>\n                    <div class=\"cta-btncontainer\"><a href=\"\/contact\" target=\"_self\" class=\"tt_button btn_secondary_color tt_primary_button hover_solid_white button-action-link  kd-animated zoomIn\" data-text=\"Kontakt aufnehmen\" data-animation-delay=\"200\"><span class=\"prim_text\">Kontakt aufnehmen<\/span><\/a><\/div>\n                <\/div>\n            <\/div>[\/vc_column][\/vc_row]<\/p>\n<\/div>","protected":false},"excerpt":{"rendered":"<p>[vc_row full_width=&#8220;stretch_row&#8220; kd_background_overlay=&#8220;default&#8220; kd_background_image_position=&#8220;vc_row-bg-position-top&#8220; css=&#8220;.vc_custom_1725696295315{padding-top: 280px !important;padding-bottom: 260px !important;background-image: url(https:\/\/web-company.com\/wp-content\/uploads\/2024\/09\/consultancy.webp?id=12480) !important;background-position: center !important;background-repeat: no-repeat !important;background-size: cover !important;}&#8220; css_tablet_portrait=&#8220;.vc_custom_1725696295316{padding-top: 150px !important;padding-bottom: [&hellip;]<\/p>\n","protected":false},"author":1,"featured_media":0,"parent":0,"menu_order":0,"comment_status":"closed","ping_status":"closed","template":"","meta":{"footnotes":""},"class_list":["post-13429","page","type-page","status-publish","hentry"],"acf":[],"yoast_head":"<!-- This site is optimized with the Yoast SEO Premium plugin v23.4 (Yoast SEO v23.4) - https:\/\/yoast.com\/wordpress\/plugins\/seo\/ -->\n<title>V2 Pages 13429<\/title>\n<meta name=\"robots\" content=\"index, follow, max-snippet:-1, max-image-preview:large, max-video-preview:-1\" \/>\n<link rel=\"canonical\" href=\"https:\/\/web-company.com\/de\/beratung-im-bereich-e-commerce\/\" \/>\n<meta property=\"og:locale\" content=\"de_DE\" \/>\n<meta property=\"og:type\" content=\"article\" \/>\n<meta property=\"og:title\" content=\"Beratung im Bereich E-Commerce\" \/>\n<meta property=\"og:description\" content=\"[vc_row full_width=&#8220;stretch_row&#8220; kd_background_overlay=&#8220;default&#8220; kd_background_image_position=&#8220;vc_row-bg-position-top&#8220; css=&#8220;.vc_custom_1725696295315{padding-top: 280px !important;padding-bottom: 260px !important;background-image: url(https:\/\/web-company.com\/wp-content\/uploads\/2024\/09\/consultancy.webp?id=12480) !important;background-position: center !important;background-repeat: no-repeat !important;background-size: cover !important;}&#8220; css_tablet_portrait=&#8220;.vc_custom_1725696295316{padding-top: 150px !important;padding-bottom: [&hellip;]\" \/>\n<meta property=\"og:url\" content=\"https:\/\/web-company.com\/de\/beratung-im-bereich-e-commerce\/\" \/>\n<meta property=\"og:site_name\" content=\"Web-Company\" \/>\n<meta property=\"article:modified_time\" content=\"2024-10-28T15:31:28+00:00\" \/>\n<meta name=\"twitter:card\" content=\"summary_large_image\" \/>\n<meta name=\"twitter:label1\" content=\"Gesch\u00e4tzte Lesezeit\" \/>\n\t<meta name=\"twitter:data1\" content=\"10\u00a0Minuten\" \/>\n<script type=\"application\/ld+json\" class=\"yoast-schema-graph\">{\"@context\":\"https:\/\/schema.org\",\"@graph\":[{\"@type\":\"WebPage\",\"@id\":\"https:\/\/web-company.com\/de\/beratung-im-bereich-e-commerce\/\",\"url\":\"https:\/\/web-company.com\/de\/beratung-im-bereich-e-commerce\/\",\"name\":\"Beratung im Bereich E-Commerce - Web-Company\",\"isPartOf\":{\"@id\":\"https:\/\/web-company.com\/de\/#website\"},\"datePublished\":\"2024-09-04T11:00:38+00:00\",\"dateModified\":\"2024-10-28T15:31:28+00:00\",\"breadcrumb\":{\"@id\":\"https:\/\/web-company.com\/de\/beratung-im-bereich-e-commerce\/#breadcrumb\"},\"inLanguage\":\"de\",\"potentialAction\":[{\"@type\":\"ReadAction\",\"target\":[\"https:\/\/web-company.com\/de\/beratung-im-bereich-e-commerce\/\"]}]},{\"@type\":\"BreadcrumbList\",\"@id\":\"https:\/\/web-company.com\/de\/beratung-im-bereich-e-commerce\/#breadcrumb\",\"itemListElement\":[{\"@type\":\"ListItem\",\"position\":1,\"name\":\"Home\",\"item\":\"https:\/\/web-company.com\/de\/web-company-spezialist-fuer-saas-webshops-websites-und-online-marketing\/\"},{\"@type\":\"ListItem\",\"position\":2,\"name\":\"Beratung im Bereich E-Commerce\"}]},{\"@type\":\"WebSite\",\"@id\":\"https:\/\/web-company.com\/de\/#website\",\"url\":\"https:\/\/web-company.com\/de\/\",\"name\":\"web-company.com\",\"description\":\"\",\"publisher\":{\"@id\":\"https:\/\/web-company.com\/de\/#organization\"},\"potentialAction\":[{\"@type\":\"SearchAction\",\"target\":{\"@type\":\"EntryPoint\",\"urlTemplate\":\"https:\/\/web-company.com\/de\/?s={search_term_string}\"},\"query-input\":{\"@type\":\"PropertyValueSpecification\",\"valueRequired\":true,\"valueName\":\"search_term_string\"}}],\"inLanguage\":\"de\"},{\"@type\":\"Organization\",\"@id\":\"https:\/\/web-company.com\/de\/#organization\",\"name\":\"web-company.com\",\"url\":\"https:\/\/web-company.com\/de\/\",\"logo\":{\"@type\":\"ImageObject\",\"inLanguage\":\"de\",\"@id\":\"https:\/\/web-company.com\/de\/#\/schema\/logo\/image\/\",\"url\":\"https:\/\/web-company.com\/wp-content\/uploads\/2024\/08\/web-company_transparantPNGsite.png\",\"contentUrl\":\"https:\/\/web-company.com\/wp-content\/uploads\/2024\/08\/web-company_transparantPNGsite.png\",\"width\":198,\"height\":70,\"caption\":\"web-company.com\"},\"image\":{\"@id\":\"https:\/\/web-company.com\/de\/#\/schema\/logo\/image\/\"}}]}<\/script>\n<!-- \/ Yoast SEO Premium plugin. -->","yoast_head_json":{"title":"V2 Pages 13429","robots":{"index":"index","follow":"follow","max-snippet":"max-snippet:-1","max-image-preview":"max-image-preview:large","max-video-preview":"max-video-preview:-1"},"canonical":"https:\/\/web-company.com\/de\/beratung-im-bereich-e-commerce\/","og_locale":"de_DE","og_type":"article","og_title":"Beratung im Bereich E-Commerce","og_description":"[vc_row full_width=&#8220;stretch_row&#8220; kd_background_overlay=&#8220;default&#8220; kd_background_image_position=&#8220;vc_row-bg-position-top&#8220; css=&#8220;.vc_custom_1725696295315{padding-top: 280px !important;padding-bottom: 260px !important;background-image: url(https:\/\/web-company.com\/wp-content\/uploads\/2024\/09\/consultancy.webp?id=12480) !important;background-position: center !important;background-repeat: no-repeat !important;background-size: cover !important;}&#8220; css_tablet_portrait=&#8220;.vc_custom_1725696295316{padding-top: 150px !important;padding-bottom: [&hellip;]","og_url":"https:\/\/web-company.com\/de\/beratung-im-bereich-e-commerce\/","og_site_name":"Web-Company","article_modified_time":"2024-10-28T15:31:28+00:00","twitter_card":"summary_large_image","twitter_misc":{"Gesch\u00e4tzte Lesezeit":"10\u00a0Minuten"},"schema":{"@context":"https:\/\/schema.org","@graph":[{"@type":"WebPage","@id":"https:\/\/web-company.com\/de\/beratung-im-bereich-e-commerce\/","url":"https:\/\/web-company.com\/de\/beratung-im-bereich-e-commerce\/","name":"Beratung im Bereich E-Commerce - Web-Company","isPartOf":{"@id":"https:\/\/web-company.com\/de\/#website"},"datePublished":"2024-09-04T11:00:38+00:00","dateModified":"2024-10-28T15:31:28+00:00","breadcrumb":{"@id":"https:\/\/web-company.com\/de\/beratung-im-bereich-e-commerce\/#breadcrumb"},"inLanguage":"de","potentialAction":[{"@type":"ReadAction","target":["https:\/\/web-company.com\/de\/beratung-im-bereich-e-commerce\/"]}]},{"@type":"BreadcrumbList","@id":"https:\/\/web-company.com\/de\/beratung-im-bereich-e-commerce\/#breadcrumb","itemListElement":[{"@type":"ListItem","position":1,"name":"Home","item":"https:\/\/web-company.com\/de\/web-company-spezialist-fuer-saas-webshops-websites-und-online-marketing\/"},{"@type":"ListItem","position":2,"name":"Beratung im Bereich E-Commerce"}]},{"@type":"WebSite","@id":"https:\/\/web-company.com\/de\/#website","url":"https:\/\/web-company.com\/de\/","name":"web-company.com","description":"","publisher":{"@id":"https:\/\/web-company.com\/de\/#organization"},"potentialAction":[{"@type":"SearchAction","target":{"@type":"EntryPoint","urlTemplate":"https:\/\/web-company.com\/de\/?s={search_term_string}"},"query-input":{"@type":"PropertyValueSpecification","valueRequired":true,"valueName":"search_term_string"}}],"inLanguage":"de"},{"@type":"Organization","@id":"https:\/\/web-company.com\/de\/#organization","name":"web-company.com","url":"https:\/\/web-company.com\/de\/","logo":{"@type":"ImageObject","inLanguage":"de","@id":"https:\/\/web-company.com\/de\/#\/schema\/logo\/image\/","url":"https:\/\/web-company.com\/wp-content\/uploads\/2024\/08\/web-company_transparantPNGsite.png","contentUrl":"https:\/\/web-company.com\/wp-content\/uploads\/2024\/08\/web-company_transparantPNGsite.png","width":198,"height":70,"caption":"web-company.com"},"image":{"@id":"https:\/\/web-company.com\/de\/#\/schema\/logo\/image\/"}}]}},"_links":{"self":[{"href":"https:\/\/web-company.com\/de\/wp-json\/wp\/v2\/pages\/13429"}],"collection":[{"href":"https:\/\/web-company.com\/de\/wp-json\/wp\/v2\/pages"}],"about":[{"href":"https:\/\/web-company.com\/de\/wp-json\/wp\/v2\/types\/page"}],"author":[{"embeddable":true,"href":"https:\/\/web-company.com\/de\/wp-json\/wp\/v2\/users\/1"}],"replies":[{"embeddable":true,"href":"https:\/\/web-company.com\/de\/wp-json\/wp\/v2\/comments?post=13429"}],"version-history":[{"count":4,"href":"https:\/\/web-company.com\/de\/wp-json\/wp\/v2\/pages\/13429\/revisions"}],"predecessor-version":[{"id":13449,"href":"https:\/\/web-company.com\/de\/wp-json\/wp\/v2\/pages\/13429\/revisions\/13449"}],"wp:attachment":[{"href":"https:\/\/web-company.com\/de\/wp-json\/wp\/v2\/media?parent=13429"}],"curies":[{"name":"wp","href":"https:\/\/api.w.org\/{rel}","templated":true}]}}