{"id":13491,"date":"2018-10-22T13:45:49","date_gmt":"2018-10-22T13:45:49","guid":{"rendered":"https:\/\/web-company.com\/ueber-uns\/"},"modified":"2024-10-28T15:35:19","modified_gmt":"2024-10-28T15:35:19","slug":"ueber-uns","status":"publish","type":"page","link":"https:\/\/web-company.com\/de\/ueber-uns\/","title":{"rendered":"\u00dcber uns"},"content":{"rendered":"<div class=\"wpb-content-wrapper\"><p>[vc_row full_width=&#8220;stretch_row_content&#8220; kd_background_overlay=&#8220;default&#8220; kd_background_image_position=&#8220;vc_row-bg-position-center&#8220; css=&#8220;.vc_custom_1649946057504{background-position: center !important;background-repeat: no-repeat !important;background-size: cover !important;}&#8220;][vc_column][vc_row_inner full_width=&#8220;inner_row_contained&#8220; content_placement=&#8220;middle&#8220; kd_background_overlay=&#8220;gray-color&#8220; kd_background_image_position=&#8220;vc_row-bg-position-top&#8220; css=&#8220;.vc_custom_1649946501128{margin-right: 60px !important;margin-left: 60px !important;padding-top: 145px !important;padding-bottom: 50px !important;}&#8220; css_tablet_landscape=&#8220;.vc_custom_1649946501128{margin-right: 0px !important;margin-left: 0px !important;}&#8220; css_tablet_portrait=&#8220;.vc_custom_1649946501128{margin-right: 0px !important;margin-left: 0px !important;}&#8220; css_mobile=&#8220;.vc_custom_1649946501128{margin-right: 0px !important;margin-left: 0px !important;}&#8220;][vc_column_inner css=&#8220;.vc_custom_1647616348233{padding-top: 30px !important;padding-right: 45px !important;padding-left: 0px !important;}&#8220; offset=&#8220;vc_col-lg-offset-0 vc_col-lg-6 vc_col-md-offset-0 vc_col-sm-offset-0&#8243; css_tablet_landscape=&#8220;.vc_custom_1647616348234{padding-right: 0px !important;}&#8220; css_tablet_portrait=&#8220;.vc_custom_1647616348234{padding-right: 15px !important;padding-left: 15px !important;}&#8220; css_mobile=&#8220;.vc_custom_1647616348234{padding-right: 15px !important;padding-left: 15px !important;}&#8220;]<header class=\"kd-section-title col-lg-12 text-left  vc_custom_1725440759660 kd-animated fadeIn\" data-animation-delay=200><p class=\"st-overline inherit-color overline-line\" style=\"font-size:14px;margin-bottom:20px;\">UNSERE GESCHICHTE<\/p><h2 class=\"kd-main-title separator_off\" style=\"margin-bottom:25px;\">Team von engagierten Fachleuten<\/h2><h6 class=\"subtitle\" >Web-Company ist eine f\u00fchrende Webagentur mit Sitz in Gorinchem, die sich auf die Gestaltung und Entwicklung professioneller Online-L\u00f6sungen f\u00fcr Unternehmen jeder Gr\u00f6\u00dfe spezialisiert hat. Mit einem Team aus talentierten Designern, Entwicklern und Vermarktern bem\u00fchen wir uns, die Online-Pr\u00e4senz unserer Kunden zu st\u00e4rken und ihre Ziele zu erreichen. <\/h6><\/header>[\/vc_column_inner][vc_column_inner width=&#8220;2\/3&#8243; css=&#8220;.vc_custom_1649252028094{padding-right: 35px !important;padding-left: 100px !important;}&#8220; offset=&#8220;vc_col-lg-6&#8243; css_tablet_landscape=&#8220;.vc_custom_1649252028095{padding-top: 80px !important;padding-right: 15px !important;padding-left: 15px !important;}&#8220; css_tablet_portrait=&#8220;.vc_custom_1649252028095{padding-top: 80px !important;padding-right: 15px !important;padding-left: 15px !important;}&#8220; css_mobile=&#8220;.vc_custom_1649252028095{padding-top: 50px !important;padding-right: 15px !important;padding-left: 15px !important;}&#8220;][vc_empty_space height=&#8220;42px&#8220;][vc_single_image image=&#8220;12339&#8243; img_size=&#8220;full&#8220; alignment=&#8220;center&#8220; style=&#8220;vc_box_outline_circle&#8220; css=&#8220;&#8220;][\/vc_column_inner][\/vc_row_inner][vc_row_inner full_width=&#8220;inner_row_contained&#8220; kd_background_overlay=&#8220;gray-color&#8220; kd_background_image_position=&#8220;vc_row-bg-position-top&#8220; css=&#8220;.vc_custom_1649251890160{margin-right: 60px !important;margin-left: 60px !important;padding-bottom: 70px !important;}&#8220; css_tablet_landscape=&#8220;.vc_custom_1649251890161{margin-right: 0px !important;margin-left: 0px !important;}&#8220; css_tablet_portrait=&#8220;.vc_custom_1649251890161{margin-right: 0px !important;margin-left: 0px !important;}&#8220; css_mobile=&#8220;.vc_custom_1649251890161{margin-right: 0px !important;margin-left: 0px !important;}&#8220;][vc_column_inner width=&#8220;1\/4&#8243; css=&#8220;.vc_custom_1647525632140{padding-right: 0px !important;padding-left: 0px !important;}&#8220;]<div class=\"cb-container content-left kd-animated fadeInUp\" ><div class=\"cb-wrapper\" style=\";\"><div class=\"cb-img-area\"><i class=\"fas fa-project-diagram\" style=\" \"><\/i> <\/div><div class=\"cb-text-area\">\n                            <h4 class=\"cb-heading\" >&gt;  2.500 Projekte<\/h4><p >Mehr als 2.500 Projekte, vom Webshop bis zum KI-Projekt, wurden bereits von Web-Company abgeschlossen.<\/p><\/div><\/div><\/div>[\/vc_column_inner][vc_column_inner width=&#8220;1\/4&#8243; css=&#8220;.vc_custom_1647525636206{padding-right: 0px !important;padding-left: 0px !important;}&#8220;]<div class=\"cb-container content-left kd-animated fadeInUp\" data-animation-delay=200><div class=\"cb-wrapper\" style=\";\"><div class=\"cb-img-area\"><i class=\"iconsmind-Starfish iconsmind-Animals\" style=\" \"><\/i> <\/div><div class=\"cb-text-area\">\n                            <h4 class=\"cb-heading\" >&gt;25 Jahre Erfahrung<\/h4><p >Seit 1998 im Bereich E-Business und Marketing t\u00e4tig. Insgesamt mehr als 25 Jahre Erfahrung! <\/p><\/div><\/div><\/div>[\/vc_column_inner][vc_column_inner width=&#8220;1\/4&#8243; css=&#8220;.vc_custom_1647525646354{padding-right: 0px !important;padding-left: 0px !important;}&#8220;]<div class=\"cb-container content-left kd-animated fadeInUp\" data-animation-delay=400><div class=\"cb-wrapper\" style=\";\"><div class=\"cb-img-area\"><i class=\"iconsmind-Clock-Forward iconsmind-Time\" style=\" \"><\/i> <\/div><div class=\"cb-text-area\">\n                            <h4 class=\"cb-heading\" >Schnelle Lieferung<\/h4><p >Aufgrund unserer Organisation k\u00f6nnen wir schnell und innerhalb der vereinbarten Frist liefern.<\/p><\/div><\/div><\/div>[\/vc_column_inner][vc_column_inner width=&#8220;1\/4&#8243; css=&#8220;.vc_custom_1647525652040{padding-right: 0px !important;padding-left: 0px !important;}&#8220;]<div class=\"cb-container content-left kd-animated fadeInUp\" data-animation-delay=600><div class=\"cb-wrapper\" style=\";\"><div class=\"cb-img-area\"><i class=\"far fa-file-code\" style=\" \"><\/i> <\/div><div class=\"cb-text-area\">\n                            <h4 class=\"cb-heading\" >&gt;  40 Entwickler<\/h4><p >Wir arbeiten international mit einem Team in den Niederlanden, aber auch mit unserem eigenen Team im Ausland.<\/p><\/div><\/div><\/div>[\/vc_column_inner][\/vc_row_inner][\/vc_column][\/vc_row][vc_row full_width=&#8220;stretch_row&#8220; content_placement=&#8220;middle&#8220; kd_background_overlay=&#8220;default&#8220; kd_background_image_position=&#8220;vc_row-bg-position-top&#8220; css=&#8220;.vc_custom_1606487821993{padding-top: 46px !important;padding-bottom: 46px !important;background-position: center !important;background-repeat: no-repeat !important;background-size: cover !important;}&#8220;][vc_column]<div class=\"kd-calltoaction\" >\n                <div class=\"container\">\n                  <div class=\"cta-text-container kd-animated fadeIn\" data-animation-delay=\"200\"><div class=\"cta-text\"><h2 >Eine Bekanntschaft machen?<\/h2><p >Kontaktieren Sie uns f\u00fcr einen unverbindlichen Termin!<\/p><\/div>\n                    <\/div>\n                    <div class=\"cta-btncontainer\"><a href=\"\/contact\" target=\"_self\" class=\"tt_button btn_gradient_color tt_primary_button reverse_gradient button-action-link  kd-animated zoomIn\" data-text=\"Kontakt aufnehmen\" data-animation-delay=\"200\"><span class=\"prim_text\">Kontakt aufnehmen<\/span><\/a><\/div>\n                <\/div>\n            <\/div>[\/vc_column][\/vc_row]<\/p>\n<\/div>","protected":false},"excerpt":{"rendered":"<p>[vc_row full_width=&#8220;stretch_row_content&#8220; kd_background_overlay=&#8220;default&#8220; kd_background_image_position=&#8220;vc_row-bg-position-center&#8220; css=&#8220;.vc_custom_1649946057504{background-position: center !important;background-repeat: no-repeat !important;background-size: cover !important;}&#8220;][vc_column][vc_row_inner full_width=&#8220;inner_row_contained&#8220; content_placement=&#8220;middle&#8220; kd_background_overlay=&#8220;gray-color&#8220; kd_background_image_position=&#8220;vc_row-bg-position-top&#8220; css=&#8220;.vc_custom_1649946501128{margin-right: 60px !important;margin-left: 60px !important;padding-top: [&hellip;]<\/p>\n","protected":false},"author":1,"featured_media":0,"parent":0,"menu_order":0,"comment_status":"closed","ping_status":"closed","template":"","meta":{"footnotes":""},"class_list":["post-13491","page","type-page","status-publish","hentry"],"acf":[],"yoast_head":"<!-- This site is optimized with the Yoast SEO Premium plugin v23.4 (Yoast SEO v23.4) - https:\/\/yoast.com\/wordpress\/plugins\/seo\/ -->\n<title>V2 Pages 13491<\/title>\n<meta name=\"robots\" content=\"index, follow, max-snippet:-1, max-image-preview:large, max-video-preview:-1\" \/>\n<link rel=\"canonical\" href=\"https:\/\/web-company.com\/de\/ueber-uns\/\" \/>\n<meta property=\"og:locale\" content=\"de_DE\" \/>\n<meta property=\"og:type\" content=\"article\" \/>\n<meta property=\"og:title\" content=\"\u00dcber uns\" \/>\n<meta property=\"og:description\" content=\"[vc_row full_width=&#8220;stretch_row_content&#8220; kd_background_overlay=&#8220;default&#8220; kd_background_image_position=&#8220;vc_row-bg-position-center&#8220; css=&#8220;.vc_custom_1649946057504{background-position: center !important;background-repeat: no-repeat !important;background-size: cover !important;}&#8220;][vc_column][vc_row_inner full_width=&#8220;inner_row_contained&#8220; content_placement=&#8220;middle&#8220; kd_background_overlay=&#8220;gray-color&#8220; kd_background_image_position=&#8220;vc_row-bg-position-top&#8220; css=&#8220;.vc_custom_1649946501128{margin-right: 60px !important;margin-left: 60px !important;padding-top: [&hellip;]\" \/>\n<meta property=\"og:url\" content=\"https:\/\/web-company.com\/de\/ueber-uns\/\" \/>\n<meta property=\"og:site_name\" content=\"Web-Company\" \/>\n<meta property=\"article:modified_time\" content=\"2024-10-28T15:35:19+00:00\" \/>\n<meta name=\"twitter:card\" content=\"summary_large_image\" \/>\n<meta name=\"twitter:label1\" content=\"Gesch\u00e4tzte Lesezeit\" \/>\n\t<meta name=\"twitter:data1\" content=\"4\u00a0Minuten\" \/>\n<script type=\"application\/ld+json\" class=\"yoast-schema-graph\">{\"@context\":\"https:\/\/schema.org\",\"@graph\":[{\"@type\":\"WebPage\",\"@id\":\"https:\/\/web-company.com\/de\/ueber-uns\/\",\"url\":\"https:\/\/web-company.com\/de\/ueber-uns\/\",\"name\":\"\u00dcber uns - Web-Company\",\"isPartOf\":{\"@id\":\"https:\/\/web-company.com\/de\/#website\"},\"datePublished\":\"2018-10-22T13:45:49+00:00\",\"dateModified\":\"2024-10-28T15:35:19+00:00\",\"breadcrumb\":{\"@id\":\"https:\/\/web-company.com\/de\/ueber-uns\/#breadcrumb\"},\"inLanguage\":\"de\",\"potentialAction\":[{\"@type\":\"ReadAction\",\"target\":[\"https:\/\/web-company.com\/de\/ueber-uns\/\"]}]},{\"@type\":\"BreadcrumbList\",\"@id\":\"https:\/\/web-company.com\/de\/ueber-uns\/#breadcrumb\",\"itemListElement\":[{\"@type\":\"ListItem\",\"position\":1,\"name\":\"Home\",\"item\":\"https:\/\/web-company.com\/de\/web-company-spezialist-fuer-saas-webshops-websites-und-online-marketing\/\"},{\"@type\":\"ListItem\",\"position\":2,\"name\":\"\u00dcber uns\"}]},{\"@type\":\"WebSite\",\"@id\":\"https:\/\/web-company.com\/de\/#website\",\"url\":\"https:\/\/web-company.com\/de\/\",\"name\":\"web-company.com\",\"description\":\"\",\"publisher\":{\"@id\":\"https:\/\/web-company.com\/de\/#organization\"},\"potentialAction\":[{\"@type\":\"SearchAction\",\"target\":{\"@type\":\"EntryPoint\",\"urlTemplate\":\"https:\/\/web-company.com\/de\/?s={search_term_string}\"},\"query-input\":{\"@type\":\"PropertyValueSpecification\",\"valueRequired\":true,\"valueName\":\"search_term_string\"}}],\"inLanguage\":\"de\"},{\"@type\":\"Organization\",\"@id\":\"https:\/\/web-company.com\/de\/#organization\",\"name\":\"web-company.com\",\"url\":\"https:\/\/web-company.com\/de\/\",\"logo\":{\"@type\":\"ImageObject\",\"inLanguage\":\"de\",\"@id\":\"https:\/\/web-company.com\/de\/#\/schema\/logo\/image\/\",\"url\":\"https:\/\/web-company.com\/wp-content\/uploads\/2024\/08\/web-company_transparantPNGsite.png\",\"contentUrl\":\"https:\/\/web-company.com\/wp-content\/uploads\/2024\/08\/web-company_transparantPNGsite.png\",\"width\":198,\"height\":70,\"caption\":\"web-company.com\"},\"image\":{\"@id\":\"https:\/\/web-company.com\/de\/#\/schema\/logo\/image\/\"}}]}<\/script>\n<!-- \/ Yoast SEO Premium plugin. -->","yoast_head_json":{"title":"V2 Pages 13491","robots":{"index":"index","follow":"follow","max-snippet":"max-snippet:-1","max-image-preview":"max-image-preview:large","max-video-preview":"max-video-preview:-1"},"canonical":"https:\/\/web-company.com\/de\/ueber-uns\/","og_locale":"de_DE","og_type":"article","og_title":"\u00dcber uns","og_description":"[vc_row full_width=&#8220;stretch_row_content&#8220; kd_background_overlay=&#8220;default&#8220; kd_background_image_position=&#8220;vc_row-bg-position-center&#8220; css=&#8220;.vc_custom_1649946057504{background-position: center !important;background-repeat: no-repeat !important;background-size: cover !important;}&#8220;][vc_column][vc_row_inner full_width=&#8220;inner_row_contained&#8220; content_placement=&#8220;middle&#8220; kd_background_overlay=&#8220;gray-color&#8220; kd_background_image_position=&#8220;vc_row-bg-position-top&#8220; css=&#8220;.vc_custom_1649946501128{margin-right: 60px !important;margin-left: 60px !important;padding-top: [&hellip;]","og_url":"https:\/\/web-company.com\/de\/ueber-uns\/","og_site_name":"Web-Company","article_modified_time":"2024-10-28T15:35:19+00:00","twitter_card":"summary_large_image","twitter_misc":{"Gesch\u00e4tzte Lesezeit":"4\u00a0Minuten"},"schema":{"@context":"https:\/\/schema.org","@graph":[{"@type":"WebPage","@id":"https:\/\/web-company.com\/de\/ueber-uns\/","url":"https:\/\/web-company.com\/de\/ueber-uns\/","name":"\u00dcber uns - Web-Company","isPartOf":{"@id":"https:\/\/web-company.com\/de\/#website"},"datePublished":"2018-10-22T13:45:49+00:00","dateModified":"2024-10-28T15:35:19+00:00","breadcrumb":{"@id":"https:\/\/web-company.com\/de\/ueber-uns\/#breadcrumb"},"inLanguage":"de","potentialAction":[{"@type":"ReadAction","target":["https:\/\/web-company.com\/de\/ueber-uns\/"]}]},{"@type":"BreadcrumbList","@id":"https:\/\/web-company.com\/de\/ueber-uns\/#breadcrumb","itemListElement":[{"@type":"ListItem","position":1,"name":"Home","item":"https:\/\/web-company.com\/de\/web-company-spezialist-fuer-saas-webshops-websites-und-online-marketing\/"},{"@type":"ListItem","position":2,"name":"\u00dcber uns"}]},{"@type":"WebSite","@id":"https:\/\/web-company.com\/de\/#website","url":"https:\/\/web-company.com\/de\/","name":"web-company.com","description":"","publisher":{"@id":"https:\/\/web-company.com\/de\/#organization"},"potentialAction":[{"@type":"SearchAction","target":{"@type":"EntryPoint","urlTemplate":"https:\/\/web-company.com\/de\/?s={search_term_string}"},"query-input":{"@type":"PropertyValueSpecification","valueRequired":true,"valueName":"search_term_string"}}],"inLanguage":"de"},{"@type":"Organization","@id":"https:\/\/web-company.com\/de\/#organization","name":"web-company.com","url":"https:\/\/web-company.com\/de\/","logo":{"@type":"ImageObject","inLanguage":"de","@id":"https:\/\/web-company.com\/de\/#\/schema\/logo\/image\/","url":"https:\/\/web-company.com\/wp-content\/uploads\/2024\/08\/web-company_transparantPNGsite.png","contentUrl":"https:\/\/web-company.com\/wp-content\/uploads\/2024\/08\/web-company_transparantPNGsite.png","width":198,"height":70,"caption":"web-company.com"},"image":{"@id":"https:\/\/web-company.com\/de\/#\/schema\/logo\/image\/"}}]}},"_links":{"self":[{"href":"https:\/\/web-company.com\/de\/wp-json\/wp\/v2\/pages\/13491"}],"collection":[{"href":"https:\/\/web-company.com\/de\/wp-json\/wp\/v2\/pages"}],"about":[{"href":"https:\/\/web-company.com\/de\/wp-json\/wp\/v2\/types\/page"}],"author":[{"embeddable":true,"href":"https:\/\/web-company.com\/de\/wp-json\/wp\/v2\/users\/1"}],"replies":[{"embeddable":true,"href":"https:\/\/web-company.com\/de\/wp-json\/wp\/v2\/comments?post=13491"}],"version-history":[{"count":8,"href":"https:\/\/web-company.com\/de\/wp-json\/wp\/v2\/pages\/13491\/revisions"}],"predecessor-version":[{"id":13530,"href":"https:\/\/web-company.com\/de\/wp-json\/wp\/v2\/pages\/13491\/revisions\/13530"}],"wp:attachment":[{"href":"https:\/\/web-company.com\/de\/wp-json\/wp\/v2\/media?parent=13491"}],"curies":[{"name":"wp","href":"https:\/\/api.w.org\/{rel}","templated":true}]}}