{"id":13645,"date":"2018-10-22T13:48:34","date_gmt":"2018-10-22T13:48:34","guid":{"rendered":"https:\/\/web-company.com\/kontakt\/"},"modified":"2024-10-28T15:39:15","modified_gmt":"2024-10-28T15:39:15","slug":"kontakt","status":"publish","type":"page","link":"https:\/\/web-company.com\/de\/kontakt\/","title":{"rendered":"Kontakt"},"content":{"rendered":"<div class=\"wpb-content-wrapper\"><p>[vc_row full_width=&#8220;stretch_row&#8220; content_placement=&#8220;middle&#8220; kd_background_overlay=&#8220;default&#8220; kd_background_image_position=&#8220;vc_row-bg-position-top&#8220; css=&#8220;.vc_custom_1649250041163{padding-top: 120px !important;padding-bottom: 60px !important;background-position: center !important;background-repeat: no-repeat !important;background-size: cover !important;}&#8220; css_mobile=&#8220;.vc_custom_1649250041164{padding-top: 100px !important;}&#8220; css_tablet_portrait=&#8220;.vc_custom_1649250041164{padding-top: 50px !important;}&#8220; css_tablet_landscape=&#8220;.vc_custom_1649250041164{padding-top: 160px !important;}&#8220;][vc_column][vc_row_inner kd_background_overlay=&#8220;default&#8220; kd_background_image_position=&#8220;vc_row-bg-position-top&#8220;][vc_column_inner width=&#8220;5\/12&#8243; css=&#8220;.vc_custom_1649249808333{margin-left: 0px !important;padding-top: 120px !important;padding-right: 0px !important;padding-left: 0px !important;}&#8220; css_mobile=&#8220;.vc_custom_1649249808333{padding-top: 0px !important;}&#8220; offset=&#8220;vc_col-lg-5&#8243; css_tablet_portrait=&#8220;.vc_custom_1649249808333{padding-top: 100px !important;}&#8220; css_tablet_landscape=&#8220;.vc_custom_1649249808333{padding-top: 50px !important;}&#8220;]<header class=\"kd-section-title col-lg-12 text-left  vc_custom_1725709195565 kd-animated fadeIn\" data-animation-delay=200><h1 class=\"kd-main-title separator_off\" style=\"font-size: 70px;line-height: 80px;\">Bitte <span class=\"highlight-underline highlight-secondary-font\" >kontaktieren<span class=\"underline-bar\" style=\"background: linear-gradient(90deg, #EF9A3E 0%, transparent 100%);bottom: 9px;height: 18px;\"><\/span><\/span> Sie uns<\/h1><h6 class=\"subtitle\" style=\"font-size:15px;\">Wenden Sie sich an Web-Company f\u00fcr professionelle Webentwicklung und digitale Marketingl\u00f6sungen. Unser Expertenteam steht bereit, um Ihre Online-Pr\u00e4senz zu optimieren und Ihr Gesch\u00e4ft auszubauen. Kontaktieren Sie uns noch heute f\u00fcr eine unverbindliche Beratung.<\/p>\n<p>Sie finden uns unter: Havendijk 22 4201 XA Gorinchem Telefon: 0183-201079  <\/p>\n<p><\/h6><\/header>[\/vc_column_inner][vc_column_inner width=&#8220;7\/12&#8243; css=&#8220;.vc_custom_1649250059711{padding-right: 0px !important;padding-left: 0px !important;}&#8220; offset=&#8220;vc_col-lg-7&#8243; css_mobile=&#8220;.vc_custom_1649250059712{padding-right: 170px !important;}&#8220;][vc_empty_space][vc_empty_space][vc_single_image image=&#8220;12574&#8243; img_size=&#8220;full&#8220; alignment=&#8220;right&#8220; css_animation=&#8220;fadeIn&#8220; css=&#8220;.vc_custom_1725709024170{margin-right: -170px !important;}&#8220;][\/vc_column_inner][\/vc_row_inner][\/vc_column][\/vc_row][vc_row full_width=&#8220;stretch_row_content_no_spaces&#8220; kd_background_overlay=&#8220;gray-color&#8220; kd_background_image_position=&#8220;vc_row-bg-position-top&#8220; css_tablet_portrait=&#8220;.vc_custom_1649176996406{background-color: #ffffff !important;}&#8220; css_mobile=&#8220;.vc_custom_1649176996407{background-color: #ffffff !important;}&#8220; css_tablet_landscape=&#8220;.vc_custom_1649176996406{background-color: #ffffff !important;}&#8220;][vc_column][vc_row_inner content_placement=&#8220;middle&#8220; kd_background_overlay=&#8220;default&#8220; kd_background_image_position=&#8220;vc_row-bg-position-top&#8220;][vc_column_inner width=&#8220;1\/3&#8243; css=&#8220;.vc_custom_1600770903950{padding-left: 0px !important;}&#8220; offset=&#8220;vc_col-lg-6 vc_col-md-12&#8243;]<script>\r\n\r\n                    async function initKdMap_kd69d58c1b78340() {\r\n                      var map_kd69d58c1b78340;\r\n        \t\t\t\t\t\t\tvar gmap_location_kd69d58c1b78340 = new google.maps.LatLng(51.8305335, 4.9774125);\r\n        \t\t\t\t\t\t\tvar GMAP_MODULE_kd69d58c1b78340 = \"customMap\";\r\n                      const { AdvancedMarkerElement } = await google.maps.importLibrary(\"marker\");\r\n      \t\t\t\t\t\t\t\tvar featureOpts = [\r\n      \t\t\t\t\t\t\t\t\t\t\t{\r\n      \t\t\t\t\t\t\t\t\t\t\t  stylers: [\r\n      \t\t\t\t\t\t\t\t\t\t\t\t{ \"visibility\": \"on\" },\r\n      \t\t\t\t\t\t\t\t\t\t\t\t{ \"weight\": 1.1 },\r\n      \t\t\t\t\t\t\t\t\t\t\t\t{ \"saturation\": 1 },\r\n      \t\t\t\t\t\t\t\t\t\t\t\t{ \"lightness\": 1 },\r\n      \t\t\t\t\t\t\t\t\t\t\t\t{ \"gamma\": 1 }\r\n      \t\t\t\t\t\t\t\t\t\t\t  ]\r\n      \t\t\t\t\t\t\t\t\t\t\t}\r\n      \t\t\t\t\t\t\t\t\t\t];\r\n      \t\t\t\t\t\t\t\tvar mapOptions = {\r\n      \t\t\t\t\t\t\t\t\tzoom: 14,\r\n      \t\t\t\t\t\t\t\t\tcenter: gmap_location_kd69d58c1b78340,\r\n                        scrollwheel: false,\r\n      \t\t\t\t\t\t\t\t\tmapTypeControlOptions: {\r\n      \t\t\t\t\t\t\t\t\t\tmapTypeIds: [google.maps.MapTypeId.ROADMAP, GMAP_MODULE_kd69d58c1b78340]\r\n      \t\t\t\t\t\t\t\t\t},\r\n      \t\t\t\t\t\t\t\t\tmapTypeId: GMAP_MODULE_kd69d58c1b78340,\r\n                        mapId: \"DEMO_MAP_kd69d58c1b78340\",\r\n      \t\t\t\t\t\t\t\t};\r\n      \t\t\t\t\t\t\t\tmap_kd69d58c1b78340 = new google.maps.Map(document.getElementById(\"kd69d58c1b78340\"), mapOptions);\r\n                      const marker_image = document.createElement(\"img\");\r\n                      marker_image.src = \"https:\/\/www.vivatheme.com\/wp-content\/uploads\/sites\/2\/2022\/04\/location-blue.svg\";\r\n      \t\t\t\t\t\t\t\tconst marker_kd69d58c1b78340 = new AdvancedMarkerElement({\r\n      \t\t\t\t\t\t\t\t\tmap: map_kd69d58c1b78340,\r\n      \t\t\t\t\t\t\t\t\tdraggable: false,content: marker_image,position: gmap_location_kd69d58c1b78340,\r\n                      });\r\n                      var viewportwidth;\r\n\r\n                      if (typeof window.innerWidth != \"undefined\") {\r\n                            viewportwidth = window.innerWidth;\r\n                      }var styledMapOptions = {\r\n      \t\t\t\t\t\t\t\t\tname: \"Web-Company\"\r\n      \t\t\t\t\t\t\t\t};\r\n      \t\t\t\t\t\t\t\tvar customMapType_kd69d58c1b78340 = new google.maps.StyledMapType(featureOpts, styledMapOptions);\r\n      \t\t\t\t\t\t\t\tmap_kd69d58c1b78340.mapTypes.set(GMAP_MODULE_kd69d58c1b78340, customMapType_kd69d58c1b78340);\r\n                      }\r\n                      jQuery(window).on(\"load\", function() {\r\n                        initKdMap_kd69d58c1b78340();\r\n                      });\r\n      \t\t\t\t\t\t<\/script><div class=\"contact-map-container hidden_info_panel kd-animated fadeIn\" style=\"height: 756px;\" data-animation-delay=200><div id=\"kd69d58c1b78340\" class=\"kd_map\" style=\"height: 756px;\"><\/div>\r\n\r\n            <\/div>[\/vc_column_inner][vc_column_inner el_class=&#8220;with-shadow&#8220; width=&#8220;1\/3&#8243; css=&#8220;.vc_custom_1649177117960{padding-top: 50px !important;padding-right: 80px !important;padding-bottom: 50px !important;padding-left: 80px !important;background-color: #ffffff !important;}&#8220; css_tablet_landscape=&#8220;.vc_custom_1649177117960{padding-right: 40px !important;padding-left: 40px !important;}&#8220; offset=&#8220;vc_col-lg-6 vc_col-md-12&#8243; css_tablet_portrait=&#8220;.vc_custom_1649177117960{padding-right: 40px !important;padding-left: 40px !important;}&#8220; css_mobile=&#8220;.vc_custom_1649177117960{padding-right: 40px !important;padding-left: 40px !important;}&#8220;]<header class=\"kd-section-title col-lg-12 text-center  vc_custom_1725371230130 kd-animated fadeIn\" data-animation-delay=200><h4 class=\"kd-main-title separator_off\" >Wir w\u00fcrden uns freuen, von Ihnen zu h\u00f6ren!<\/h4><h6 class=\"subtitle\" >F\u00fcllen Sie das folgende Formular aus und wir werden uns so schnell wie m\u00f6glich bei Ihnen melden<\/h6><\/header><div class=\"kd-contact-form full-width-cf   cf-bottom-border   kd-animated fadeIn\" data-animation-delay=200>\n<div class=\"wpcf7 no-js\" id=\"wpcf7-f8942-o1\" lang=\"nl-NL\" dir=\"ltr\">\n<div class=\"screen-reader-response\"><p role=\"status\" aria-live=\"polite\" aria-atomic=\"true\"><\/p> <ul><\/ul><\/div>\n<form action=\"\/de\/wp-json\/wp\/v2\/pages\/13645#wpcf7-f8942-o1\" method=\"post\" class=\"wpcf7-form init\" aria-label=\"Contactformulier\" novalidate=\"novalidate\" data-status=\"init\">\n<div style=\"display: none;\">\n<input type=\"hidden\" name=\"_wpcf7\" value=\"8942\" \/>\n<input type=\"hidden\" name=\"_wpcf7_version\" value=\"5.9.8\" \/>\n<input type=\"hidden\" name=\"_wpcf7_locale\" value=\"nl_NL\" \/>\n<input type=\"hidden\" name=\"_wpcf7_unit_tag\" value=\"wpcf7-f8942-o1\" \/>\n<input type=\"hidden\" name=\"_wpcf7_container_post\" value=\"0\" \/>\n<input type=\"hidden\" name=\"_wpcf7_posted_data_hash\" value=\"\" \/>\n<\/div>\n<p><span class=\"wpcf7-form-control-wrap\" data-name=\"your-name\"><input size=\"40\" maxlength=\"400\" class=\"wpcf7-form-control wpcf7-text wpcf7-validates-as-required\" aria-required=\"true\" aria-invalid=\"false\" placeholder=\"Naam\" value=\"\" type=\"text\" name=\"your-name\" \/><\/span><br \/>\n<span class=\"wpcf7-form-control-wrap\" data-name=\"your-businessname\"><input size=\"40\" maxlength=\"400\" class=\"wpcf7-form-control wpcf7-text wpcf7-validates-as-required\" aria-required=\"true\" aria-invalid=\"false\" placeholder=\"Bedrijfsnaam\" value=\"\" type=\"text\" name=\"your-businessname\" \/><\/span><br \/>\n<span class=\"wpcf7-form-control-wrap\" data-name=\"your-email\"><input size=\"40\" maxlength=\"400\" class=\"wpcf7-form-control wpcf7-email wpcf7-validates-as-required wpcf7-text wpcf7-validates-as-email\" aria-required=\"true\" aria-invalid=\"false\" placeholder=\"E-mail\" value=\"\" type=\"email\" name=\"your-email\" \/><\/span><br \/>\n<span class=\"wpcf7-form-control-wrap\" data-name=\"tel-941\"><input size=\"40\" maxlength=\"400\" class=\"wpcf7-form-control wpcf7-tel wpcf7-text wpcf7-validates-as-tel\" aria-invalid=\"false\" placeholder=\"Telefoon\" value=\"\" type=\"tel\" name=\"tel-941\" \/><\/span><br \/>\n<span class=\"wpcf7-form-control-wrap\" data-name=\"textarea-413\"><textarea cols=\"40\" rows=\"10\" maxlength=\"2000\" class=\"wpcf7-form-control wpcf7-textarea wpcf7-validates-as-required\" aria-required=\"true\" aria-invalid=\"false\" placeholder=\"Hoe kunnen we jou helpen?\" name=\"textarea-413\"><\/textarea><\/span><br \/>\n<input class=\"wpcf7-form-control wpcf7-submit has-spinner\" type=\"submit\" value=\"Verzenden\" \/>\n<\/p><div class=\"wpcf7-response-output\" aria-hidden=\"true\"><\/div>\n<\/form>\n<\/div>\n<\/div>[\/vc_column_inner][\/vc_row_inner][\/vc_column][\/vc_row][vc_row full_width=&#8220;stretch_row&#8220; kd_background_overlay=&#8220;gray-color&#8220; kd_background_image_position=&#8220;vc_row-bg-position-top&#8220;][vc_column][vc_row_inner content_placement=&#8220;middle&#8220; kd_background_overlay=&#8220;default&#8220; kd_background_image_position=&#8220;vc_row-bg-position-top&#8220; css=&#8220;.vc_custom_1602760050680{padding-top: 100px !important;padding-bottom: 100px !important;}&#8220;][vc_column_inner css=&#8220;.vc_custom_1649766833147{padding-right: 30px !important;padding-left: 0px !important;}&#8220; offset=&#8220;vc_col-lg-offset-0 vc_col-lg-6 vc_col-md-offset-0 vc_col-sm-offset-0&#8243; css_tablet_landscape=&#8220;.vc_custom_1649766833147{padding-right: 0px !important;}&#8220; css_tablet_portrait=&#8220;.vc_custom_1649766833147{padding-right: 15px !important;padding-left: 15px !important;}&#8220; css_mobile=&#8220;.vc_custom_1649766833148{padding-right: 15px !important;padding-left: 15px !important;}&#8220;][vc_single_image image=&#8220;12281&#8243; img_size=&#8220;large&#8220; alignment=&#8220;center&#8220; style=&#8220;vc_box_outline&#8220; css_animation=&#8220;fadeIn&#8220; css=&#8220;&#8220;][\/vc_column_inner][vc_column_inner css=&#8220;.vc_custom_1649766879213{padding-right: 0px !important;padding-left: 100px !important;}&#8220; offset=&#8220;vc_col-lg-6&#8243; css_tablet_landscape=&#8220;.vc_custom_1649766879214{padding-right: 15px !important;padding-left: 15px !important;}&#8220; css_tablet_portrait=&#8220;.vc_custom_1649766879214{padding-top: 50px !important;padding-right: 15px !important;padding-left: 15px !important;}&#8220; css_mobile=&#8220;.vc_custom_1649766879214{padding-top: 50px !important;padding-right: 15px !important;padding-left: 15px !important;}&#8220;]<header class=\"kd-section-title col-lg-12 text-left  vc_custom_1725437521194 kd-animated fadeIn\" data-animation-delay=200><p class=\"st-overline inherit-color overline-line\" style=\"font-size:14px;\">DER KAFFEE IST FERTIG<\/p><h2 class=\"kd-main-title separator_off\" >Sie befinden sich in der sch\u00f6nsten Festungsstadt der Niederlande!<\/h2><h6 class=\"subtitle\" >Von einem alten Lagerhaus im Zentrum von Gorinchem aus arbeiten wir seit Jahren mit Freude an Ihrem Online-Erfolg.<\/h6><\/header>[\/vc_column_inner][\/vc_row_inner][\/vc_column][\/vc_row]<\/p>\n<\/div>","protected":false},"excerpt":{"rendered":"<p>[vc_row full_width=&#8220;stretch_row&#8220; content_placement=&#8220;middle&#8220; kd_background_overlay=&#8220;default&#8220; kd_background_image_position=&#8220;vc_row-bg-position-top&#8220; css=&#8220;.vc_custom_1649250041163{padding-top: 120px !important;padding-bottom: 60px !important;background-position: center !important;background-repeat: no-repeat !important;background-size: cover !important;}&#8220; css_mobile=&#8220;.vc_custom_1649250041164{padding-top: 100px !important;}&#8220; css_tablet_portrait=&#8220;.vc_custom_1649250041164{padding-top: [&hellip;]<\/p>\n","protected":false},"author":1,"featured_media":0,"parent":0,"menu_order":0,"comment_status":"closed","ping_status":"closed","template":"","meta":{"footnotes":""},"class_list":["post-13645","page","type-page","status-publish","hentry"],"acf":[],"yoast_head":"<!-- This site is optimized with the Yoast SEO Premium plugin v23.4 (Yoast SEO v23.4) - https:\/\/yoast.com\/wordpress\/plugins\/seo\/ -->\n<title>V2 Pages 13645<\/title>\n<meta name=\"robots\" content=\"index, follow, max-snippet:-1, max-image-preview:large, max-video-preview:-1\" \/>\n<link rel=\"canonical\" href=\"https:\/\/web-company.com\/de\/kontakt\/\" \/>\n<meta property=\"og:locale\" content=\"de_DE\" \/>\n<meta property=\"og:type\" content=\"article\" \/>\n<meta property=\"og:title\" content=\"Kontakt\" \/>\n<meta property=\"og:description\" content=\"[vc_row full_width=&#8220;stretch_row&#8220; content_placement=&#8220;middle&#8220; kd_background_overlay=&#8220;default&#8220; kd_background_image_position=&#8220;vc_row-bg-position-top&#8220; css=&#8220;.vc_custom_1649250041163{padding-top: 120px !important;padding-bottom: 60px !important;background-position: center !important;background-repeat: no-repeat !important;background-size: cover !important;}&#8220; css_mobile=&#8220;.vc_custom_1649250041164{padding-top: 100px !important;}&#8220; css_tablet_portrait=&#8220;.vc_custom_1649250041164{padding-top: [&hellip;]\" \/>\n<meta property=\"og:url\" content=\"https:\/\/web-company.com\/de\/kontakt\/\" \/>\n<meta property=\"og:site_name\" content=\"Web-Company\" \/>\n<meta property=\"article:modified_time\" content=\"2024-10-28T15:39:15+00:00\" \/>\n<meta name=\"twitter:card\" content=\"summary_large_image\" \/>\n<meta name=\"twitter:label1\" content=\"Gesch\u00e4tzte Lesezeit\" \/>\n\t<meta name=\"twitter:data1\" content=\"5\u00a0Minuten\" \/>\n<script type=\"application\/ld+json\" class=\"yoast-schema-graph\">{\"@context\":\"https:\/\/schema.org\",\"@graph\":[{\"@type\":\"WebPage\",\"@id\":\"https:\/\/web-company.com\/de\/kontakt\/\",\"url\":\"https:\/\/web-company.com\/de\/kontakt\/\",\"name\":\"Kontakt - Web-Company\",\"isPartOf\":{\"@id\":\"https:\/\/web-company.com\/de\/#website\"},\"datePublished\":\"2018-10-22T13:48:34+00:00\",\"dateModified\":\"2024-10-28T15:39:15+00:00\",\"breadcrumb\":{\"@id\":\"https:\/\/web-company.com\/de\/kontakt\/#breadcrumb\"},\"inLanguage\":\"de\",\"potentialAction\":[{\"@type\":\"ReadAction\",\"target\":[\"https:\/\/web-company.com\/de\/kontakt\/\"]}]},{\"@type\":\"BreadcrumbList\",\"@id\":\"https:\/\/web-company.com\/de\/kontakt\/#breadcrumb\",\"itemListElement\":[{\"@type\":\"ListItem\",\"position\":1,\"name\":\"Home\",\"item\":\"https:\/\/web-company.com\/de\/web-company-spezialist-fuer-saas-webshops-websites-und-online-marketing\/\"},{\"@type\":\"ListItem\",\"position\":2,\"name\":\"Kontakt\"}]},{\"@type\":\"WebSite\",\"@id\":\"https:\/\/web-company.com\/de\/#website\",\"url\":\"https:\/\/web-company.com\/de\/\",\"name\":\"web-company.com\",\"description\":\"\",\"publisher\":{\"@id\":\"https:\/\/web-company.com\/de\/#organization\"},\"potentialAction\":[{\"@type\":\"SearchAction\",\"target\":{\"@type\":\"EntryPoint\",\"urlTemplate\":\"https:\/\/web-company.com\/de\/?s={search_term_string}\"},\"query-input\":{\"@type\":\"PropertyValueSpecification\",\"valueRequired\":true,\"valueName\":\"search_term_string\"}}],\"inLanguage\":\"de\"},{\"@type\":\"Organization\",\"@id\":\"https:\/\/web-company.com\/de\/#organization\",\"name\":\"web-company.com\",\"url\":\"https:\/\/web-company.com\/de\/\",\"logo\":{\"@type\":\"ImageObject\",\"inLanguage\":\"de\",\"@id\":\"https:\/\/web-company.com\/de\/#\/schema\/logo\/image\/\",\"url\":\"https:\/\/web-company.com\/wp-content\/uploads\/2024\/08\/web-company_transparantPNGsite.png\",\"contentUrl\":\"https:\/\/web-company.com\/wp-content\/uploads\/2024\/08\/web-company_transparantPNGsite.png\",\"width\":198,\"height\":70,\"caption\":\"web-company.com\"},\"image\":{\"@id\":\"https:\/\/web-company.com\/de\/#\/schema\/logo\/image\/\"}}]}<\/script>\n<!-- \/ Yoast SEO Premium plugin. -->","yoast_head_json":{"title":"V2 Pages 13645","robots":{"index":"index","follow":"follow","max-snippet":"max-snippet:-1","max-image-preview":"max-image-preview:large","max-video-preview":"max-video-preview:-1"},"canonical":"https:\/\/web-company.com\/de\/kontakt\/","og_locale":"de_DE","og_type":"article","og_title":"Kontakt","og_description":"[vc_row full_width=&#8220;stretch_row&#8220; content_placement=&#8220;middle&#8220; kd_background_overlay=&#8220;default&#8220; kd_background_image_position=&#8220;vc_row-bg-position-top&#8220; css=&#8220;.vc_custom_1649250041163{padding-top: 120px !important;padding-bottom: 60px !important;background-position: center !important;background-repeat: no-repeat !important;background-size: cover !important;}&#8220; css_mobile=&#8220;.vc_custom_1649250041164{padding-top: 100px !important;}&#8220; css_tablet_portrait=&#8220;.vc_custom_1649250041164{padding-top: [&hellip;]","og_url":"https:\/\/web-company.com\/de\/kontakt\/","og_site_name":"Web-Company","article_modified_time":"2024-10-28T15:39:15+00:00","twitter_card":"summary_large_image","twitter_misc":{"Gesch\u00e4tzte Lesezeit":"5\u00a0Minuten"},"schema":{"@context":"https:\/\/schema.org","@graph":[{"@type":"WebPage","@id":"https:\/\/web-company.com\/de\/kontakt\/","url":"https:\/\/web-company.com\/de\/kontakt\/","name":"Kontakt - Web-Company","isPartOf":{"@id":"https:\/\/web-company.com\/de\/#website"},"datePublished":"2018-10-22T13:48:34+00:00","dateModified":"2024-10-28T15:39:15+00:00","breadcrumb":{"@id":"https:\/\/web-company.com\/de\/kontakt\/#breadcrumb"},"inLanguage":"de","potentialAction":[{"@type":"ReadAction","target":["https:\/\/web-company.com\/de\/kontakt\/"]}]},{"@type":"BreadcrumbList","@id":"https:\/\/web-company.com\/de\/kontakt\/#breadcrumb","itemListElement":[{"@type":"ListItem","position":1,"name":"Home","item":"https:\/\/web-company.com\/de\/web-company-spezialist-fuer-saas-webshops-websites-und-online-marketing\/"},{"@type":"ListItem","position":2,"name":"Kontakt"}]},{"@type":"WebSite","@id":"https:\/\/web-company.com\/de\/#website","url":"https:\/\/web-company.com\/de\/","name":"web-company.com","description":"","publisher":{"@id":"https:\/\/web-company.com\/de\/#organization"},"potentialAction":[{"@type":"SearchAction","target":{"@type":"EntryPoint","urlTemplate":"https:\/\/web-company.com\/de\/?s={search_term_string}"},"query-input":{"@type":"PropertyValueSpecification","valueRequired":true,"valueName":"search_term_string"}}],"inLanguage":"de"},{"@type":"Organization","@id":"https:\/\/web-company.com\/de\/#organization","name":"web-company.com","url":"https:\/\/web-company.com\/de\/","logo":{"@type":"ImageObject","inLanguage":"de","@id":"https:\/\/web-company.com\/de\/#\/schema\/logo\/image\/","url":"https:\/\/web-company.com\/wp-content\/uploads\/2024\/08\/web-company_transparantPNGsite.png","contentUrl":"https:\/\/web-company.com\/wp-content\/uploads\/2024\/08\/web-company_transparantPNGsite.png","width":198,"height":70,"caption":"web-company.com"},"image":{"@id":"https:\/\/web-company.com\/de\/#\/schema\/logo\/image\/"}}]}},"_links":{"self":[{"href":"https:\/\/web-company.com\/de\/wp-json\/wp\/v2\/pages\/13645"}],"collection":[{"href":"https:\/\/web-company.com\/de\/wp-json\/wp\/v2\/pages"}],"about":[{"href":"https:\/\/web-company.com\/de\/wp-json\/wp\/v2\/types\/page"}],"author":[{"embeddable":true,"href":"https:\/\/web-company.com\/de\/wp-json\/wp\/v2\/users\/1"}],"replies":[{"embeddable":true,"href":"https:\/\/web-company.com\/de\/wp-json\/wp\/v2\/comments?post=13645"}],"version-history":[{"count":4,"href":"https:\/\/web-company.com\/de\/wp-json\/wp\/v2\/pages\/13645\/revisions"}],"predecessor-version":[{"id":13671,"href":"https:\/\/web-company.com\/de\/wp-json\/wp\/v2\/pages\/13645\/revisions\/13671"}],"wp:attachment":[{"href":"https:\/\/web-company.com\/de\/wp-json\/wp\/v2\/media?parent=13645"}],"curies":[{"name":"wp","href":"https:\/\/api.w.org\/{rel}","templated":true}]}}