{"id":13699,"date":"2020-08-05T08:59:01","date_gmt":"2020-08-05T08:59:01","guid":{"rendered":"https:\/\/web-company.com\/faelle\/"},"modified":"2024-10-28T15:39:26","modified_gmt":"2024-10-28T15:39:26","slug":"faelle","status":"publish","type":"page","link":"https:\/\/web-company.com\/de\/faelle\/","title":{"rendered":"F\u00e4lle"},"content":{"rendered":"<div class=\"wpb-content-wrapper\"><p>[vc_row kd_background_overlay=&#8220;default&#8220; kd_background_image_position=&#8220;vc_row-bg-position-top&#8220; css=&#8220;.vc_custom_1646321533098{padding-top: 225px !important;padding-right: 10px !important;padding-left: 10px !important;}&#8220; css_tablet_landscape=&#8220;.vc_custom_1646321533099{padding-top: 175px !important;padding-right: 0px !important;padding-left: 0px !important;}&#8220; css_tablet_portrait=&#8220;.vc_custom_1646321533099{padding-top: 100px !important;padding-right: 0px !important;padding-left: 0px !important;}&#8220; css_mobile=&#8220;.vc_custom_1646321533099{padding-top: 100px !important;padding-right: 0px !important;padding-left: 0px !important;}&#8220;][vc_column css=&#8220;.vc_custom_1646321463174{padding-bottom: 100px !important;}&#8220; css_tablet_portrait=&#8220;.vc_custom_1646321463175{padding-right: 0px !important;padding-bottom: 50px !important;padding-left: 0px !important;}&#8220; css_mobile=&#8220;.vc_custom_1646321463175{padding-right: 0px !important;padding-bottom: 50px !important;padding-left: 0px !important;}&#8220;]<header class=\"kd-section-title col-lg-12 text-center\" ><h1 class=\"kd-main-title separator_off\" >F\u00e4lle<\/h1><h6 class=\"subtitle\" ><br \/>\nLassen Sie sich von unseren Webshops, SaaS-Plattformen, KI-Projekten und Websites inspirieren. Neugierig, was wir f\u00fcr Sie tun k\u00f6nnen? Werfen Sie einen Blick auf die F\u00e4lle unten. <\/h6><\/header>[\/vc_column][\/vc_row][vc_row kd_background_overlay=&#8220;default&#8220; kd_background_image_position=&#8220;vc_row-bg-position-top&#8220; css_tablet_landscape=&#8220;.vc_custom_1648555145879{padding-right: 0px !important;padding-left: 0px !important;}&#8220; css_tablet_portrait=&#8220;.vc_custom_1648555145879{padding-right: 0px !important;padding-left: 0px !important;}&#8220; css_mobile=&#8220;.vc_custom_1648555145879{padding-right: 0px !important;padding-left: 0px !important;}&#8220;][vc_column][vc_basic_grid post_type=&#8220;portfolio&#8220; max_items=&#8220;&#8220; element_width=&#8220;6&#8243; initial_loading_animation=&#8220;none&#8220; css=&#8220;&#8220; grid_id=&#8220;vc_gid:1725451403055-d3ebf378-1bf3-4&#8243;][\/vc_column][\/vc_row][vc_row full_width=&#8220;stretch_row&#8220; kd_background_overlay=&#8220;default&#8220; kd_background_image_position=&#8220;vc_row-bg-position-top&#8220;][vc_column][vc_row_inner kd_background_overlay=&#8220;default&#8220; kd_background_image_position=&#8220;vc_row-bg-position-top&#8220; css=&#8220;.vc_custom_1596616347367{padding-top: 130px !important;padding-bottom: 100px !important;}&#8220;][vc_column_inner width=&#8220;1\/6&#8243;][\/vc_column_inner][vc_column_inner width=&#8220;2\/3&#8243;][vc_empty_space height=&#8220;15px&#8220;]<div class=\"kd-text-rotator text-center\" data-speed=\"3000\"><h1 class=\"kd-text-rotator-container zoom\" style=\"\">Een voorstel ontvangen voor jouw <span class=\"kd-rotator-wrapper\"><span class=\"rotator-single is-visible\">webshop?<\/span><span class=\"rotator-single \">SaaS platform?<\/span><span class=\"rotator-single \">AI project?<\/span><span class=\"rotator-single \">website?<\/span><span class=\"rotator-single \">koppeling?<\/span><\/span><\/h1><\/div>[vc_empty_space height=&#8220;25px&#8220;]<a href=\"https:\/\/web-company.com\/de\/kontakt\/\" target=\"_self\"   class=\"tt_button tt_primary_button btn_gradient_color reverse_gradient button-center button-action-link icon_right  kd-animated zoomIn\" data-text=\"Kontakt aufnehmen\"><span class=\"prim_text\">Kontakt aufnehmen<\/span><span class=\"fas fa-chevron-right iconita\" style=\"font-size:12px;\"><\/span><\/a>[\/vc_column_inner][vc_column_inner width=&#8220;1\/6&#8243;][\/vc_column_inner][\/vc_row_inner][\/vc_column][\/vc_row]<\/p>\n<\/div>","protected":false},"excerpt":{"rendered":"<p>[vc_row kd_background_overlay=&#8220;default&#8220; kd_background_image_position=&#8220;vc_row-bg-position-top&#8220; css=&#8220;.vc_custom_1646321533098{padding-top: 225px !important;padding-right: 10px !important;padding-left: 10px !important;}&#8220; css_tablet_landscape=&#8220;.vc_custom_1646321533099{padding-top: 175px !important;padding-right: 0px !important;padding-left: 0px !important;}&#8220; css_tablet_portrait=&#8220;.vc_custom_1646321533099{padding-top: 100px !important;padding-right: [&hellip;]<\/p>\n","protected":false},"author":1,"featured_media":0,"parent":0,"menu_order":0,"comment_status":"closed","ping_status":"closed","template":"","meta":{"footnotes":""},"class_list":["post-13699","page","type-page","status-publish","hentry"],"acf":[],"yoast_head":"<!-- This site is optimized with the Yoast SEO Premium plugin v23.4 (Yoast SEO v23.4) - https:\/\/yoast.com\/wordpress\/plugins\/seo\/ -->\n<title>V2 Pages 13699<\/title>\n<meta name=\"robots\" content=\"index, follow, max-snippet:-1, max-image-preview:large, max-video-preview:-1\" \/>\n<link rel=\"canonical\" href=\"https:\/\/web-company.com\/de\/faelle\/\" \/>\n<meta property=\"og:locale\" content=\"de_DE\" \/>\n<meta property=\"og:type\" content=\"article\" \/>\n<meta property=\"og:title\" content=\"F\u00e4lle\" \/>\n<meta property=\"og:description\" content=\"[vc_row kd_background_overlay=&#8220;default&#8220; kd_background_image_position=&#8220;vc_row-bg-position-top&#8220; css=&#8220;.vc_custom_1646321533098{padding-top: 225px !important;padding-right: 10px !important;padding-left: 10px !important;}&#8220; css_tablet_landscape=&#8220;.vc_custom_1646321533099{padding-top: 175px !important;padding-right: 0px !important;padding-left: 0px !important;}&#8220; css_tablet_portrait=&#8220;.vc_custom_1646321533099{padding-top: 100px !important;padding-right: [&hellip;]\" \/>\n<meta property=\"og:url\" content=\"https:\/\/web-company.com\/de\/faelle\/\" \/>\n<meta property=\"og:site_name\" content=\"Web-Company\" \/>\n<meta property=\"article:modified_time\" content=\"2024-10-28T15:39:26+00:00\" \/>\n<meta name=\"twitter:card\" content=\"summary_large_image\" \/>\n<meta name=\"twitter:label1\" content=\"Gesch\u00e4tzte Lesezeit\" \/>\n\t<meta name=\"twitter:data1\" content=\"3\u00a0Minuten\" \/>\n<script type=\"application\/ld+json\" class=\"yoast-schema-graph\">{\"@context\":\"https:\/\/schema.org\",\"@graph\":[{\"@type\":\"WebPage\",\"@id\":\"https:\/\/web-company.com\/de\/faelle\/\",\"url\":\"https:\/\/web-company.com\/de\/faelle\/\",\"name\":\"F\u00e4lle - Web-Company\",\"isPartOf\":{\"@id\":\"https:\/\/web-company.com\/de\/#website\"},\"datePublished\":\"2020-08-05T08:59:01+00:00\",\"dateModified\":\"2024-10-28T15:39:26+00:00\",\"breadcrumb\":{\"@id\":\"https:\/\/web-company.com\/de\/faelle\/#breadcrumb\"},\"inLanguage\":\"de\",\"potentialAction\":[{\"@type\":\"ReadAction\",\"target\":[\"https:\/\/web-company.com\/de\/faelle\/\"]}]},{\"@type\":\"BreadcrumbList\",\"@id\":\"https:\/\/web-company.com\/de\/faelle\/#breadcrumb\",\"itemListElement\":[{\"@type\":\"ListItem\",\"position\":1,\"name\":\"Home\",\"item\":\"https:\/\/web-company.com\/de\/web-company-spezialist-fuer-saas-webshops-websites-und-online-marketing\/\"},{\"@type\":\"ListItem\",\"position\":2,\"name\":\"F\u00e4lle\"}]},{\"@type\":\"WebSite\",\"@id\":\"https:\/\/web-company.com\/de\/#website\",\"url\":\"https:\/\/web-company.com\/de\/\",\"name\":\"web-company.com\",\"description\":\"\",\"publisher\":{\"@id\":\"https:\/\/web-company.com\/de\/#organization\"},\"potentialAction\":[{\"@type\":\"SearchAction\",\"target\":{\"@type\":\"EntryPoint\",\"urlTemplate\":\"https:\/\/web-company.com\/de\/?s={search_term_string}\"},\"query-input\":{\"@type\":\"PropertyValueSpecification\",\"valueRequired\":true,\"valueName\":\"search_term_string\"}}],\"inLanguage\":\"de\"},{\"@type\":\"Organization\",\"@id\":\"https:\/\/web-company.com\/de\/#organization\",\"name\":\"web-company.com\",\"url\":\"https:\/\/web-company.com\/de\/\",\"logo\":{\"@type\":\"ImageObject\",\"inLanguage\":\"de\",\"@id\":\"https:\/\/web-company.com\/de\/#\/schema\/logo\/image\/\",\"url\":\"https:\/\/web-company.com\/wp-content\/uploads\/2024\/08\/web-company_transparantPNGsite.png\",\"contentUrl\":\"https:\/\/web-company.com\/wp-content\/uploads\/2024\/08\/web-company_transparantPNGsite.png\",\"width\":198,\"height\":70,\"caption\":\"web-company.com\"},\"image\":{\"@id\":\"https:\/\/web-company.com\/de\/#\/schema\/logo\/image\/\"}}]}<\/script>\n<!-- \/ Yoast SEO Premium plugin. -->","yoast_head_json":{"title":"V2 Pages 13699","robots":{"index":"index","follow":"follow","max-snippet":"max-snippet:-1","max-image-preview":"max-image-preview:large","max-video-preview":"max-video-preview:-1"},"canonical":"https:\/\/web-company.com\/de\/faelle\/","og_locale":"de_DE","og_type":"article","og_title":"F\u00e4lle","og_description":"[vc_row kd_background_overlay=&#8220;default&#8220; kd_background_image_position=&#8220;vc_row-bg-position-top&#8220; css=&#8220;.vc_custom_1646321533098{padding-top: 225px !important;padding-right: 10px !important;padding-left: 10px !important;}&#8220; css_tablet_landscape=&#8220;.vc_custom_1646321533099{padding-top: 175px !important;padding-right: 0px !important;padding-left: 0px !important;}&#8220; css_tablet_portrait=&#8220;.vc_custom_1646321533099{padding-top: 100px !important;padding-right: [&hellip;]","og_url":"https:\/\/web-company.com\/de\/faelle\/","og_site_name":"Web-Company","article_modified_time":"2024-10-28T15:39:26+00:00","twitter_card":"summary_large_image","twitter_misc":{"Gesch\u00e4tzte Lesezeit":"3\u00a0Minuten"},"schema":{"@context":"https:\/\/schema.org","@graph":[{"@type":"WebPage","@id":"https:\/\/web-company.com\/de\/faelle\/","url":"https:\/\/web-company.com\/de\/faelle\/","name":"F\u00e4lle - Web-Company","isPartOf":{"@id":"https:\/\/web-company.com\/de\/#website"},"datePublished":"2020-08-05T08:59:01+00:00","dateModified":"2024-10-28T15:39:26+00:00","breadcrumb":{"@id":"https:\/\/web-company.com\/de\/faelle\/#breadcrumb"},"inLanguage":"de","potentialAction":[{"@type":"ReadAction","target":["https:\/\/web-company.com\/de\/faelle\/"]}]},{"@type":"BreadcrumbList","@id":"https:\/\/web-company.com\/de\/faelle\/#breadcrumb","itemListElement":[{"@type":"ListItem","position":1,"name":"Home","item":"https:\/\/web-company.com\/de\/web-company-spezialist-fuer-saas-webshops-websites-und-online-marketing\/"},{"@type":"ListItem","position":2,"name":"F\u00e4lle"}]},{"@type":"WebSite","@id":"https:\/\/web-company.com\/de\/#website","url":"https:\/\/web-company.com\/de\/","name":"web-company.com","description":"","publisher":{"@id":"https:\/\/web-company.com\/de\/#organization"},"potentialAction":[{"@type":"SearchAction","target":{"@type":"EntryPoint","urlTemplate":"https:\/\/web-company.com\/de\/?s={search_term_string}"},"query-input":{"@type":"PropertyValueSpecification","valueRequired":true,"valueName":"search_term_string"}}],"inLanguage":"de"},{"@type":"Organization","@id":"https:\/\/web-company.com\/de\/#organization","name":"web-company.com","url":"https:\/\/web-company.com\/de\/","logo":{"@type":"ImageObject","inLanguage":"de","@id":"https:\/\/web-company.com\/de\/#\/schema\/logo\/image\/","url":"https:\/\/web-company.com\/wp-content\/uploads\/2024\/08\/web-company_transparantPNGsite.png","contentUrl":"https:\/\/web-company.com\/wp-content\/uploads\/2024\/08\/web-company_transparantPNGsite.png","width":198,"height":70,"caption":"web-company.com"},"image":{"@id":"https:\/\/web-company.com\/de\/#\/schema\/logo\/image\/"}}]}},"_links":{"self":[{"href":"https:\/\/web-company.com\/de\/wp-json\/wp\/v2\/pages\/13699"}],"collection":[{"href":"https:\/\/web-company.com\/de\/wp-json\/wp\/v2\/pages"}],"about":[{"href":"https:\/\/web-company.com\/de\/wp-json\/wp\/v2\/types\/page"}],"author":[{"embeddable":true,"href":"https:\/\/web-company.com\/de\/wp-json\/wp\/v2\/users\/1"}],"replies":[{"embeddable":true,"href":"https:\/\/web-company.com\/de\/wp-json\/wp\/v2\/comments?post=13699"}],"version-history":[{"count":4,"href":"https:\/\/web-company.com\/de\/wp-json\/wp\/v2\/pages\/13699\/revisions"}],"predecessor-version":[{"id":13709,"href":"https:\/\/web-company.com\/de\/wp-json\/wp\/v2\/pages\/13699\/revisions\/13709"}],"wp:attachment":[{"href":"https:\/\/web-company.com\/de\/wp-json\/wp\/v2\/media?parent=13699"}],"curies":[{"name":"wp","href":"https:\/\/api.w.org\/{rel}","templated":true}]}}