{"id":13321,"date":"2022-03-29T16:38:11","date_gmt":"2022-03-29T16:38:11","guid":{"rendered":"https:\/\/web-company.com\/web-company-especialista-en-saas-tiendas-web-sitios-web-y-marketing-online\/"},"modified":"2024-10-28T15:21:10","modified_gmt":"2024-10-28T15:21:10","slug":"web-company-especialista-en-saas-tiendas-web-sitios-web-y-marketing-online","status":"publish","type":"page","link":"https:\/\/web-company.com\/es\/","title":{"rendered":"Web-Company &#8211; especialista en saas, tiendas web, sitios web y marketing online"},"content":{"rendered":"<div class=\"wpb-content-wrapper\"><p>[vc_row full_width=\u00bbstretch_row\u00bb content_placement=\u00bbmiddle\u00bb kd_background_overlay=\u00bbdefault\u00bb kd_background_image_position=\u00bbvc_row-bg-position-top\u00bb css=\u00bb.vc_custom_1654605223767{padding-top: 230px !important;padding-bottom: 120px !important;}\u00bb css_tablet_portrait=\u00bb.vc_custom_1654605223767{padding-top: 50px !important;padding-bottom: 70px !important;}\u00bb css_mobile=\u00bb.vc_custom_1654605223768{padding-top: 50px !important;padding-bottom: 70px !important;}\u00bb][vc_column][vc_row_inner content_placement=\u00bbmiddle\u00bb kd_background_overlay=\u00bbdefault\u00bb kd_background_image_position=\u00bbvc_row-bg-position-top\u00bb][vc_column_inner width=\u00bb7\/12&#8243; css=\u00bb.vc_custom_1654605769643{margin-left: 0px !important;padding-right: 0px !important;padding-left: 0px !important;}\u00bb offset=\u00bbvc_col-lg-7 vc_col-md-7&#8243; css_tablet_portrait=\u00bb.vc_custom_1654605769644{padding-top: 50px !important;}\u00bb css_mobile=\u00bb.vc_custom_1654605769644{padding-top: 50px !important;}\u00bb css_tablet_landscape=\u00bb.vc_custom_1654605769643{padding-right: 50px !important;}\u00bb]<header class=\"kd-section-title col-lg-12 text-left  vc_custom_1725293269699 kd-animated fadeIn\" data-animation-delay=200><h1 class=\"kd-main-title separator_off\" style=\"font-size: 70px;line-height: 80px;margin-bottom:30px;\"><br \/>\nTrabajamos para tu <span class=\"highlight-gradient\" >\u00e9xito online<\/span>.<\/h1><h6 class=\"subtitle\" style=\"color: #00234b;font-size:19px;\"><br \/>\nAgencia web de servicios integrales con m\u00e1s de 25 a\u00f1os de experiencia \u00a1Contacta con nosotros para concertar una cita!<\/h6><\/header><a href=\"https:\/\/web-company.com\/contact\/\" target=\"_self\"   class=\"tt_button tt_primary_button btn_gradient_color reverse_gradient btn-align-left button-action-link   vc_custom_1725293250949 kd-animated zoomIn\" data-text=\"Ponte en contacto\" data-animation-delay=200><span class=\"prim_text\">Ponte en contacto<\/span><\/a>[\/vc_column_inner][vc_column_inner width=\u00bb5\/12&#8243; css=\u00bb.vc_custom_1654605756958{padding-left: 0px !important;}\u00bb offset=\u00bbvc_col-lg-5 vc_col-md-5&#8243; css_tablet_portrait=\u00bb.vc_custom_1654605756958{padding-top: 200px !important;}\u00bb css_mobile=\u00bb.vc_custom_1654605756959{padding-top: 50px !important;}\u00bb]<div class=\"kd-photo-group group-layout-right-left no-shadow enable-parallax  vc_custom_1725301700526\">\n                <div class=\"kd-group-image first-image-wrapper\" style=\"bottom: 0px;\"><div class=\"kd-group-image-animation kd-animated fadeInUp\" data-animation-delay=600><img loading=\"lazy\" decoding=\"async\" width=\"720\" height=\"510\" src=\"https:\/\/web-company.com\/wp-content\/uploads\/2024\/09\/apicenter_site3.png\" class=\"attachment-full\" alt=\"APIcenter site\" title=\"apicenter_site3\" srcset=\"https:\/\/web-company.com\/wp-content\/uploads\/2024\/09\/apicenter_site3.png 720w, https:\/\/web-company.com\/wp-content\/uploads\/2024\/09\/apicenter_site3-300x213.png 300w\" sizes=\"(max-width: 720px) 100vw, 720px\" \/><\/div><\/div>\n                <div class=\"kd-group-image second-image-wrapper\" style=\"bottom: 0px;\"><div class=\"kd-group-image-animation kd-animated fadeInUp\" data-animation-delay=400><img loading=\"lazy\" decoding=\"async\" width=\"221\" height=\"424\" src=\"https:\/\/web-company.com\/wp-content\/uploads\/2024\/09\/braindash.png\" class=\"attachment-full\" alt=\"Braindash\" title=\"braindash\" srcset=\"https:\/\/web-company.com\/wp-content\/uploads\/2024\/09\/braindash.png 221w, https:\/\/web-company.com\/wp-content\/uploads\/2024\/09\/braindash-156x300.png 156w\" sizes=\"(max-width: 221px) 100vw, 221px\" \/><\/div><\/div>\n            <\/div><div class=\"kd-shapes shape_circle with-parallax kd-animated fadeIn\" style=\"top: -50px;left: -20px;width: 250px;height: 250px;background: linear-gradient(90deg, rgba(108,93,212,0.2) 0%, rgba(63,140,254,0.2) 100%);\" data-parallax-speed=\"-0.15\" data-animation-delay=800><\/div>[\/vc_column_inner][\/vc_row_inner]<div class=\"kd-shapes shape_circle with-parallax kd-animated fadeIn\" style=\"top: 0px;left: -200px;width: 50px;height: 50px;background: linear-gradient(90deg, rgba(108,93,212,0.2) 0%, rgba(63,140,254,0.2) 100%);\" data-parallax-speed=\"-0.15\" data-animation-delay=400><\/div><div class=\"kd-shapes shape_circle with-parallax kd-animated fadeIn\" style=\"bottom: -80px;left: 32%;width: 100px;height: 100px;background: linear-gradient(90deg, rgba(108,93,212,0.2) 0%, rgba(63,140,254,0.2) 100%);\" data-parallax-speed=\"-0.1\" data-animation-delay=600><\/div>[\/vc_column][\/vc_row][vc_row full_width=\u00bbstretch_row\u00bb kd_background_overlay=\u00bbgray-color\u00bb kd_background_image_position=\u00bbvc_row-bg-position-top\u00bb css=\u00bb.vc_custom_1652269523882{border-top-width: 1px !important;padding-bottom: 100px !important;border-top-color: #e7e7e7 !important;border-top-style: solid !important;}\u00bb el_class=\u00bboverflow-fix\u00bb][vc_column]<div class=\"feature-sections-wrapper navigation-icons kd-fsp-69e1f7e876dd5\">\r\n            <div class=\"feature-sections-tabs  \">\r\n              <nav class=\"kd-feature-tabs\">\r\n                <ul class=\"nav nav-tabs sticky-tabs container\">\r\n                  <span class=\"nav-indicator\"><\/span>\r\n                <\/ul>\r\n              <\/nav>\r\n            <\/div>\r\n            <section id=\"Software-agency\" class=\"featured-right\"><li class=\"nav-label\"><a class=\"feature-tabs-scroll\" href=\"#Software-agency\"><span class=\"nav-number\"><\/span>Comercio electr\u00f3nico<\/a><\/li><div class=\"container\">\r\n                <div class=\"side-content-wrapper kd-animated fadeInLeft\" data-animation-delay=\"200\"><span class=\"side-content-title-label\" >SAMEN BOUWEN WE AAN JOUW ONLINE OMZET<\/span><h2 class=\"side-content-title\" >M\u00e1s de 2.000 tiendas web entregadas<\/h2><h6 class=\"side-content-subtitle\" >Las tiendas web se crean en Magento, WooCommerce, Shopware o Shopify.<br \/>\nPara ello, realizamos una amplia selecci\u00f3n de paquetes y contamos con los desarrolladores adecuados en plantilla.<br \/>\nCon nuestra experiencia y conocimientos, garantizamos una experiencia de compra en l\u00ednea profesional y f\u00e1cil de usar para tus clientes.  <\/h6><div class=\"side-content-link sc-primary-btn\"><a href=\"\/woocommerce-specialist\/\" target=\"_self\" class=\"tt_button btn_primary_color tt_primary_button  button-action-link\" data-text=\"Lees meer\"><span class=\"prim_text\">Lees meer<\/span><\/a><\/div><\/div><div class=\"side-featured-wrapper fss-organic-1 kd-animated fadeInRight\" data-animation-delay=\"200\">\r\n      <div class=\"featured-image\"><img loading=\"lazy\" decoding=\"async\" width=\"652\" height=\"400\" src=\"https:\/\/web-company.com\/wp-content\/uploads\/2024\/09\/BreveTuinhout.jpg\" class=\"attachment-full\" alt=\"\" title=\"BreveTuinhout\" srcset=\"https:\/\/web-company.com\/wp-content\/uploads\/2024\/09\/BreveTuinhout.jpg 652w, https:\/\/web-company.com\/wp-content\/uploads\/2024\/09\/BreveTuinhout-300x184.jpg 300w\" sizes=\"(max-width: 652px) 100vw, 652px\" \/><\/div>\r\n    <\/div><\/div>\r\n            <\/section><section id=\"Consulting-Technology\" class=\"featured-left\"><li class=\"nav-label\"><a class=\"feature-tabs-scroll\" href=\"#Consulting-Technology\"><span class=\"nav-number\"><\/span>SaaS<\/a><\/li><div class=\"container\">\r\n                <div class=\"side-content-wrapper kd-animated fadeInRight\" data-animation-delay=\"200\"><span class=\"side-content-title-label\" >DE JUISTE STRATEGIE VOOR HET SCHALEN VAN JOUW SAAS<\/span><h2 class=\"side-content-title\" >Plataformas SaaS a medida, desde MVP hasta sistema SaaS escalable<\/h2><h6 class=\"side-content-subtitle\" >La innovaci\u00f3n es la clave.<br \/>\nEstamos especializados en desarrollar nuevos conceptos de SaaS que ayuden a nuestros clientes a trabajar de forma m\u00e1s eficiente y eficaz.<br \/>\nNuestro equipo de expertos tiene a\u00f1os de experiencia en concebir y construir soluciones de software que satisfagan las necesidades de diferentes empresas y sectores.  <\/h6><div class=\"side-content-link sc-primary-btn\"><a href=\"\/saas-ontwikkeling\/\" target=\"_self\" class=\"tt_button btn_gradient_color  reverse_gradient button-action-link\" data-text=\"Lees meer\"><span class=\"prim_text\">Lees meer<\/span><\/a><\/div><\/div><div class=\"side-featured-wrapper fss-organic-1-rotate kd-animated fadeInLeft\" data-animation-delay=\"200\">\r\n      <div class=\"featured-image\"><a data-size=\"652x400\" href=https:\/\/web-company.com\/wp-content\/uploads\/2020\/08\/Case_image_652x400_11_APIcenter.jpg><img loading=\"lazy\" decoding=\"async\" width=\"652\" height=\"400\" src=\"https:\/\/web-company.com\/wp-content\/uploads\/2020\/08\/Case_image_652x400_11_APIcenter.jpg\" class=\"attachment-full\" alt=\"\" title=\"Case_image_652x400_11_APIcenter\" srcset=\"https:\/\/web-company.com\/wp-content\/uploads\/2020\/08\/Case_image_652x400_11_APIcenter.jpg 652w, https:\/\/web-company.com\/wp-content\/uploads\/2020\/08\/Case_image_652x400_11_APIcenter-300x184.jpg 300w\" sizes=\"(max-width: 652px) 100vw, 652px\" \/><\/a><\/div>\r\n    <\/div><\/div>\r\n            <\/section><section id=\"Research-Effective-Strategy\" class=\"featured-right\"><li class=\"nav-label\"><a class=\"feature-tabs-scroll\" href=\"#Research-Effective-Strategy\"><span class=\"nav-number\"><\/span>AI<\/a><\/li><div class=\"container\">\r\n                <div class=\"side-content-wrapper kd-animated fadeInLeft\" data-animation-delay=\"200\"><span class=\"side-content-title-label\" >ARTIFICIAL INTELLIGENCE<\/span><h2 class=\"side-content-title\" >Consultor\u00eda y desarrollo de IA<\/h2><h6 class=\"side-content-subtitle\" >Puedes acudir a nosotros para el desarrollo de tu soluci\u00f3n de IA.<br \/>\nNuestro equipo de expertos est\u00e1 preparado para crear una soluci\u00f3n de IA a medida que se adapte perfectamente a tus necesidades.<br \/>\nDesde la recopilaci\u00f3n de datos hasta la implantaci\u00f3n de la tecnolog\u00eda de IA, ofrecemos un enfoque cualificado.  <\/h6><div class=\"side-content-link sc-primary-btn\"><a href=\"\/ai\/\" target=\"_self\" class=\"tt_button btn_gradient_color  reverse_gradient button-action-link\" data-text=\"Lees meer\"><span class=\"prim_text\">Lees meer<\/span><\/a><\/div><\/div><div class=\"side-featured-wrapper fss-organic-1 kd-animated fadeInRight\" data-animation-delay=\"200\">\r\n      <div class=\"featured-image\"><a data-size=\"652x400\" href=https:\/\/web-company.com\/wp-content\/uploads\/2020\/08\/Case_image_652x400_image_2.jpg><img loading=\"lazy\" decoding=\"async\" width=\"652\" height=\"400\" src=\"https:\/\/web-company.com\/wp-content\/uploads\/2020\/08\/Case_image_652x400_image_2.jpg\" class=\"attachment-full\" alt=\"Braindash case\" title=\"Case_image_652x400_image_2\" srcset=\"https:\/\/web-company.com\/wp-content\/uploads\/2020\/08\/Case_image_652x400_image_2.jpg 652w, https:\/\/web-company.com\/wp-content\/uploads\/2020\/08\/Case_image_652x400_image_2-300x184.jpg 300w\" sizes=\"(max-width: 652px) 100vw, 652px\" \/><\/a><\/div>\r\n    <\/div><\/div>\r\n            <\/section>\r\n            <\/div><style><\/style>[\/vc_column][\/vc_row][vc_row full_width=\u00bbstretch_row\u00bb content_placement=\u00bbtop\u00bb kd_background_overlay=\u00bbdefault\u00bb kd_background_image_position=\u00bbvc_row-bg-position-top\u00bb css=\u00bb.vc_custom_1652271926787{padding-top: 100px !important;padding-bottom: 20px !important;}\u00bb][vc_column][vc_row_inner content_placement=\u00bbtop\u00bb kd_background_overlay=\u00bbdefault\u00bb kd_background_image_position=\u00bbvc_row-bg-position-top\u00bb][vc_column_inner css=\u00bb.vc_custom_1654605559329{padding-top: 110px !important;padding-right: 125px !important;padding-left: 0px !important;}\u00bb offset=\u00bbvc_col-lg-offset-0 vc_col-lg-6 vc_col-md-offset-0 vc_col-sm-offset-0&#8243; css_tablet_landscape=\u00bb.vc_custom_1654605559329{margin-bottom: 30px !important;padding-right: 60px !important;padding-left: 0px !important;}\u00bb css_tablet_portrait=\u00bb.vc_custom_1654605559330{margin-bottom: 80px !important;padding-top: 20px !important;padding-right: 30px !important;padding-left: 30px !important;}\u00bb css_mobile=\u00bb.vc_custom_1654605559330{margin-bottom: 80px !important;padding-top: 20px !important;padding-right: 15px !important;padding-left: 15px !important;}\u00bb]<header class=\"kd-section-title col-lg-12 text-left  vc_custom_1725295822891 kd-animated fadeIn\" data-animation-delay=200><p class=\"st-overline gradient-color\" style=\"font-size:14px;\">SOLUCIONES DE SOFTWARE Y WEB QUE OFRECEN RESULTADOS<\/p><h2 class=\"kd-main-title separator_off\" >Combinamos la mejor estrategia y tecnolog\u00eda para construir soluciones digitales para tus proyectos<\/h2><h6 class=\"subtitle\" >Dise\u00f1amos y desarrollamos aplicaciones y soluciones de software personalizadas que ayudan a las empresas a centrarse menos en las tareas que consumen tiempo y m\u00e1s en el crecimiento. Creamos tiendas web dise\u00f1adas con un prop\u00f3sito, construidas con la \u00faltima tecnolog\u00eda y respaldadas por conocimientos basados en datos. En resumen, creamos experiencias web.  <\/h6><\/header><a href=\"https:\/\/web-company.com\/cases\/\" target=\"_self\"   class=\"tt_button tt_primary_button btn_gradient_color reverse_gradient btn-align-left button-action-link   kd-animated zoomIn\" data-text=\"Ver nuestros casos\" data-animation-delay=200><span class=\"prim_text\">Ver nuestros casos<\/span><\/a>[\/vc_column_inner][vc_column_inner offset=\u00bbvc_col-lg-6 vc_hidden-md vc_hidden-sm\u00bb css=\u00bb.vc_custom_1654605589678{padding-right: 0px !important;padding-left: 0px !important;}\u00bb]<div class=\"kd-shapes shape_circle with-parallax kd-animated fadeIn\" style=\"top: 100px;right: -100px;width: 250px;height: 250px;background: linear-gradient(90deg, rgba(108,93,212,0.2) 0%, rgba(63,140,254,0.2) 100%);\" data-parallax-speed=\"-0.15\" data-animation-delay=800><\/div>[vc_single_image source=\u00bbexternal_link\u00bb external_img_size=\u00bbfull\u00bb alignment=\u00bbright\u00bb css_animation=\u00bbfadeIn\u00bb css=\u00bb\u00bb custom_src=\u00bbhttps:\/\/web-company.com\/wp-content\/uploads\/2024\/09\/web-company_home.webp\u00bb el_class=\u00bbdisable-pointer\u00bb][\/vc_column_inner][\/vc_row_inner][\/vc_column][\/vc_row][vc_row kd_background_overlay=\u00bbdefault\u00bb kd_background_image_position=\u00bbvc_row-bg-position-top\u00bb][vc_column][vc_separator color=\u00bbcustom\u00bb accent_color=\u00bb#e7e7e7&#8243;][\/vc_column][\/vc_row][vc_row full_width=\u00bbstretch_row_content\u00bb kd_background_overlay=\u00bbgray-color\u00bb kd_background_image_position=\u00bbvc_row-bg-position-top\u00bb css=\u00bb.vc_custom_1652272756200{padding-top: 100px !important;padding-right: 0px !important;padding-bottom: 100px !important;padding-left: 0px !important;}\u00bb][vc_column css=\u00bb.vc_custom_1599050426917{padding-right: 0px !important;padding-left: 0px !important;}\u00bb]<header class=\"kd-section-title col-lg-12 text-center  vc_custom_1725295007798 kd-animated fadeIn\" data-animation-delay=200><p class=\"st-overline gradient-color\" style=\"font-size:14px;\">DESARROLLAMOS Y COMERCIALIZAMOS TU IDEA ONLINE<\/p><h2 class=\"kd-main-title separator_off\" style=\"font-size: 42px;line-height: 52px;\">\u00a1M\u00e1s de 2.500 empresas te han precedido!<\/h2><\/header>[vc_row_inner kd_background_overlay=\u00bbdefault\u00bb kd_background_image_position=\u00bbvc_row-bg-position-top\u00bb][vc_column_inner][vc_single_image image=\u00bb12266&#8243; img_size=\u00bbfull\u00bb alignment=\u00bbcenter\u00bb css_animation=\u00bbfadeIn\u00bb css=\u00bb\u00bb el_class=\u00bbdisable-pointer\u00bb][\/vc_column_inner][\/vc_row_inner][\/vc_column][\/vc_row]<\/p>\n<\/div>","protected":false},"excerpt":{"rendered":"<p>[vc_row full_width=\u00bbstretch_row\u00bb content_placement=\u00bbmiddle\u00bb kd_background_overlay=\u00bbdefault\u00bb kd_background_image_position=\u00bbvc_row-bg-position-top\u00bb css=\u00bb.vc_custom_1654605223767{padding-top: 230px !important;padding-bottom: 120px !important;}\u00bb css_tablet_portrait=\u00bb.vc_custom_1654605223767{padding-top: 50px !important;padding-bottom: 70px !important;}\u00bb css_mobile=\u00bb.vc_custom_1654605223768{padding-top: 50px !important;padding-bottom: 70px !important;}\u00bb][vc_column][vc_row_inner [&hellip;]<\/p>\n","protected":false},"author":1,"featured_media":0,"parent":0,"menu_order":0,"comment_status":"closed","ping_status":"closed","template":"","meta":{"footnotes":""},"class_list":["post-13321","page","type-page","status-publish","hentry"],"acf":[],"yoast_head":"<!-- This site is optimized with the Yoast SEO Premium plugin v23.4 (Yoast SEO v23.4) - https:\/\/yoast.com\/wordpress\/plugins\/seo\/ -->\n<title>V2 Pages 13321<\/title>\n<meta name=\"robots\" content=\"index, follow, max-snippet:-1, max-image-preview:large, max-video-preview:-1\" \/>\n<link rel=\"canonical\" href=\"https:\/\/web-company.com\/es\/\" \/>\n<meta property=\"og:locale\" content=\"es_ES\" \/>\n<meta property=\"og:type\" content=\"article\" \/>\n<meta property=\"og:title\" content=\"Web-Company - especialista en saas, tiendas web, sitios web y marketing online\" \/>\n<meta property=\"og:description\" content=\"[vc_row full_width=\u00bbstretch_row\u00bb content_placement=\u00bbmiddle\u00bb kd_background_overlay=\u00bbdefault\u00bb kd_background_image_position=\u00bbvc_row-bg-position-top\u00bb css=\u00bb.vc_custom_1654605223767{padding-top: 230px !important;padding-bottom: 120px !important;}\u00bb css_tablet_portrait=\u00bb.vc_custom_1654605223767{padding-top: 50px !important;padding-bottom: 70px !important;}\u00bb css_mobile=\u00bb.vc_custom_1654605223768{padding-top: 50px !important;padding-bottom: 70px !important;}\u00bb][vc_column][vc_row_inner [&hellip;]\" \/>\n<meta property=\"og:url\" content=\"https:\/\/web-company.com\/es\/\" \/>\n<meta property=\"og:site_name\" content=\"Web-Company\" \/>\n<meta property=\"article:modified_time\" content=\"2024-10-28T15:21:10+00:00\" \/>\n<meta name=\"twitter:card\" content=\"summary_large_image\" \/>\n<meta name=\"twitter:label1\" content=\"Tiempo de lectura\" \/>\n\t<meta name=\"twitter:data1\" content=\"9 minutos\" \/>\n<script type=\"application\/ld+json\" class=\"yoast-schema-graph\">{\"@context\":\"https:\/\/schema.org\",\"@graph\":[{\"@type\":\"WebPage\",\"@id\":\"https:\/\/web-company.com\/es\/\",\"url\":\"https:\/\/web-company.com\/es\/\",\"name\":\"Web-Company - especialista en saas, tiendas web, sitios web y marketing online - Web-Company\",\"isPartOf\":{\"@id\":\"https:\/\/web-company.com\/es\/#website\"},\"datePublished\":\"2022-03-29T16:38:11+00:00\",\"dateModified\":\"2024-10-28T15:21:10+00:00\",\"breadcrumb\":{\"@id\":\"https:\/\/web-company.com\/es\/#breadcrumb\"},\"inLanguage\":\"es\",\"potentialAction\":[{\"@type\":\"ReadAction\",\"target\":[\"https:\/\/web-company.com\/es\/\"]}]},{\"@type\":\"BreadcrumbList\",\"@id\":\"https:\/\/web-company.com\/es\/#breadcrumb\",\"itemListElement\":[{\"@type\":\"ListItem\",\"position\":1,\"name\":\"Home\",\"item\":\"https:\/\/web-company.com\/es\/web-company-especialista-en-saas-tiendas-web-sitios-web-y-marketing-online\/\"},{\"@type\":\"ListItem\",\"position\":2,\"name\":\"Web-Company &#8211; especialista en saas, tiendas web, sitios web y marketing online\"}]},{\"@type\":\"WebSite\",\"@id\":\"https:\/\/web-company.com\/es\/#website\",\"url\":\"https:\/\/web-company.com\/es\/\",\"name\":\"web-company.com\",\"description\":\"\",\"publisher\":{\"@id\":\"https:\/\/web-company.com\/es\/#organization\"},\"potentialAction\":[{\"@type\":\"SearchAction\",\"target\":{\"@type\":\"EntryPoint\",\"urlTemplate\":\"https:\/\/web-company.com\/es\/?s={search_term_string}\"},\"query-input\":{\"@type\":\"PropertyValueSpecification\",\"valueRequired\":true,\"valueName\":\"search_term_string\"}}],\"inLanguage\":\"es\"},{\"@type\":\"Organization\",\"@id\":\"https:\/\/web-company.com\/es\/#organization\",\"name\":\"web-company.com\",\"url\":\"https:\/\/web-company.com\/es\/\",\"logo\":{\"@type\":\"ImageObject\",\"inLanguage\":\"es\",\"@id\":\"https:\/\/web-company.com\/es\/#\/schema\/logo\/image\/\",\"url\":\"https:\/\/web-company.com\/wp-content\/uploads\/2024\/08\/web-company_transparantPNGsite.png\",\"contentUrl\":\"https:\/\/web-company.com\/wp-content\/uploads\/2024\/08\/web-company_transparantPNGsite.png\",\"width\":198,\"height\":70,\"caption\":\"web-company.com\"},\"image\":{\"@id\":\"https:\/\/web-company.com\/es\/#\/schema\/logo\/image\/\"}}]}<\/script>\n<!-- \/ Yoast SEO Premium plugin. -->","yoast_head_json":{"title":"V2 Pages 13321","robots":{"index":"index","follow":"follow","max-snippet":"max-snippet:-1","max-image-preview":"max-image-preview:large","max-video-preview":"max-video-preview:-1"},"canonical":"https:\/\/web-company.com\/es\/","og_locale":"es_ES","og_type":"article","og_title":"Web-Company - especialista en saas, tiendas web, sitios web y marketing online","og_description":"[vc_row full_width=\u00bbstretch_row\u00bb content_placement=\u00bbmiddle\u00bb kd_background_overlay=\u00bbdefault\u00bb kd_background_image_position=\u00bbvc_row-bg-position-top\u00bb css=\u00bb.vc_custom_1654605223767{padding-top: 230px !important;padding-bottom: 120px !important;}\u00bb css_tablet_portrait=\u00bb.vc_custom_1654605223767{padding-top: 50px !important;padding-bottom: 70px !important;}\u00bb css_mobile=\u00bb.vc_custom_1654605223768{padding-top: 50px !important;padding-bottom: 70px !important;}\u00bb][vc_column][vc_row_inner [&hellip;]","og_url":"https:\/\/web-company.com\/es\/","og_site_name":"Web-Company","article_modified_time":"2024-10-28T15:21:10+00:00","twitter_card":"summary_large_image","twitter_misc":{"Tiempo de lectura":"9 minutos"},"schema":{"@context":"https:\/\/schema.org","@graph":[{"@type":"WebPage","@id":"https:\/\/web-company.com\/es\/","url":"https:\/\/web-company.com\/es\/","name":"Web-Company - especialista en saas, tiendas web, sitios web y marketing online - Web-Company","isPartOf":{"@id":"https:\/\/web-company.com\/es\/#website"},"datePublished":"2022-03-29T16:38:11+00:00","dateModified":"2024-10-28T15:21:10+00:00","breadcrumb":{"@id":"https:\/\/web-company.com\/es\/#breadcrumb"},"inLanguage":"es","potentialAction":[{"@type":"ReadAction","target":["https:\/\/web-company.com\/es\/"]}]},{"@type":"BreadcrumbList","@id":"https:\/\/web-company.com\/es\/#breadcrumb","itemListElement":[{"@type":"ListItem","position":1,"name":"Home","item":"https:\/\/web-company.com\/es\/web-company-especialista-en-saas-tiendas-web-sitios-web-y-marketing-online\/"},{"@type":"ListItem","position":2,"name":"Web-Company &#8211; especialista en saas, tiendas web, sitios web y marketing online"}]},{"@type":"WebSite","@id":"https:\/\/web-company.com\/es\/#website","url":"https:\/\/web-company.com\/es\/","name":"web-company.com","description":"","publisher":{"@id":"https:\/\/web-company.com\/es\/#organization"},"potentialAction":[{"@type":"SearchAction","target":{"@type":"EntryPoint","urlTemplate":"https:\/\/web-company.com\/es\/?s={search_term_string}"},"query-input":{"@type":"PropertyValueSpecification","valueRequired":true,"valueName":"search_term_string"}}],"inLanguage":"es"},{"@type":"Organization","@id":"https:\/\/web-company.com\/es\/#organization","name":"web-company.com","url":"https:\/\/web-company.com\/es\/","logo":{"@type":"ImageObject","inLanguage":"es","@id":"https:\/\/web-company.com\/es\/#\/schema\/logo\/image\/","url":"https:\/\/web-company.com\/wp-content\/uploads\/2024\/08\/web-company_transparantPNGsite.png","contentUrl":"https:\/\/web-company.com\/wp-content\/uploads\/2024\/08\/web-company_transparantPNGsite.png","width":198,"height":70,"caption":"web-company.com"},"image":{"@id":"https:\/\/web-company.com\/es\/#\/schema\/logo\/image\/"}}]}},"_links":{"self":[{"href":"https:\/\/web-company.com\/es\/wp-json\/wp\/v2\/pages\/13321"}],"collection":[{"href":"https:\/\/web-company.com\/es\/wp-json\/wp\/v2\/pages"}],"about":[{"href":"https:\/\/web-company.com\/es\/wp-json\/wp\/v2\/types\/page"}],"author":[{"embeddable":true,"href":"https:\/\/web-company.com\/es\/wp-json\/wp\/v2\/users\/1"}],"replies":[{"embeddable":true,"href":"https:\/\/web-company.com\/es\/wp-json\/wp\/v2\/comments?post=13321"}],"version-history":[{"count":2,"href":"https:\/\/web-company.com\/es\/wp-json\/wp\/v2\/pages\/13321\/revisions"}],"predecessor-version":[{"id":13324,"href":"https:\/\/web-company.com\/es\/wp-json\/wp\/v2\/pages\/13321\/revisions\/13324"}],"wp:attachment":[{"href":"https:\/\/web-company.com\/es\/wp-json\/wp\/v2\/media?parent=13321"}],"curies":[{"name":"wp","href":"https:\/\/api.w.org\/{rel}","templated":true}]}}