{"id":13396,"date":"2024-09-12T12:40:40","date_gmt":"2024-09-12T12:40:40","guid":{"rendered":"https:\/\/web-company.com\/desarrollo-saas\/"},"modified":"2024-10-28T15:28:28","modified_gmt":"2024-10-28T15:28:28","slug":"desarrollo-saas","status":"publish","type":"page","link":"https:\/\/web-company.com\/es\/desarrollo-saas\/","title":{"rendered":"Desarrollo SaaS"},"content":{"rendered":"<div class=\"wpb-content-wrapper\"><p>[vc_row full_width=\u00bbstretch_row\u00bb kd_background_overlay=\u00bbdefault\u00bb kd_background_image_position=\u00bbvc_row-bg-position-top\u00bb css=\u00bb.vc_custom_1725863735890{padding-top: 220px !important;padding-bottom: 380px !important;background: #ffffff url(https:\/\/web-company.com\/wp-content\/uploads\/2024\/09\/Background_colored_lighter_3-scaled.jpg?id=12593) !important;background-position: 0 0 !important;background-repeat: no-repeat !important;}\u00bb css_tablet_landscape=\u00bb.vc_custom_1725863735891{background-position: center !important;background-repeat: no-repeat !important;background-size: cover !important;}\u00bb css_tablet_portrait=\u00bb.vc_custom_1725863735891{padding-top: 100px !important;background-position: center !important;background-repeat: no-repeat !important;background-size: cover !important;}\u00bb css_mobile=\u00bb.vc_custom_1725863735891{padding-top: 100px !important;background-position: center !important;background-repeat: no-repeat !important;background-size: cover !important;}\u00bb][vc_column]<div class=\"kd-text-rotator text-center\" data-speed=\"2000\"><h2 class=\"kd-text-rotator-container slide\" style=\" font-size: 70px; line-height: 80px;\">SaaS oplossing <span class=\"kd-rotator-wrapper\"><span class=\"rotator-single is-visible\">laten ontwikkelen?<\/span><\/span><\/h2><\/div><header class=\"kd-section-title col-lg-12 text-center  vc_custom_1726730347219 kd-animated fadeIn\" data-animation-delay=200><h6 class=\"subtitle\" style=\"color: #00234b;font-size:24px;\"><br \/>\nDesde un MVP hasta un sistema SaaS escalable. Te ayudamos con la estrategia, la validaci\u00f3n del mercado, la construcci\u00f3n y el marketing.<\/h6><\/header>[\/vc_column][\/vc_row][vc_row full_width=\u00bbstretch_row_content\u00bb kd_background_overlay=\u00bbgray-color\u00bb kd_background_image_position=\u00bbvc_row-bg-position-top\u00bb el_class=\u00bboverflow-fix\u00bb css=\u00bb.vc_custom_1647874053425{margin-bottom: -40px !important;}\u00bb][vc_column][vc_single_image image=\u00bb12838&#8243; img_size=\u00bbfull\u00bb alignment=\u00bbcenter\u00bb css_animation=\u00bbbottom-to-top\u00bb css=\u00bb.vc_custom_1726733687344{margin-top: -300px !important;}\u00bb][\/vc_column][\/vc_row][vc_row full_width=\u00bbstretch_row\u00bb kd_background_overlay=\u00bbgray-color\u00bb kd_background_image_position=\u00bbvc_row-bg-position-top\u00bb css=\u00bb.vc_custom_1725697679860{padding-top: 0px !important;padding-bottom: 0px !important;}\u00bb el_class=\u00bbboxed-column\u00bb][vc_column]<div class=\"features-tabs tabs-image-right tabs-white-bg tab-img-fullwidth kd-animated fadeIn\" data-animation-delay=200>\r\n\t\t\t\t<div id=\"tab-69e836f86580c\">\r\n\t\t\t\t<div class=\"tab-image-container\"><img loading=\"lazy\" decoding=\"async\" width=\"652\" height=\"400\" src=\"https:\/\/web-company.com\/wp-content\/uploads\/2020\/08\/Case_image_652x400_11_APIcenter.jpg\" class=\"attachment-full\" alt=\"\" title=\"Case_image_652x400_11_APIcenter\" srcset=\"https:\/\/web-company.com\/wp-content\/uploads\/2020\/08\/Case_image_652x400_11_APIcenter.jpg 652w, https:\/\/web-company.com\/wp-content\/uploads\/2020\/08\/Case_image_652x400_11_APIcenter-300x184.jpg 300w\" sizes=\"(max-width: 652px) 100vw, 652px\" \/><\/div>\r\n\t\t\t\t<\/div>\r\n\r\n\t\t\t\t<li class=\"tab-control-item \">\r\n\t\t\t\t\t<a href=\"#tab-69e836f86580c\">\r\n\t\t\t\t\t\t<div class=\"tab-text-container\"><h5 class=\"tab-title\">Un buen MVP es la base<\/h5><p class=\"tab-content\">Empezamos con un Producto M\u00ednimo Viable (MVP) para proyectos SaaS, construyendo, probando y optimizando r\u00e1pidamente las funcionalidades b\u00e1sicas para acelerar la adopci\u00f3n por el mercado.<\/p><\/div>\r\n\t\t\t\t\t<\/a>\r\n\t\t\t\t<\/li><div id=\"tab-69e836f865bfc\">\r\n\t\t\t\t<div class=\"tab-image-container\"><img loading=\"lazy\" decoding=\"async\" width=\"652\" height=\"400\" src=\"https:\/\/web-company.com\/wp-content\/uploads\/2020\/08\/Case_image_652x400_image_2.jpg\" class=\"attachment-full\" alt=\"Braindash case\" title=\"Case_image_652x400_image_2\" srcset=\"https:\/\/web-company.com\/wp-content\/uploads\/2020\/08\/Case_image_652x400_image_2.jpg 652w, https:\/\/web-company.com\/wp-content\/uploads\/2020\/08\/Case_image_652x400_image_2-300x184.jpg 300w\" sizes=\"(max-width: 652px) 100vw, 652px\" \/><\/div>\r\n\t\t\t\t<\/div>\r\n\r\n\t\t\t\t<li class=\"tab-control-item \">\r\n\t\t\t\t\t<a href=\"#tab-69e836f865bfc\">\r\n\t\t\t\t\t\t<div class=\"tab-text-container\"><h5 class=\"tab-title\">La escalabilidad es clave<\/h5><p class=\"tab-content\">Los proyectos SaaS se vuelven pre-escalables construyendo una infraestructura eficiente y aplicando la automatizaci\u00f3n para que la aplicaci\u00f3n pueda crecer sin esfuerzo con el aumento de usuarios y datos.<\/p><\/div>\r\n\t\t\t\t\t<\/a>\r\n\t\t\t\t<\/li><div id=\"tab-69e836f865fe9\">\r\n\t\t\t\t<div class=\"tab-image-container\"><img loading=\"lazy\" decoding=\"async\" width=\"652\" height=\"400\" src=\"https:\/\/web-company.com\/wp-content\/uploads\/2020\/08\/SellableSellable.jpg\" class=\"attachment-full\" alt=\"Sellable\" title=\"SellableSellable\" srcset=\"https:\/\/web-company.com\/wp-content\/uploads\/2020\/08\/SellableSellable.jpg 652w, https:\/\/web-company.com\/wp-content\/uploads\/2020\/08\/SellableSellable-300x184.jpg 300w\" sizes=\"(max-width: 652px) 100vw, 652px\" \/><\/div>\r\n\t\t\t\t<\/div>\r\n\r\n\t\t\t\t<li class=\"tab-control-item \">\r\n\t\t\t\t\t<a href=\"#tab-69e836f865fe9\">\r\n\t\t\t\t\t\t<div class=\"tab-text-container\"><h5 class=\"tab-title\">Marketing SaaS<\/h5><p class=\"tab-content\">Estrategias de marketing eficaces para hacer crecer los proyectos SaaS y llegar a los clientes.<\/p><\/div>\r\n\t\t\t\t\t<\/a>\r\n\t\t\t\t<\/li>\r\n\t\t\t\t<ul class=\"tab-controls\"><\/ul>\r\n\t\t\t<\/div>[\/vc_column][\/vc_row][vc_row full_width=\u00bbstretch_row_content\u00bb kd_background_overlay=\u00bbdefault\u00bb kd_background_image_position=\u00bbvc_row-bg-position-top\u00bb el_class=\u00bboverflow-fix\u00bb css=\u00bb.vc_custom_1725701090010{margin-bottom: 0px !important;padding-bottom: 100px !important;}\u00bb css_tablet_portrait=\u00bb.vc_custom_1725701090010{margin-bottom: 0px !important;}\u00bb css_mobile=\u00bb.vc_custom_1725701090011{margin-bottom: 0px !important;}\u00bb][vc_column css_tablet_portrait=\u00bb.vc_custom_1647265212653{padding-right: 0px !important;padding-left: 0px !important;}\u00bb css_mobile=\u00bb.vc_custom_1647265212653{padding-right: 0px !important;padding-left: 0px !important;}\u00bb css=\u00bb.vc_custom_1647265212652{padding-right: 0px !important;padding-left: 0px !important;}\u00bb][vc_row_inner full_width=\u00bbinner_row_contained\u00bb kd_background_overlay=\u00bbgray-color\u00bb kd_background_image_position=\u00bbvc_row-bg-position-top\u00bb css=\u00bb.vc_custom_1647264952357{margin-right: 45px !important;margin-left: 45px !important;padding-top: 100px !important;padding-bottom: 0px !important;}\u00bb css_tablet_portrait=\u00bb.vc_custom_1647264952357{margin-right: 0px !important;margin-left: 0px !important;padding-bottom: 100px !important;border-radius: 0px !important;}\u00bb css_mobile=\u00bb.vc_custom_1647264952357{margin-right: 0px !important;margin-left: 0px !important;padding-bottom: 100px !important;border-radius: 0px !important;}\u00bb css_tablet_landscape=\u00bb.vc_custom_1647264952357{margin-right: 0px !important;margin-left: 0px !important;padding-bottom: 100px !important;}\u00bb][vc_column_inner width=\u00bb1\/4&#8243; css=\u00bb.vc_custom_1649150270568{padding-top: 190px !important;}\u00bb css_tablet_portrait=\u00bb.vc_custom_1649150270569{padding-top: 150px !important;}\u00bb css_mobile=\u00bb.vc_custom_1649150270569{padding-top: 0px !important;}\u00bb offset=\u00bbvc_col-lg-4 vc_col-md-6 vc_col-xs-12&#8243;]<div class=\"key-icon-box icon-default icon-top cont-center ib-hover-2 with-border icon-with-background  icon-no-border  kd-animated fadeInUp\" style=\"background-color: #ffffff;border: 1px solid #e7e7e7;margin-bottom:30px;\" ><div class=\"ib-wrapper\" style=\"padding-top:45px;padding-bottom:45px;padding-left:35px;padding-right:35px;\"><div class=\"ib-icon-wrapper custom-wrapper-size\" style=\"width:40px;height:40px;margin-bottom:30px;width:40px;\"><i class=\"iconsmind-Note iconsmind-Design\" style=\"font-size: 40px;font-weight: 400;\"><\/i> <\/div><h4 class=\"service-heading\" >Estrategia<\/h4><p style=\"font-size: 20px;\">La estrategia se discute en detalle durante las sesiones de brainstorming, tras las cuales el equipo de desarrollo empieza a realizar el proyecto SaaS.<\/p><\/div><\/div>[\/vc_column_inner][vc_column_inner width=\u00bb1\/4&#8243; css=\u00bb.vc_custom_1647264874131{margin-bottom: -100px !important;}\u00bb css_tablet_portrait=\u00bb.vc_custom_1647264874132{margin-bottom: 0px !important;}\u00bb css_mobile=\u00bb.vc_custom_1647264874132{margin-bottom: 0px !important;}\u00bb offset=\u00bbvc_col-lg-4 vc_col-md-6 vc_col-xs-12&#8243;]<div class=\"key-icon-box icon-default icon-top cont-center ib-hover-2 with-border icon-with-background  icon-no-border  kd-animated fadeInDown\" style=\"background-color: #ffffff;border: 1px solid #e7e7e7;margin-bottom:30px;\" data-animation-delay=200><div class=\"ib-wrapper\" style=\"padding-top:45px;padding-bottom:45px;padding-left:35px;padding-right:35px;\"><div class=\"ib-icon-wrapper custom-wrapper-size\" style=\"width:40px;height:40px;margin-bottom:30px;width:40px;\"><i class=\"iconsmind-Auto-Flash iconsmind-Photos-Class\" style=\"font-size: 40px;font-weight: 400;\"><\/i> <\/div><h4 class=\"service-heading\" >Comunicaci\u00f3n fluida<\/h4><p style=\"font-size: 20px;\">Comun\u00edcate con tus contactos habituales dentro de Web-Company, que son gestores de proyectos experimentados y especialistas en SaaS.<\/p><\/div><\/div><div class=\"key-icon-box icon-default icon-top cont-center ib-hover-2 with-border icon-with-background  icon-no-border  kd-animated fadeInUp\" style=\"background-color: #ffffff;border: 1px solid #e7e7e7;margin-bottom:30px;\" data-animation-delay=400><div class=\"ib-wrapper\" style=\"padding-top:45px;padding-bottom:45px;padding-left:35px;padding-right:35px;\"><div class=\"ib-icon-wrapper custom-wrapper-size\" style=\"width:40px;height:40px;margin-bottom:30px;width:40px;\"><i class=\"iconsmind-Administrator iconsmind-People\" style=\"font-size: 40px;font-weight: 400;\"><\/i> <\/div><h4 class=\"service-heading\" >Equipo especializado<\/h4><p style=\"font-size: 20px;\">Nuestros desarrolladores senior de SaaS y estrategas de SaaS han creado numerosos sistemas SaaS.<\/p><\/div><\/div>[\/vc_column_inner][vc_column_inner width=\u00bb1\/2&#8243; css=\u00bb.vc_custom_1647265217445{padding-top: 100px !important;padding-right: 0px !important;padding-left: 35px !important;}\u00bb css_tablet_portrait=\u00bb.vc_custom_1647265217446{padding-top: 50px !important;padding-left: 15px !important;}\u00bb css_mobile=\u00bb.vc_custom_1647265217446{padding-top: 50px !important;padding-left: 15px !important;}\u00bb offset=\u00bbvc_col-lg-4 vc_col-md-12 vc_col-xs-12&#8243; css_tablet_landscape=\u00bb.vc_custom_1647265217446{padding-top: 100px !important;padding-left: 15px !important;}\u00bb]<header class=\"kd-section-title col-lg-12 text-left  vc_custom_1726734919641 kd-animated fadeIn\" data-animation-delay=200><p class=\"st-overline primary-color\" style=\"font-size:14px;\">ESPECIALIZADO EN SISTEMAS SAAS<\/p><h2 class=\"kd-main-title separator_off\" style=\"margin-bottom:30px;\">Desde sistemas SaaS a peque\u00f1a escala hasta sistemas altamente sofisticados<\/h2><h6 class=\"subtitle\" >Web-Company ofrece asistencia integral en el desarrollo de sistemas SaaS. Empezamos con un an\u00e1lisis exhaustivo de tus necesidades empresariales, tras lo cual dise\u00f1amos una soluci\u00f3n escalable y f\u00e1cil de usar. Nuestro equipo garantiza el r\u00e1pido desarrollo de un MVP (Producto M\u00ednimo Viable) con funcionalidades b\u00e1sicas, seguido de mejoras iterativas basadas en la retroalimentaci\u00f3n. Mediante la integraci\u00f3n en la nube, la optimizaci\u00f3n de la seguridad y la automatizaci\u00f3n, garantizamos un sistema robusto que puede crecer sin esfuerzo con tu empresa. <\/p>\n<p> <\/h6><\/header>[\/vc_column_inner][\/vc_row_inner][\/vc_column][\/vc_row][vc_row full_width=\u00bbstretch_row\u00bb content_placement=\u00bbmiddle\u00bb kd_background_overlay=\u00bbdefault\u00bb kd_background_image_position=\u00bbvc_row-bg-position-top\u00bb css=\u00bb.vc_custom_1649766970618{padding-top: 100px !important;padding-bottom: 100px !important;}\u00bb css_tablet_landscape=\u00bb.vc_custom_1649766970619{padding-bottom: 80px !important;}\u00bb][vc_column][vc_row_inner content_placement=\u00bbmiddle\u00bb kd_background_overlay=\u00bbdefault\u00bb kd_background_image_position=\u00bbvc_row-bg-position-top\u00bb][vc_column_inner css=\u00bb.vc_custom_1649766993072{padding-left: 0px !important;}\u00bb offset=\u00bbvc_col-lg-offset-0 vc_col-lg-6 vc_col-md-offset-1 vc_col-sm-offset-1&#8243; css_tablet_landscape=\u00bb.vc_custom_1649766993072{margin-bottom: 30px !important;padding-right: 60px !important;padding-left: 0px !important;}\u00bb css_tablet_portrait=\u00bb.vc_custom_1649766993072{margin-bottom: 50px !important;padding-right: 30px !important;padding-left: 30px !important;}\u00bb css_mobile=\u00bb.vc_custom_1649766993072{margin-bottom: 50px !important;padding-right: 15px !important;padding-left: 15px !important;}\u00bb]<header class=\"kd-section-title col-lg-12 text-left  vc_custom_1726735029487 kd-animated fadeIn\" data-animation-delay=200><h2 class=\"kd-main-title separator_off\" >Especialista en SaaS con experiencia<\/h2><h6 class=\"subtitle\" >Web-Company ofrece soluciones SaaS personalizadas y escalables que satisfacen las necesidades de tu empresa.<\/h6><\/header><ul class=\"kd-icon-list kd-animated fadeIn\" data-animation-delay=200><li class=\"kd-icon-list-item\"><div class=\"kd-icon-wrapper icon-circle\" ><i class=\"fas fa-check\" style=\"color: #ffffff;\"><\/i><\/div><span class=\"kd-list-text\" >Conocimientos profundos de desarrollo e implantaci\u00f3n de SaaS<\/span><\/li><li class=\"kd-icon-list-item\"><div class=\"kd-icon-wrapper icon-circle\" ><i class=\"fas fa-check\" style=\"color: #ffffff;\"><\/i><\/div><span class=\"kd-list-text\" >Entrega r\u00e1pida de un MVP para la validaci\u00f3n inmediata del mercado<\/span><\/li><li class=\"kd-icon-list-item\"><div class=\"kd-icon-wrapper icon-circle\" ><i class=\"fas fa-check\" style=\"color: #ffffff;\"><\/i><\/div><span class=\"kd-list-text\" >Soluciones escalables que crecen con tu negocio<\/span><\/li><li class=\"kd-icon-list-item\"><div class=\"kd-icon-wrapper icon-circle\" ><i class=\"fas fa-check\" style=\"color: #ffffff;\"><\/i><\/div><span class=\"kd-list-text\" >Integraci\u00f3n completa en la nube y medidas de seguridad<\/span><\/li><li class=\"kd-icon-list-item\"><div class=\"kd-icon-wrapper icon-circle\" ><i class=\"fas fa-check\" style=\"color: #ffffff;\"><\/i><\/div><span class=\"kd-list-text\" >Arquitectura flexible y preparada para el futuro<\/span><\/li><li class=\"kd-icon-list-item\"><div class=\"kd-icon-wrapper icon-circle\" ><i class=\"fas fa-check\" style=\"color: #ffffff;\"><\/i><\/div><span class=\"kd-list-text\" >Excelente servicio de atenci\u00f3n al cliente y apoyo continuo<\/span><\/li><\/ul>[\/vc_column_inner][vc_column_inner offset=\u00bbvc_col-lg-6&#8243; css=\u00bb.vc_custom_1649766944257{padding-right: 0px !important;padding-left: 0px !important;}\u00bb css_mobile=\u00bb.vc_custom_1649766944258{padding-right: 20px !important;}\u00bb][vc_single_image image=\u00bb12339&#8243; img_size=\u00bbfull\u00bb alignment=\u00bbright\u00bb css_animation=\u00bbfadeIn\u00bb css=\u00bb\u00bb][\/vc_column_inner][\/vc_row_inner][\/vc_column][\/vc_row][vc_row full_width=\u00bbstretch_row\u00bb kd_background_overlay=\u00bbdefault\u00bb kd_background_image_position=\u00bbvc_row-bg-position-top\u00bb][vc_column][vc_row_inner kd_background_overlay=\u00bbdefault\u00bb kd_background_image_position=\u00bbvc_row-bg-position-top\u00bb css=\u00bb.vc_custom_1649681343958{padding-top: 130px !important;padding-bottom: 130px !important;}\u00bb][vc_column_inner width=\u00bb1\/6&#8243;][\/vc_column_inner][vc_column_inner width=\u00bb2\/3&#8243;][vc_empty_space height=\u00bb15px\u00bb]<div class=\"kd-text-rotator text-center\" data-speed=\"3000\"><h1 class=\"kd-text-rotator-container zoom\" style=\"\">Meer informatie over het bouwen van een SaaS systeem? <\/span><\/h1><\/div>[vc_empty_space height=\u00bb25px\u00bb]<a href=\"https:\/\/web-company.com\/contact\/\" target=\"_self\"   class=\"tt_button tt_primary_button btn_gradient_color reverse_gradient button-center button-action-link   kd-animated zoomIn\" data-text=\"Ponte en contacto\" data-animation-delay=200><span class=\"prim_text\">Ponte en contacto<\/span><\/a>[\/vc_column_inner][vc_column_inner width=\u00bb1\/6&#8243;][\/vc_column_inner][\/vc_row_inner][\/vc_column][\/vc_row]<\/p>\n<\/div>","protected":false},"excerpt":{"rendered":"<p>[vc_row full_width=\u00bbstretch_row\u00bb kd_background_overlay=\u00bbdefault\u00bb kd_background_image_position=\u00bbvc_row-bg-position-top\u00bb css=\u00bb.vc_custom_1725863735890{padding-top: 220px !important;padding-bottom: 380px !important;background: #ffffff url(https:\/\/web-company.com\/wp-content\/uploads\/2024\/09\/Background_colored_lighter_3-scaled.jpg?id=12593) !important;background-position: 0 0 !important;background-repeat: no-repeat !important;}\u00bb css_tablet_landscape=\u00bb.vc_custom_1725863735891{background-position: center !important;background-repeat: [&hellip;]<\/p>\n","protected":false},"author":1,"featured_media":0,"parent":0,"menu_order":0,"comment_status":"closed","ping_status":"closed","template":"","meta":{"footnotes":""},"class_list":["post-13396","page","type-page","status-publish","hentry"],"acf":[],"yoast_head":"<!-- This site is optimized with the Yoast SEO Premium plugin v23.4 (Yoast SEO v23.4) - https:\/\/yoast.com\/wordpress\/plugins\/seo\/ -->\n<title>V2 Pages 13396<\/title>\n<meta name=\"robots\" content=\"index, follow, max-snippet:-1, max-image-preview:large, max-video-preview:-1\" \/>\n<link rel=\"canonical\" href=\"https:\/\/web-company.com\/es\/desarrollo-saas\/\" \/>\n<meta property=\"og:locale\" content=\"es_ES\" \/>\n<meta property=\"og:type\" content=\"article\" \/>\n<meta property=\"og:title\" content=\"Desarrollo SaaS\" \/>\n<meta property=\"og:description\" content=\"[vc_row full_width=\u00bbstretch_row\u00bb kd_background_overlay=\u00bbdefault\u00bb kd_background_image_position=\u00bbvc_row-bg-position-top\u00bb css=\u00bb.vc_custom_1725863735890{padding-top: 220px !important;padding-bottom: 380px !important;background: #ffffff url(https:\/\/web-company.com\/wp-content\/uploads\/2024\/09\/Background_colored_lighter_3-scaled.jpg?id=12593) !important;background-position: 0 0 !important;background-repeat: no-repeat !important;}\u00bb css_tablet_landscape=\u00bb.vc_custom_1725863735891{background-position: center !important;background-repeat: [&hellip;]\" \/>\n<meta property=\"og:url\" content=\"https:\/\/web-company.com\/es\/desarrollo-saas\/\" \/>\n<meta property=\"og:site_name\" content=\"Web-Company\" \/>\n<meta property=\"article:modified_time\" content=\"2024-10-28T15:28:28+00:00\" \/>\n<meta name=\"twitter:card\" content=\"summary_large_image\" \/>\n<meta name=\"twitter:label1\" content=\"Tiempo de lectura\" \/>\n\t<meta name=\"twitter:data1\" content=\"11 minutos\" \/>\n<script type=\"application\/ld+json\" class=\"yoast-schema-graph\">{\"@context\":\"https:\/\/schema.org\",\"@graph\":[{\"@type\":\"WebPage\",\"@id\":\"https:\/\/web-company.com\/es\/desarrollo-saas\/\",\"url\":\"https:\/\/web-company.com\/es\/desarrollo-saas\/\",\"name\":\"Especialista en SaaS: De MVP a sistema SaaS escalable\",\"isPartOf\":{\"@id\":\"https:\/\/web-company.com\/es\/#website\"},\"datePublished\":\"2024-09-12T12:40:40+00:00\",\"dateModified\":\"2024-10-28T15:28:28+00:00\",\"breadcrumb\":{\"@id\":\"https:\/\/web-company.com\/es\/desarrollo-saas\/#breadcrumb\"},\"inLanguage\":\"es\",\"potentialAction\":[{\"@type\":\"ReadAction\",\"target\":[\"https:\/\/web-company.com\/es\/desarrollo-saas\/\"]}]},{\"@type\":\"BreadcrumbList\",\"@id\":\"https:\/\/web-company.com\/es\/desarrollo-saas\/#breadcrumb\",\"itemListElement\":[{\"@type\":\"ListItem\",\"position\":1,\"name\":\"Home\",\"item\":\"https:\/\/web-company.com\/es\/web-company-especialista-en-saas-tiendas-web-sitios-web-y-marketing-online\/\"},{\"@type\":\"ListItem\",\"position\":2,\"name\":\"Desarrollo SaaS\"}]},{\"@type\":\"WebSite\",\"@id\":\"https:\/\/web-company.com\/es\/#website\",\"url\":\"https:\/\/web-company.com\/es\/\",\"name\":\"web-company.com\",\"description\":\"\",\"publisher\":{\"@id\":\"https:\/\/web-company.com\/es\/#organization\"},\"potentialAction\":[{\"@type\":\"SearchAction\",\"target\":{\"@type\":\"EntryPoint\",\"urlTemplate\":\"https:\/\/web-company.com\/es\/?s={search_term_string}\"},\"query-input\":{\"@type\":\"PropertyValueSpecification\",\"valueRequired\":true,\"valueName\":\"search_term_string\"}}],\"inLanguage\":\"es\"},{\"@type\":\"Organization\",\"@id\":\"https:\/\/web-company.com\/es\/#organization\",\"name\":\"web-company.com\",\"url\":\"https:\/\/web-company.com\/es\/\",\"logo\":{\"@type\":\"ImageObject\",\"inLanguage\":\"es\",\"@id\":\"https:\/\/web-company.com\/es\/#\/schema\/logo\/image\/\",\"url\":\"https:\/\/web-company.com\/wp-content\/uploads\/2024\/08\/web-company_transparantPNGsite.png\",\"contentUrl\":\"https:\/\/web-company.com\/wp-content\/uploads\/2024\/08\/web-company_transparantPNGsite.png\",\"width\":198,\"height\":70,\"caption\":\"web-company.com\"},\"image\":{\"@id\":\"https:\/\/web-company.com\/es\/#\/schema\/logo\/image\/\"}}]}<\/script>\n<!-- \/ Yoast SEO Premium plugin. -->","yoast_head_json":{"title":"V2 Pages 13396","robots":{"index":"index","follow":"follow","max-snippet":"max-snippet:-1","max-image-preview":"max-image-preview:large","max-video-preview":"max-video-preview:-1"},"canonical":"https:\/\/web-company.com\/es\/desarrollo-saas\/","og_locale":"es_ES","og_type":"article","og_title":"Desarrollo SaaS","og_description":"[vc_row full_width=\u00bbstretch_row\u00bb kd_background_overlay=\u00bbdefault\u00bb kd_background_image_position=\u00bbvc_row-bg-position-top\u00bb css=\u00bb.vc_custom_1725863735890{padding-top: 220px !important;padding-bottom: 380px !important;background: #ffffff url(https:\/\/web-company.com\/wp-content\/uploads\/2024\/09\/Background_colored_lighter_3-scaled.jpg?id=12593) !important;background-position: 0 0 !important;background-repeat: no-repeat !important;}\u00bb css_tablet_landscape=\u00bb.vc_custom_1725863735891{background-position: center !important;background-repeat: [&hellip;]","og_url":"https:\/\/web-company.com\/es\/desarrollo-saas\/","og_site_name":"Web-Company","article_modified_time":"2024-10-28T15:28:28+00:00","twitter_card":"summary_large_image","twitter_misc":{"Tiempo de lectura":"11 minutos"},"schema":{"@context":"https:\/\/schema.org","@graph":[{"@type":"WebPage","@id":"https:\/\/web-company.com\/es\/desarrollo-saas\/","url":"https:\/\/web-company.com\/es\/desarrollo-saas\/","name":"Especialista en SaaS: De MVP a sistema SaaS escalable","isPartOf":{"@id":"https:\/\/web-company.com\/es\/#website"},"datePublished":"2024-09-12T12:40:40+00:00","dateModified":"2024-10-28T15:28:28+00:00","breadcrumb":{"@id":"https:\/\/web-company.com\/es\/desarrollo-saas\/#breadcrumb"},"inLanguage":"es","potentialAction":[{"@type":"ReadAction","target":["https:\/\/web-company.com\/es\/desarrollo-saas\/"]}]},{"@type":"BreadcrumbList","@id":"https:\/\/web-company.com\/es\/desarrollo-saas\/#breadcrumb","itemListElement":[{"@type":"ListItem","position":1,"name":"Home","item":"https:\/\/web-company.com\/es\/web-company-especialista-en-saas-tiendas-web-sitios-web-y-marketing-online\/"},{"@type":"ListItem","position":2,"name":"Desarrollo SaaS"}]},{"@type":"WebSite","@id":"https:\/\/web-company.com\/es\/#website","url":"https:\/\/web-company.com\/es\/","name":"web-company.com","description":"","publisher":{"@id":"https:\/\/web-company.com\/es\/#organization"},"potentialAction":[{"@type":"SearchAction","target":{"@type":"EntryPoint","urlTemplate":"https:\/\/web-company.com\/es\/?s={search_term_string}"},"query-input":{"@type":"PropertyValueSpecification","valueRequired":true,"valueName":"search_term_string"}}],"inLanguage":"es"},{"@type":"Organization","@id":"https:\/\/web-company.com\/es\/#organization","name":"web-company.com","url":"https:\/\/web-company.com\/es\/","logo":{"@type":"ImageObject","inLanguage":"es","@id":"https:\/\/web-company.com\/es\/#\/schema\/logo\/image\/","url":"https:\/\/web-company.com\/wp-content\/uploads\/2024\/08\/web-company_transparantPNGsite.png","contentUrl":"https:\/\/web-company.com\/wp-content\/uploads\/2024\/08\/web-company_transparantPNGsite.png","width":198,"height":70,"caption":"web-company.com"},"image":{"@id":"https:\/\/web-company.com\/es\/#\/schema\/logo\/image\/"}}]}},"_links":{"self":[{"href":"https:\/\/web-company.com\/es\/wp-json\/wp\/v2\/pages\/13396"}],"collection":[{"href":"https:\/\/web-company.com\/es\/wp-json\/wp\/v2\/pages"}],"about":[{"href":"https:\/\/web-company.com\/es\/wp-json\/wp\/v2\/types\/page"}],"author":[{"embeddable":true,"href":"https:\/\/web-company.com\/es\/wp-json\/wp\/v2\/users\/1"}],"replies":[{"embeddable":true,"href":"https:\/\/web-company.com\/es\/wp-json\/wp\/v2\/comments?post=13396"}],"version-history":[{"count":6,"href":"https:\/\/web-company.com\/es\/wp-json\/wp\/v2\/pages\/13396\/revisions"}],"predecessor-version":[{"id":13411,"href":"https:\/\/web-company.com\/es\/wp-json\/wp\/v2\/pages\/13396\/revisions\/13411"}],"wp:attachment":[{"href":"https:\/\/web-company.com\/es\/wp-json\/wp\/v2\/media?parent=13396"}],"curies":[{"name":"wp","href":"https:\/\/api.w.org\/{rel}","templated":true}]}}