{"id":13466,"date":"2024-09-04T11:00:38","date_gmt":"2024-09-04T11:00:38","guid":{"rendered":"https:\/\/web-company.com\/consultoria-de-comercio-electronico\/"},"modified":"2024-10-28T15:32:22","modified_gmt":"2024-10-28T15:32:22","slug":"consultoria-de-comercio-electronico","status":"publish","type":"page","link":"https:\/\/web-company.com\/es\/consultoria-de-comercio-electronico\/","title":{"rendered":"Consultor\u00eda de comercio electr\u00f3nico"},"content":{"rendered":"<div class=\"wpb-content-wrapper\"><p>[vc_row full_width=\u00bbstretch_row\u00bb kd_background_overlay=\u00bbdefault\u00bb kd_background_image_position=\u00bbvc_row-bg-position-top\u00bb css=\u00bb.vc_custom_1725696295315{padding-top: 280px !important;padding-bottom: 260px !important;background-image: url(https:\/\/web-company.com\/wp-content\/uploads\/2024\/09\/consultancy.webp?id=12480) !important;background-position: center !important;background-repeat: no-repeat !important;background-size: cover !important;}\u00bb css_tablet_portrait=\u00bb.vc_custom_1725696295316{padding-top: 150px !important;padding-bottom: 150px !important;background-image: url(https:\/\/web-company.com\/wp-content\/uploads\/2024\/09\/consultancy.webp?id=12480) !important;}\u00bb css_mobile=\u00bb.vc_custom_1725696295316{padding-top: 120px !important;padding-bottom: 120px !important;background-image: url(https:\/\/web-company.com\/wp-content\/uploads\/2024\/09\/consultancy.webp?id=12480) !important;}\u00bb css_tablet_landscape=\u00bb.vc_custom_1725696295315{padding-bottom: 200px !important;background-image: url(https:\/\/web-company.com\/wp-content\/uploads\/2024\/09\/consultancy.webp?id=12480) !important;}\u00bb][vc_column css=\u00bb.vc_custom_1516115464846{padding-left: 0px !important;}\u00bb][vc_row_inner kd_background_overlay=\u00bbdefault\u00bb kd_background_image_position=\u00bbvc_row-bg-position-top\u00bb][vc_column_inner width=\u00bb2\/3&#8243;]<header class=\"kd-section-title col-lg-12 text-left  vc_custom_1725451118192 kd-animated fadeIn\" data-animation-delay=200><p class=\"st-overline custom-color\" style=\"color:#ffffff;font-size:14px;margin-bottom:15px;\">ANALIZAR Y MEJORAR LAS ACTIVIDADES DE COMERCIO ELECTR\u00d3NICO<\/p><h1 class=\"kd-main-title separator_off\" style=\"color: #ffffff;font-size: 70px;line-height: 80px;margin-bottom:30px;\">Consultor\u00eda de comercio electr\u00f3nico<\/h1><h6 class=\"subtitle\" style=\"color: #e7e7e7;font-size:23px;\">La importancia de un an\u00e1lisis inteligente de las necesidades del comercio electr\u00f3nico para optimizar las estrategias de venta online.<\/h6><\/header>[\/vc_column_inner][vc_column_inner width=\u00bb1\/3&#8243; css=\u00bb.vc_custom_1597748338184{padding-top: 70px !important;}\u00bb][\/vc_column_inner][\/vc_row_inner][\/vc_column][\/vc_row][vc_row full_width=\u00bbstretch_row\u00bb kd_background_overlay=\u00bbgray-color\u00bb kd_background_image_position=\u00bbvc_row-bg-position-top\u00bb css=\u00bb.vc_custom_1649150718079{padding-top: 100px !important;padding-bottom: 70px !important;}\u00bb][vc_column css=\u00bb.vc_custom_1597665991208{padding-right: 0px !important;padding-left: 0px !important;}\u00bb][vc_row_inner kd_background_overlay=\u00bbdefault\u00bb kd_background_image_position=\u00bbvc_row-bg-position-top\u00bb][vc_column_inner width=\u00bb1\/3&#8243; css=\u00bb.vc_custom_1647263839888{padding-top: 230px !important;padding-right: 30px !important;}\u00bb css_tablet_portrait=\u00bb.vc_custom_1647263839889{margin-bottom: 50px !important;padding-top: 0px !important;padding-right: 50px !important;}\u00bb css_mobile=\u00bb.vc_custom_1647263839889{margin-bottom: 50px !important;padding-top: 0px !important;padding-right: 15px !important;}\u00bb offset=\u00bbvc_col-lg-4 vc_col-md-12&#8243; css_tablet_landscape=\u00bb.vc_custom_1647263839889{padding-top: 0px !important;}\u00bb]<header class=\"kd-section-title col-lg-12 text-left  vc_custom_1725520929981 kd-animated fadeIn\" data-animation-delay=200><p class=\"st-overline gradient-color\" style=\"font-size:14px;\">CONSULTOR\u00cdA DE COMERCIO ELECTR\u00d3NICO<\/p><h2 class=\"kd-main-title separator_off\" style=\"margin-bottom:30px;\">De la estrategia al desarrollo y la optimizaci\u00f3n<\/h2><h6 class=\"subtitle\" >Crear y optimizar un sitio web de comercio electr\u00f3nico de \u00e9xito implica mucho. Podemos ayudarte ofreci\u00e9ndote asesoramiento y orientaci\u00f3n de expertos. <\/h6><\/header>[\/vc_column_inner][vc_column_inner width=\u00bb1\/3&#8243; offset=\u00bbvc_col-lg-4 vc_col-md-6&#8243; css_tablet_portrait=\u00bb.vc_custom_1647263923831{padding-top: 0px !important;}\u00bb css_mobile=\u00bb.vc_custom_1647263923831{padding-top: 0px !important;}\u00bb]<div class=\"key-icon-box icon-default icon-top cont-center ib-hover-3 icon-with-background  icon-no-border icon-box-gradient kd-animated fadeInDown\" style=\"background-color: #ffffff;margin-bottom:30px;\" data-animation-delay=200><div class=\"ib-wrapper\" style=\"padding-top:45px;padding-bottom:45px;padding-left:35px;padding-right:35px;\"><div class=\"ib-icon-wrapper custom-wrapper-size\" style=\"width:40px;height:40px;margin-bottom:30px;width:40px;\"><i class=\"iconsmind-Receipt-4 iconsmind-Shopping-E-commerce\" style=\"font-size: 40px;font-weight: 700;\"><\/i> <\/div><h4 class=\"service-heading\" >Estrategia<\/h4><p style=\"font-size: 20px;\">Te ayudamos a seleccionar la mejor plataforma de comercio electr\u00f3nico y a redactar un plan de proyecto completo.<\/p><\/div><\/div><div class=\"key-icon-box icon-default icon-top cont-center ib-hover-3 icon-with-background  icon-no-border icon-box-gradient kd-animated fadeInUp\" style=\"background-color: #ffffff;margin-bottom:30px;\" data-animation-delay=200><div class=\"ib-wrapper\" style=\"padding-top:45px;padding-bottom:45px;padding-left:35px;padding-right:35px;\"><div class=\"ib-icon-wrapper custom-wrapper-size\" style=\"width:40px;height:40px;margin-bottom:30px;width:40px;\"><i class=\"iconsmind-This-SideUp iconsmind-Shopping-E-commerce\" style=\"font-size: 40px;font-weight: 700;\"><\/i> <\/div><h4 class=\"service-heading\" >Automatizaci\u00f3n<\/h4><p style=\"font-size: 20px;\">Las optimizaciones inteligentes y la automatizaci\u00f3n son importantes para que las ventas del comercio electr\u00f3nico sean escalables.<\/p><\/div><\/div>[\/vc_column_inner][vc_column_inner width=\u00bb1\/3&#8243; offset=\u00bbvc_col-lg-4 vc_col-md-6&#8243; css=\u00bb.vc_custom_1649150485313{padding-top: 100px !important;}\u00bb css_tablet_portrait=\u00bb.vc_custom_1649150485314{padding-top: 0px !important;}\u00bb css_mobile=\u00bb.vc_custom_1649150485314{padding-top: 0px !important;}\u00bb]<div class=\"key-icon-box icon-default icon-top cont-center ib-hover-3 icon-with-background  icon-no-border icon-box-gradient kd-animated fadeInDown\" style=\"background-color: #ffffff;margin-bottom:30px;\" data-animation-delay=400><div class=\"ib-wrapper\" style=\"padding-top:45px;padding-bottom:45px;padding-left:35px;padding-right:35px;\"><div class=\"ib-icon-wrapper custom-wrapper-size\" style=\"width:40px;height:40px;margin-bottom:30px;width:40px;\"><i class=\"iconsmind-Shop-4 iconsmind-Shopping-E-commerce\" style=\"font-size: 40px;font-weight: 700;\"><\/i> <\/div><h4 class=\"service-heading\" >Desarrollo<\/h4><p style=\"font-size: 20px;\">La construcci\u00f3n de la tienda web est\u00e1 supervisada por un gestor de proyectos y construida por nuestros desarrolladores.<\/p><\/div><\/div><div class=\"key-icon-box icon-default icon-top cont-center ib-hover-3 icon-with-background  icon-no-border icon-box-gradient kd-animated fadeInUp\" style=\"background-color: #ffffff;margin-bottom:30px;\" data-animation-delay=400><div class=\"ib-wrapper\" style=\"padding-top:45px;padding-bottom:45px;padding-left:35px;padding-right:35px;\"><div class=\"ib-icon-wrapper custom-wrapper-size\" style=\"width:40px;height:40px;margin-bottom:30px;width:40px;\"><i class=\"iconsmind-Optimization iconsmind-Seo-Icons\" style=\"font-size: 40px;font-weight: 700;\"><\/i> <\/div><h4 class=\"service-heading\" >Optimizaci\u00f3n<\/h4><p style=\"font-size: 20px;\">Tras la puesta en marcha, controlamos la seguridad de la tienda online y tambi\u00e9n ayudamos a desplegar un marketing online \u00f3ptimo.<\/p><\/div><\/div>[\/vc_column_inner][\/vc_row_inner][\/vc_column][\/vc_row][vc_row kd_background_overlay=\u00bbdefault\u00bb kd_background_image_position=\u00bbvc_row-bg-position-top\u00bb][vc_column][vc_empty_space height=\u00bb62px\u00bb]<header class=\"kd-section-title col-lg-12 text-center\" ><h2 class=\"kd-main-title separator_off\" >\u00bfQu\u00e9 hay que hacer para crear una tienda online de \u00e9xito?<\/h2><h6 class=\"subtitle\" >Crear y optimizar un sitio web de comercio electr\u00f3nico de \u00e9xito implica mucho. Podemos ayudarte ofreci\u00e9ndote asesoramiento y orientaci\u00f3n de expertos. Pero, \u00bfcu\u00e1les son exactamente los componentes clave de la consultor\u00eda de comercio electr\u00f3nico?  <\/h6><\/header>[\/vc_column][\/vc_row][vc_row kd_background_overlay=\u00bbdefault\u00bb kd_background_image_position=\u00bbvc_row-bg-position-top\u00bb][vc_column][vc_column_text css=\u00bb\u00bb]<strong>1.<\/strong><br \/>\nS<strong>elecci\u00f3n del paquete<\/strong> Hay varios factores que determinan qu\u00e9 paquete de comercio electr\u00f3nico es el m\u00e1s adecuado para tu empresa. Si tienes una empresa B2B, hay que hacer elecciones diferentes que si s\u00f3lo entregas B2C. \u00bfO utilizas varios sitios (multisitios) o varios almacenes? Se debaten estas cuestiones. A partir de ah\u00ed, se dar\u00e1 un consejo sobre qu\u00e9 paquete de comercio electr\u00f3nico se adapta mejor.    <\/p>\n<p class=\"vc_custom_heading vc_do_custom_heading wpb_animate_when_almost_visible wpb_fadeIn fadeIn vc_custom_1725522817051 wpb_start_animation animated\"><strong>2.<\/strong><br \/>\nD<strong>esarrollo de la<\/strong> estrategia Una de las bases del \u00e9xito de un sitio web de comercio electr\u00f3nico es una estrategia s\u00f3lida. Podemos ayudar a desarrollar una estrategia clara que se ajuste a los objetivos de la empresa y al grupo destinatario. Esto incluye examinar el posicionamiento, el modelo de ingresos y la estrategia de marketing.  <\/p>\n<p><strong>3.<\/strong><br \/>\nA<strong>n\u00e1lisis<\/strong> t\u00e9cnicos Un sitio web que funcione bien es esencial para que la experiencia del usuario sea agradable y se obtengan buenos resultados. Realizamos an\u00e1lisis t\u00e9cnicos para comprobar si el sitio web cumple los requisitos en \u00e1mbitos como la velocidad, la seguridad y la facilidad de uso. A partir del an\u00e1lisis, se hacen recomendaciones para posibles mejoras.<strong>4.<\/strong><br \/>\nO <strong>ptimizaci\u00f3n de la conversi\u00f3n<\/strong> El objetivo \u00faltimo de un sitio web de comercio electr\u00f3nico es, por supuesto, generar conversiones, como compras o inscripciones. Podemos ayudar a optimizar el sitio web para aumentar la tasa de conversi\u00f3n. Esto puede hacerse, por ejemplo, mejorando la navegaci\u00f3n, a\u00f1adiendo botones de llamada a la acci\u00f3n u optimizando las p\u00e1ginas de productos.<strong>5.<\/strong><br \/>\nM <strong>arketing<\/strong> online Adem\u00e1s de un sitio web que funcione bien, tambi\u00e9n es importante atraer visitantes al sitio web. Estamos especializados en marketing online y podemos ayudar a establecer campa\u00f1as de marketing eficaces. Esto puede hacerse, por ejemplo, mediante la optimizaci\u00f3n de motores de b\u00fasqueda, publicidad online o marketing en redes sociales.<strong>6.<\/strong><br \/>\nA <strong>n\u00e1lisis<\/strong> de datos Otra parte importante de la consultor\u00eda de comercio electr\u00f3nico es el an\u00e1lisis de datos. Analizando datos como las visitas al sitio web, las conversiones y el comportamiento de los clientes, se pueden obtener valiosas perspectivas. A partir de estos datos, se pueden tomar decisiones para mejorar el rendimiento del sitio web.[\/vc_column_text][\/vc_column][\/vc_row][vc_row full_width=\u00bbstretch_row\u00bb kd_background_overlay=\u00bbdefault\u00bb kd_background_image_position=\u00bbvc_row-bg-position-top\u00bb css=\u00bb.vc_custom_1649178633564{padding-top: 120px !important;padding-bottom: 110px !important;}\u00bb][vc_column]<header class=\"kd-section-title col-lg-12 text-center  vc_custom_1725521787854 kd-animated fadeIn\" data-animation-delay=200><p class=\"st-overline inherit-color\" style=\"font-size:14px;\">TRABAJAMOS, ENTRE OTROS, CON LOS SIGUIENTES SISTEMAS DE COMERCIO ELECTR\u00d3NICO<\/p><\/header><div id=\"fm-69e92a295237a\" class=\"slider clients carousel-module color-swap-effect swap-primary-color gray-navigation svg-color\" style=\"fill: #36506e;\"><div class=\"clients-content kd-animated fadeInUp\" ><img loading=\"lazy\" decoding=\"async\" width=\"480\" height=\"148\" src=\"https:\/\/web-company.com\/wp-content\/uploads\/2024\/09\/Scherm\u00adafbeelding-2024-09-05-om-09.37.44.png\" class=\"attachment-full\" alt=\"\" title=\"Scherm\u00adafbeelding 2024-09-05 om 09.37.44\" srcset=\"https:\/\/web-company.com\/wp-content\/uploads\/2024\/09\/Scherm\u00adafbeelding-2024-09-05-om-09.37.44.png 480w, https:\/\/web-company.com\/wp-content\/uploads\/2024\/09\/Scherm\u00adafbeelding-2024-09-05-om-09.37.44-300x93.png 300w\" sizes=\"(max-width: 480px) 100vw, 480px\" \/><\/div><div class=\"clients-content kd-animated fadeInUp\" data-animation-delay=200><img loading=\"lazy\" decoding=\"async\" width=\"644\" height=\"162\" src=\"https:\/\/web-company.com\/wp-content\/uploads\/2024\/09\/Scherm\u00adafbeelding-2024-09-05-om-09.38.11.png\" class=\"attachment-full\" alt=\"\" title=\"Scherm\u00adafbeelding 2024-09-05 om 09.38.11\" srcset=\"https:\/\/web-company.com\/wp-content\/uploads\/2024\/09\/Scherm\u00adafbeelding-2024-09-05-om-09.38.11.png 644w, https:\/\/web-company.com\/wp-content\/uploads\/2024\/09\/Scherm\u00adafbeelding-2024-09-05-om-09.38.11-300x75.png 300w\" sizes=\"(max-width: 644px) 100vw, 644px\" \/><\/div><div class=\"clients-content kd-animated fadeInUp\" data-animation-delay=400><img loading=\"lazy\" decoding=\"async\" width=\"682\" height=\"178\" src=\"https:\/\/web-company.com\/wp-content\/uploads\/2024\/09\/Scherm\u00adafbeelding-2024-09-05-om-09.38.14.png\" class=\"attachment-full\" alt=\"\" title=\"Scherm\u00adafbeelding 2024-09-05 om 09.38.14\" srcset=\"https:\/\/web-company.com\/wp-content\/uploads\/2024\/09\/Scherm\u00adafbeelding-2024-09-05-om-09.38.14.png 682w, https:\/\/web-company.com\/wp-content\/uploads\/2024\/09\/Scherm\u00adafbeelding-2024-09-05-om-09.38.14-300x78.png 300w\" sizes=\"(max-width: 682px) 100vw, 682px\" \/><\/div><div class=\"clients-content kd-animated fadeInUp\" data-animation-delay=600><img loading=\"lazy\" decoding=\"async\" width=\"656\" height=\"216\" src=\"https:\/\/web-company.com\/wp-content\/uploads\/2024\/09\/Scherm\u00adafbeelding-2024-09-05-om-09.37.58.png\" class=\"attachment-full\" alt=\"\" title=\"Scherm\u00adafbeelding 2024-09-05 om 09.37.58\" srcset=\"https:\/\/web-company.com\/wp-content\/uploads\/2024\/09\/Scherm\u00adafbeelding-2024-09-05-om-09.37.58.png 656w, https:\/\/web-company.com\/wp-content\/uploads\/2024\/09\/Scherm\u00adafbeelding-2024-09-05-om-09.37.58-300x99.png 300w\" sizes=\"(max-width: 656px) 100vw, 656px\" \/><\/div><\/div><script>\r\n              jQuery(document).ready(function($){\r\n                if ($(\"#fm-69e92a295237a.slider.clients\").length) {\r\n                  $(\"#fm-69e92a295237a.slider.clients\").owlCarousel({\r\n                    stageClass: \"owl-wrapper\",\r\n                    stageOuterClass: \"owl-wrapper-outer\",\r\n                    loadedClass: \"owl-carousel\",\r\n                    responsiveClass:true,\r\n                    responsive:{\r\n                      0:{\r\n                        items:2,\r\n                        nav: true,\r\n                        navSpeed: 200,\r\n                        dots: false,\r\n                      },\r\n                      415:{\r\n                        items:3,\r\n                        nav: true,\r\n                        navSpeed: 200,\r\n                        dots: false,\r\n                      },\r\n                      960:{\r\n                          items:4,nav: true,\r\n                              navSpeed: 200,\r\n                              dots: false,}\r\n                    },loop: true,\r\n                  });\r\n                }\r\n              });\r\n            <\/script>[\/vc_column][\/vc_row][vc_row full_width=\u00bbstretch_row\u00bb content_placement=\u00bbmiddle\u00bb kd_background_overlay=\u00bbdefault\u00bb kd_background_image_position=\u00bbvc_row-bg-position-top\u00bb css=\u00bb.vc_custom_1725696207362{padding-top: 46px !important;padding-bottom: 46px !important;background-image: url(https:\/\/web-company.com\/wp-content\/uploads\/2024\/09\/cta2.webp?id=12478) !important;background-position: center !important;background-repeat: no-repeat !important;background-size: cover !important;}\u00bb css_tablet_portrait=\u00bb.vc_custom_1725696207362{margin-bottom: 50px !important;background-image: url(https:\/\/web-company.com\/wp-content\/uploads\/2024\/09\/cta2.webp?id=12478) !important;background-position: center !important;background-repeat: no-repeat !important;background-size: cover !important;}\u00bb css_mobile=\u00bb.vc_custom_1725696207363{margin-bottom: 50px !important;background-image: url(https:\/\/web-company.com\/wp-content\/uploads\/2024\/09\/cta2.webp?id=12478) !important;background-position: center !important;background-repeat: no-repeat !important;background-size: cover !important;}\u00bb css_tablet_landscape=\u00bb.vc_custom_1725696207362{background-image: url(https:\/\/web-company.com\/wp-content\/uploads\/2024\/09\/cta2.webp?id=12478) !important;}\u00bb][vc_column]<div class=\"kd-calltoaction\" >\n                <div class=\"container\">\n                  <div class=\"cta-text-container kd-animated fadeIn\" data-animation-delay=\"200\"><div class=\"cta-text\"><h2 style=\"color: #FFFFFF;\">\u00bfC\u00f3mo podemos ayudarte con tu reto de comercio electr\u00f3nico?<\/h2><\/div>\n                    <\/div>\n                    <div class=\"cta-btncontainer\"><a href=\"\/contact\" target=\"_self\" class=\"tt_button btn_secondary_color tt_primary_button hover_solid_white button-action-link  kd-animated zoomIn\" data-text=\"Ponte en contacto\" data-animation-delay=\"200\"><span class=\"prim_text\">Ponte en contacto<\/span><\/a><\/div>\n                <\/div>\n            <\/div>[\/vc_column][\/vc_row]<\/p>\n<\/div>","protected":false},"excerpt":{"rendered":"<p>[vc_row full_width=\u00bbstretch_row\u00bb kd_background_overlay=\u00bbdefault\u00bb kd_background_image_position=\u00bbvc_row-bg-position-top\u00bb css=\u00bb.vc_custom_1725696295315{padding-top: 280px !important;padding-bottom: 260px !important;background-image: url(https:\/\/web-company.com\/wp-content\/uploads\/2024\/09\/consultancy.webp?id=12480) !important;background-position: center !important;background-repeat: no-repeat !important;background-size: cover !important;}\u00bb css_tablet_portrait=\u00bb.vc_custom_1725696295316{padding-top: 150px !important;padding-bottom: [&hellip;]<\/p>\n","protected":false},"author":1,"featured_media":0,"parent":0,"menu_order":0,"comment_status":"closed","ping_status":"closed","template":"","meta":{"footnotes":""},"class_list":["post-13466","page","type-page","status-publish","hentry"],"acf":[],"yoast_head":"<!-- This site is optimized with the Yoast SEO Premium plugin v23.4 (Yoast SEO v23.4) - https:\/\/yoast.com\/wordpress\/plugins\/seo\/ -->\n<title>V2 Pages 13466<\/title>\n<meta name=\"robots\" content=\"index, follow, max-snippet:-1, max-image-preview:large, max-video-preview:-1\" \/>\n<link rel=\"canonical\" href=\"https:\/\/web-company.com\/es\/consultoria-de-comercio-electronico\/\" \/>\n<meta property=\"og:locale\" content=\"es_ES\" \/>\n<meta property=\"og:type\" content=\"article\" \/>\n<meta property=\"og:title\" content=\"Consultor\u00eda de comercio electr\u00f3nico\" \/>\n<meta property=\"og:description\" content=\"[vc_row full_width=\u00bbstretch_row\u00bb kd_background_overlay=\u00bbdefault\u00bb kd_background_image_position=\u00bbvc_row-bg-position-top\u00bb css=\u00bb.vc_custom_1725696295315{padding-top: 280px !important;padding-bottom: 260px !important;background-image: url(https:\/\/web-company.com\/wp-content\/uploads\/2024\/09\/consultancy.webp?id=12480) !important;background-position: center !important;background-repeat: no-repeat !important;background-size: cover !important;}\u00bb css_tablet_portrait=\u00bb.vc_custom_1725696295316{padding-top: 150px !important;padding-bottom: [&hellip;]\" \/>\n<meta property=\"og:url\" content=\"https:\/\/web-company.com\/es\/consultoria-de-comercio-electronico\/\" \/>\n<meta property=\"og:site_name\" content=\"Web-Company\" \/>\n<meta property=\"article:modified_time\" content=\"2024-10-28T15:32:22+00:00\" \/>\n<meta name=\"twitter:card\" content=\"summary_large_image\" \/>\n<meta name=\"twitter:label1\" content=\"Tiempo de lectura\" \/>\n\t<meta name=\"twitter:data1\" content=\"11 minutos\" \/>\n<script type=\"application\/ld+json\" class=\"yoast-schema-graph\">{\"@context\":\"https:\/\/schema.org\",\"@graph\":[{\"@type\":\"WebPage\",\"@id\":\"https:\/\/web-company.com\/es\/consultoria-de-comercio-electronico\/\",\"url\":\"https:\/\/web-company.com\/es\/consultoria-de-comercio-electronico\/\",\"name\":\"Consultor\u00eda de comercio electr\u00f3nico - Web-Company\",\"isPartOf\":{\"@id\":\"https:\/\/web-company.com\/es\/#website\"},\"datePublished\":\"2024-09-04T11:00:38+00:00\",\"dateModified\":\"2024-10-28T15:32:22+00:00\",\"breadcrumb\":{\"@id\":\"https:\/\/web-company.com\/es\/consultoria-de-comercio-electronico\/#breadcrumb\"},\"inLanguage\":\"es\",\"potentialAction\":[{\"@type\":\"ReadAction\",\"target\":[\"https:\/\/web-company.com\/es\/consultoria-de-comercio-electronico\/\"]}]},{\"@type\":\"BreadcrumbList\",\"@id\":\"https:\/\/web-company.com\/es\/consultoria-de-comercio-electronico\/#breadcrumb\",\"itemListElement\":[{\"@type\":\"ListItem\",\"position\":1,\"name\":\"Home\",\"item\":\"https:\/\/web-company.com\/es\/web-company-especialista-en-saas-tiendas-web-sitios-web-y-marketing-online\/\"},{\"@type\":\"ListItem\",\"position\":2,\"name\":\"Consultor\u00eda de comercio electr\u00f3nico\"}]},{\"@type\":\"WebSite\",\"@id\":\"https:\/\/web-company.com\/es\/#website\",\"url\":\"https:\/\/web-company.com\/es\/\",\"name\":\"web-company.com\",\"description\":\"\",\"publisher\":{\"@id\":\"https:\/\/web-company.com\/es\/#organization\"},\"potentialAction\":[{\"@type\":\"SearchAction\",\"target\":{\"@type\":\"EntryPoint\",\"urlTemplate\":\"https:\/\/web-company.com\/es\/?s={search_term_string}\"},\"query-input\":{\"@type\":\"PropertyValueSpecification\",\"valueRequired\":true,\"valueName\":\"search_term_string\"}}],\"inLanguage\":\"es\"},{\"@type\":\"Organization\",\"@id\":\"https:\/\/web-company.com\/es\/#organization\",\"name\":\"web-company.com\",\"url\":\"https:\/\/web-company.com\/es\/\",\"logo\":{\"@type\":\"ImageObject\",\"inLanguage\":\"es\",\"@id\":\"https:\/\/web-company.com\/es\/#\/schema\/logo\/image\/\",\"url\":\"https:\/\/web-company.com\/wp-content\/uploads\/2024\/08\/web-company_transparantPNGsite.png\",\"contentUrl\":\"https:\/\/web-company.com\/wp-content\/uploads\/2024\/08\/web-company_transparantPNGsite.png\",\"width\":198,\"height\":70,\"caption\":\"web-company.com\"},\"image\":{\"@id\":\"https:\/\/web-company.com\/es\/#\/schema\/logo\/image\/\"}}]}<\/script>\n<!-- \/ Yoast SEO Premium plugin. -->","yoast_head_json":{"title":"V2 Pages 13466","robots":{"index":"index","follow":"follow","max-snippet":"max-snippet:-1","max-image-preview":"max-image-preview:large","max-video-preview":"max-video-preview:-1"},"canonical":"https:\/\/web-company.com\/es\/consultoria-de-comercio-electronico\/","og_locale":"es_ES","og_type":"article","og_title":"Consultor\u00eda de comercio electr\u00f3nico","og_description":"[vc_row full_width=\u00bbstretch_row\u00bb kd_background_overlay=\u00bbdefault\u00bb kd_background_image_position=\u00bbvc_row-bg-position-top\u00bb css=\u00bb.vc_custom_1725696295315{padding-top: 280px !important;padding-bottom: 260px !important;background-image: url(https:\/\/web-company.com\/wp-content\/uploads\/2024\/09\/consultancy.webp?id=12480) !important;background-position: center !important;background-repeat: no-repeat !important;background-size: cover !important;}\u00bb css_tablet_portrait=\u00bb.vc_custom_1725696295316{padding-top: 150px !important;padding-bottom: [&hellip;]","og_url":"https:\/\/web-company.com\/es\/consultoria-de-comercio-electronico\/","og_site_name":"Web-Company","article_modified_time":"2024-10-28T15:32:22+00:00","twitter_card":"summary_large_image","twitter_misc":{"Tiempo de lectura":"11 minutos"},"schema":{"@context":"https:\/\/schema.org","@graph":[{"@type":"WebPage","@id":"https:\/\/web-company.com\/es\/consultoria-de-comercio-electronico\/","url":"https:\/\/web-company.com\/es\/consultoria-de-comercio-electronico\/","name":"Consultor\u00eda de comercio electr\u00f3nico - Web-Company","isPartOf":{"@id":"https:\/\/web-company.com\/es\/#website"},"datePublished":"2024-09-04T11:00:38+00:00","dateModified":"2024-10-28T15:32:22+00:00","breadcrumb":{"@id":"https:\/\/web-company.com\/es\/consultoria-de-comercio-electronico\/#breadcrumb"},"inLanguage":"es","potentialAction":[{"@type":"ReadAction","target":["https:\/\/web-company.com\/es\/consultoria-de-comercio-electronico\/"]}]},{"@type":"BreadcrumbList","@id":"https:\/\/web-company.com\/es\/consultoria-de-comercio-electronico\/#breadcrumb","itemListElement":[{"@type":"ListItem","position":1,"name":"Home","item":"https:\/\/web-company.com\/es\/web-company-especialista-en-saas-tiendas-web-sitios-web-y-marketing-online\/"},{"@type":"ListItem","position":2,"name":"Consultor\u00eda de comercio electr\u00f3nico"}]},{"@type":"WebSite","@id":"https:\/\/web-company.com\/es\/#website","url":"https:\/\/web-company.com\/es\/","name":"web-company.com","description":"","publisher":{"@id":"https:\/\/web-company.com\/es\/#organization"},"potentialAction":[{"@type":"SearchAction","target":{"@type":"EntryPoint","urlTemplate":"https:\/\/web-company.com\/es\/?s={search_term_string}"},"query-input":{"@type":"PropertyValueSpecification","valueRequired":true,"valueName":"search_term_string"}}],"inLanguage":"es"},{"@type":"Organization","@id":"https:\/\/web-company.com\/es\/#organization","name":"web-company.com","url":"https:\/\/web-company.com\/es\/","logo":{"@type":"ImageObject","inLanguage":"es","@id":"https:\/\/web-company.com\/es\/#\/schema\/logo\/image\/","url":"https:\/\/web-company.com\/wp-content\/uploads\/2024\/08\/web-company_transparantPNGsite.png","contentUrl":"https:\/\/web-company.com\/wp-content\/uploads\/2024\/08\/web-company_transparantPNGsite.png","width":198,"height":70,"caption":"web-company.com"},"image":{"@id":"https:\/\/web-company.com\/es\/#\/schema\/logo\/image\/"}}]}},"_links":{"self":[{"href":"https:\/\/web-company.com\/es\/wp-json\/wp\/v2\/pages\/13466"}],"collection":[{"href":"https:\/\/web-company.com\/es\/wp-json\/wp\/v2\/pages"}],"about":[{"href":"https:\/\/web-company.com\/es\/wp-json\/wp\/v2\/types\/page"}],"author":[{"embeddable":true,"href":"https:\/\/web-company.com\/es\/wp-json\/wp\/v2\/users\/1"}],"replies":[{"embeddable":true,"href":"https:\/\/web-company.com\/es\/wp-json\/wp\/v2\/comments?post=13466"}],"version-history":[{"count":1,"href":"https:\/\/web-company.com\/es\/wp-json\/wp\/v2\/pages\/13466\/revisions"}],"predecessor-version":[{"id":13480,"href":"https:\/\/web-company.com\/es\/wp-json\/wp\/v2\/pages\/13466\/revisions\/13480"}],"wp:attachment":[{"href":"https:\/\/web-company.com\/es\/wp-json\/wp\/v2\/media?parent=13466"}],"curies":[{"name":"wp","href":"https:\/\/api.w.org\/{rel}","templated":true}]}}