{"id":13481,"date":"2018-10-22T13:45:49","date_gmt":"2018-10-22T13:45:49","guid":{"rendered":"https:\/\/web-company.com\/sobre-nosotros\/"},"modified":"2024-10-28T15:35:19","modified_gmt":"2024-10-28T15:35:19","slug":"sobre-nosotros","status":"publish","type":"page","link":"https:\/\/web-company.com\/es\/sobre-nosotros\/","title":{"rendered":"Sobre nosotros"},"content":{"rendered":"<div class=\"wpb-content-wrapper\"><p>[vc_row full_width=\u00bbstretch_row_content\u00bb kd_background_overlay=\u00bbdefault\u00bb kd_background_image_position=\u00bbvc_row-bg-position-center\u00bb css=\u00bb.vc_custom_1649946057504{background-position: center !important;background-repeat: no-repeat !important;background-size: cover !important;}\u00bb][vc_column][vc_row_inner full_width=\u00bbinner_row_contained\u00bb content_placement=\u00bbmiddle\u00bb kd_background_overlay=\u00bbgray-color\u00bb kd_background_image_position=\u00bbvc_row-bg-position-top\u00bb css=\u00bb.vc_custom_1649946501128{margin-right: 60px !important;margin-left: 60px !important;padding-top: 145px !important;padding-bottom: 50px !important;}\u00bb css_tablet_landscape=\u00bb.vc_custom_1649946501128{margin-right: 0px !important;margin-left: 0px !important;}\u00bb css_tablet_portrait=\u00bb.vc_custom_1649946501128{margin-right: 0px !important;margin-left: 0px !important;}\u00bb css_mobile=\u00bb.vc_custom_1649946501128{margin-right: 0px !important;margin-left: 0px !important;}\u00bb][vc_column_inner css=\u00bb.vc_custom_1647616348233{padding-top: 30px !important;padding-right: 45px !important;padding-left: 0px !important;}\u00bb offset=\u00bbvc_col-lg-offset-0 vc_col-lg-6 vc_col-md-offset-0 vc_col-sm-offset-0&#8243; css_tablet_landscape=\u00bb.vc_custom_1647616348234{padding-right: 0px !important;}\u00bb css_tablet_portrait=\u00bb.vc_custom_1647616348234{padding-right: 15px !important;padding-left: 15px !important;}\u00bb css_mobile=\u00bb.vc_custom_1647616348234{padding-right: 15px !important;padding-left: 15px !important;}\u00bb]<header class=\"kd-section-title col-lg-12 text-left  vc_custom_1725440759660 kd-animated fadeIn\" data-animation-delay=200><p class=\"st-overline inherit-color overline-line\" style=\"font-size:14px;margin-bottom:20px;\">NUESTRA HISTORIA<\/p><h2 class=\"kd-main-title separator_off\" style=\"margin-bottom:25px;\">Equipo de profesionales motivados<\/h2><h6 class=\"subtitle\" >Web-Company es una agencia web l\u00edder con sede en Gorinchem, especializada en el dise\u00f1o y desarrollo de soluciones online profesionales para empresas de todos los tama\u00f1os. Con un equipo de dise\u00f1adores, desarrolladores y especialistas en marketing de gran talento, nos esforzamos por reforzar la presencia online de nuestros clientes y alcanzar sus objetivos. <\/h6><\/header>[\/vc_column_inner][vc_column_inner width=\u00bb2\/3&#8243; css=\u00bb.vc_custom_1649252028094{padding-right: 35px !important;padding-left: 100px !important;}\u00bb offset=\u00bbvc_col-lg-6&#8243; css_tablet_landscape=\u00bb.vc_custom_1649252028095{padding-top: 80px !important;padding-right: 15px !important;padding-left: 15px !important;}\u00bb css_tablet_portrait=\u00bb.vc_custom_1649252028095{padding-top: 80px !important;padding-right: 15px !important;padding-left: 15px !important;}\u00bb css_mobile=\u00bb.vc_custom_1649252028095{padding-top: 50px !important;padding-right: 15px !important;padding-left: 15px !important;}\u00bb][vc_empty_space height=\u00bb42px\u00bb][vc_single_image image=\u00bb12339&#8243; img_size=\u00bbfull\u00bb alignment=\u00bbcenter\u00bb style=\u00bbvc_box_outline_circle\u00bb css=\u00bb\u00bb][\/vc_column_inner][\/vc_row_inner][vc_row_inner full_width=\u00bbinner_row_contained\u00bb kd_background_overlay=\u00bbgray-color\u00bb kd_background_image_position=\u00bbvc_row-bg-position-top\u00bb css=\u00bb.vc_custom_1649251890160{margin-right: 60px !important;margin-left: 60px !important;padding-bottom: 70px !important;}\u00bb css_tablet_landscape=\u00bb.vc_custom_1649251890161{margin-right: 0px !important;margin-left: 0px !important;}\u00bb css_tablet_portrait=\u00bb.vc_custom_1649251890161{margin-right: 0px !important;margin-left: 0px !important;}\u00bb css_mobile=\u00bb.vc_custom_1649251890161{margin-right: 0px !important;margin-left: 0px !important;}\u00bb][vc_column_inner width=\u00bb1\/4&#8243; css=\u00bb.vc_custom_1647525632140{padding-right: 0px !important;padding-left: 0px !important;}\u00bb]<div class=\"cb-container content-left kd-animated fadeInUp\" ><div class=\"cb-wrapper\" style=\";\"><div class=\"cb-img-area\"><i class=\"fas fa-project-diagram\" style=\" \"><\/i> <\/div><div class=\"cb-text-area\">\n                            <h4 class=\"cb-heading\" >&gt;  2.500 proyectos<\/h4><p >Web-Company ya ha realizado m\u00e1s de 2.500 proyectos, desde tiendas web hasta proyectos de inteligencia artificial.<\/p><\/div><\/div><\/div>[\/vc_column_inner][vc_column_inner width=\u00bb1\/4&#8243; css=\u00bb.vc_custom_1647525636206{padding-right: 0px !important;padding-left: 0px !important;}\u00bb]<div class=\"cb-container content-left kd-animated fadeInUp\" data-animation-delay=200><div class=\"cb-wrapper\" style=\";\"><div class=\"cb-img-area\"><i class=\"iconsmind-Starfish iconsmind-Animals\" style=\" \"><\/i> <\/div><div class=\"cb-text-area\">\n                            <h4 class=\"cb-heading\" >&gt;25 a\u00f1os de experiencia<\/h4><p >Activo en comercio electr\u00f3nico y marketing desde 1998. En total, \u00a1m\u00e1s de 25 a\u00f1os de experiencia! <\/p><\/div><\/div><\/div>[\/vc_column_inner][vc_column_inner width=\u00bb1\/4&#8243; css=\u00bb.vc_custom_1647525646354{padding-right: 0px !important;padding-left: 0px !important;}\u00bb]<div class=\"cb-container content-left kd-animated fadeInUp\" data-animation-delay=400><div class=\"cb-wrapper\" style=\";\"><div class=\"cb-img-area\"><i class=\"iconsmind-Clock-Forward iconsmind-Time\" style=\" \"><\/i> <\/div><div class=\"cb-text-area\">\n                            <h4 class=\"cb-heading\" >Entrega r\u00e1pida<\/h4><p >Gracias a nuestra organizaci\u00f3n, podemos entregar r\u00e1pidamente y dentro del plazo acordado.<\/p><\/div><\/div><\/div>[\/vc_column_inner][vc_column_inner width=\u00bb1\/4&#8243; css=\u00bb.vc_custom_1647525652040{padding-right: 0px !important;padding-left: 0px !important;}\u00bb]<div class=\"cb-container content-left kd-animated fadeInUp\" data-animation-delay=600><div class=\"cb-wrapper\" style=\";\"><div class=\"cb-img-area\"><i class=\"far fa-file-code\" style=\" \"><\/i> <\/div><div class=\"cb-text-area\">\n                            <h4 class=\"cb-heading\" >&gt;  40 promotores<\/h4><p >Trabajamos a nivel internacional con un equipo en Holanda, pero tambi\u00e9n con nuestro propio equipo en el extranjero.<\/p><\/div><\/div><\/div>[\/vc_column_inner][\/vc_row_inner][\/vc_column][\/vc_row][vc_row full_width=\u00bbstretch_row\u00bb content_placement=\u00bbmiddle\u00bb kd_background_overlay=\u00bbdefault\u00bb kd_background_image_position=\u00bbvc_row-bg-position-top\u00bb css=\u00bb.vc_custom_1606487821993{padding-top: 46px !important;padding-bottom: 46px !important;background-position: center !important;background-repeat: no-repeat !important;background-size: cover !important;}\u00bb][vc_column]<div class=\"kd-calltoaction\" >\n                <div class=\"container\">\n                  <div class=\"cta-text-container kd-animated fadeIn\" data-animation-delay=\"200\"><div class=\"cta-text\"><h2 >\u00bfConocer a alguien?<\/h2><p >Ponte en contacto con nosotros para concertar una cita sin compromiso.<\/p><\/div>\n                    <\/div>\n                    <div class=\"cta-btncontainer\"><a href=\"\/contact\" target=\"_self\" class=\"tt_button btn_gradient_color tt_primary_button reverse_gradient button-action-link  kd-animated zoomIn\" data-text=\"Ponte en contacto\" data-animation-delay=\"200\"><span class=\"prim_text\">Ponte en contacto<\/span><\/a><\/div>\n                <\/div>\n            <\/div>[\/vc_column][\/vc_row]<\/p>\n<\/div>","protected":false},"excerpt":{"rendered":"<p>[vc_row full_width=\u00bbstretch_row_content\u00bb kd_background_overlay=\u00bbdefault\u00bb kd_background_image_position=\u00bbvc_row-bg-position-center\u00bb css=\u00bb.vc_custom_1649946057504{background-position: center !important;background-repeat: no-repeat !important;background-size: cover !important;}\u00bb][vc_column][vc_row_inner full_width=\u00bbinner_row_contained\u00bb content_placement=\u00bbmiddle\u00bb kd_background_overlay=\u00bbgray-color\u00bb kd_background_image_position=\u00bbvc_row-bg-position-top\u00bb css=\u00bb.vc_custom_1649946501128{margin-right: 60px !important;margin-left: 60px !important;padding-top: [&hellip;]<\/p>\n","protected":false},"author":1,"featured_media":0,"parent":0,"menu_order":0,"comment_status":"closed","ping_status":"closed","template":"","meta":{"footnotes":""},"class_list":["post-13481","page","type-page","status-publish","hentry"],"acf":[],"yoast_head":"<!-- This site is optimized with the Yoast SEO Premium plugin v23.4 (Yoast SEO v23.4) - https:\/\/yoast.com\/wordpress\/plugins\/seo\/ -->\n<title>V2 Pages 13481<\/title>\n<meta name=\"robots\" content=\"index, follow, max-snippet:-1, max-image-preview:large, max-video-preview:-1\" \/>\n<link rel=\"canonical\" href=\"https:\/\/web-company.com\/es\/sobre-nosotros\/\" \/>\n<meta property=\"og:locale\" content=\"es_ES\" \/>\n<meta property=\"og:type\" content=\"article\" \/>\n<meta property=\"og:title\" content=\"Sobre nosotros\" \/>\n<meta property=\"og:description\" content=\"[vc_row full_width=\u00bbstretch_row_content\u00bb kd_background_overlay=\u00bbdefault\u00bb kd_background_image_position=\u00bbvc_row-bg-position-center\u00bb css=\u00bb.vc_custom_1649946057504{background-position: center !important;background-repeat: no-repeat !important;background-size: cover !important;}\u00bb][vc_column][vc_row_inner full_width=\u00bbinner_row_contained\u00bb content_placement=\u00bbmiddle\u00bb kd_background_overlay=\u00bbgray-color\u00bb kd_background_image_position=\u00bbvc_row-bg-position-top\u00bb css=\u00bb.vc_custom_1649946501128{margin-right: 60px !important;margin-left: 60px !important;padding-top: [&hellip;]\" \/>\n<meta property=\"og:url\" content=\"https:\/\/web-company.com\/es\/sobre-nosotros\/\" \/>\n<meta property=\"og:site_name\" content=\"Web-Company\" \/>\n<meta property=\"article:modified_time\" content=\"2024-10-28T15:35:19+00:00\" \/>\n<meta name=\"twitter:card\" content=\"summary_large_image\" \/>\n<meta name=\"twitter:label1\" content=\"Tiempo de lectura\" \/>\n\t<meta name=\"twitter:data1\" content=\"5 minutos\" \/>\n<script type=\"application\/ld+json\" class=\"yoast-schema-graph\">{\"@context\":\"https:\/\/schema.org\",\"@graph\":[{\"@type\":\"WebPage\",\"@id\":\"https:\/\/web-company.com\/es\/sobre-nosotros\/\",\"url\":\"https:\/\/web-company.com\/es\/sobre-nosotros\/\",\"name\":\"Sobre nosotros - Web-Company\",\"isPartOf\":{\"@id\":\"https:\/\/web-company.com\/es\/#website\"},\"datePublished\":\"2018-10-22T13:45:49+00:00\",\"dateModified\":\"2024-10-28T15:35:19+00:00\",\"breadcrumb\":{\"@id\":\"https:\/\/web-company.com\/es\/sobre-nosotros\/#breadcrumb\"},\"inLanguage\":\"es\",\"potentialAction\":[{\"@type\":\"ReadAction\",\"target\":[\"https:\/\/web-company.com\/es\/sobre-nosotros\/\"]}]},{\"@type\":\"BreadcrumbList\",\"@id\":\"https:\/\/web-company.com\/es\/sobre-nosotros\/#breadcrumb\",\"itemListElement\":[{\"@type\":\"ListItem\",\"position\":1,\"name\":\"Home\",\"item\":\"https:\/\/web-company.com\/es\/web-company-especialista-en-saas-tiendas-web-sitios-web-y-marketing-online\/\"},{\"@type\":\"ListItem\",\"position\":2,\"name\":\"Sobre nosotros\"}]},{\"@type\":\"WebSite\",\"@id\":\"https:\/\/web-company.com\/es\/#website\",\"url\":\"https:\/\/web-company.com\/es\/\",\"name\":\"web-company.com\",\"description\":\"\",\"publisher\":{\"@id\":\"https:\/\/web-company.com\/es\/#organization\"},\"potentialAction\":[{\"@type\":\"SearchAction\",\"target\":{\"@type\":\"EntryPoint\",\"urlTemplate\":\"https:\/\/web-company.com\/es\/?s={search_term_string}\"},\"query-input\":{\"@type\":\"PropertyValueSpecification\",\"valueRequired\":true,\"valueName\":\"search_term_string\"}}],\"inLanguage\":\"es\"},{\"@type\":\"Organization\",\"@id\":\"https:\/\/web-company.com\/es\/#organization\",\"name\":\"web-company.com\",\"url\":\"https:\/\/web-company.com\/es\/\",\"logo\":{\"@type\":\"ImageObject\",\"inLanguage\":\"es\",\"@id\":\"https:\/\/web-company.com\/es\/#\/schema\/logo\/image\/\",\"url\":\"https:\/\/web-company.com\/wp-content\/uploads\/2024\/08\/web-company_transparantPNGsite.png\",\"contentUrl\":\"https:\/\/web-company.com\/wp-content\/uploads\/2024\/08\/web-company_transparantPNGsite.png\",\"width\":198,\"height\":70,\"caption\":\"web-company.com\"},\"image\":{\"@id\":\"https:\/\/web-company.com\/es\/#\/schema\/logo\/image\/\"}}]}<\/script>\n<!-- \/ Yoast SEO Premium plugin. -->","yoast_head_json":{"title":"V2 Pages 13481","robots":{"index":"index","follow":"follow","max-snippet":"max-snippet:-1","max-image-preview":"max-image-preview:large","max-video-preview":"max-video-preview:-1"},"canonical":"https:\/\/web-company.com\/es\/sobre-nosotros\/","og_locale":"es_ES","og_type":"article","og_title":"Sobre nosotros","og_description":"[vc_row full_width=\u00bbstretch_row_content\u00bb kd_background_overlay=\u00bbdefault\u00bb kd_background_image_position=\u00bbvc_row-bg-position-center\u00bb css=\u00bb.vc_custom_1649946057504{background-position: center !important;background-repeat: no-repeat !important;background-size: cover !important;}\u00bb][vc_column][vc_row_inner full_width=\u00bbinner_row_contained\u00bb content_placement=\u00bbmiddle\u00bb kd_background_overlay=\u00bbgray-color\u00bb kd_background_image_position=\u00bbvc_row-bg-position-top\u00bb css=\u00bb.vc_custom_1649946501128{margin-right: 60px !important;margin-left: 60px !important;padding-top: [&hellip;]","og_url":"https:\/\/web-company.com\/es\/sobre-nosotros\/","og_site_name":"Web-Company","article_modified_time":"2024-10-28T15:35:19+00:00","twitter_card":"summary_large_image","twitter_misc":{"Tiempo de lectura":"5 minutos"},"schema":{"@context":"https:\/\/schema.org","@graph":[{"@type":"WebPage","@id":"https:\/\/web-company.com\/es\/sobre-nosotros\/","url":"https:\/\/web-company.com\/es\/sobre-nosotros\/","name":"Sobre nosotros - Web-Company","isPartOf":{"@id":"https:\/\/web-company.com\/es\/#website"},"datePublished":"2018-10-22T13:45:49+00:00","dateModified":"2024-10-28T15:35:19+00:00","breadcrumb":{"@id":"https:\/\/web-company.com\/es\/sobre-nosotros\/#breadcrumb"},"inLanguage":"es","potentialAction":[{"@type":"ReadAction","target":["https:\/\/web-company.com\/es\/sobre-nosotros\/"]}]},{"@type":"BreadcrumbList","@id":"https:\/\/web-company.com\/es\/sobre-nosotros\/#breadcrumb","itemListElement":[{"@type":"ListItem","position":1,"name":"Home","item":"https:\/\/web-company.com\/es\/web-company-especialista-en-saas-tiendas-web-sitios-web-y-marketing-online\/"},{"@type":"ListItem","position":2,"name":"Sobre nosotros"}]},{"@type":"WebSite","@id":"https:\/\/web-company.com\/es\/#website","url":"https:\/\/web-company.com\/es\/","name":"web-company.com","description":"","publisher":{"@id":"https:\/\/web-company.com\/es\/#organization"},"potentialAction":[{"@type":"SearchAction","target":{"@type":"EntryPoint","urlTemplate":"https:\/\/web-company.com\/es\/?s={search_term_string}"},"query-input":{"@type":"PropertyValueSpecification","valueRequired":true,"valueName":"search_term_string"}}],"inLanguage":"es"},{"@type":"Organization","@id":"https:\/\/web-company.com\/es\/#organization","name":"web-company.com","url":"https:\/\/web-company.com\/es\/","logo":{"@type":"ImageObject","inLanguage":"es","@id":"https:\/\/web-company.com\/es\/#\/schema\/logo\/image\/","url":"https:\/\/web-company.com\/wp-content\/uploads\/2024\/08\/web-company_transparantPNGsite.png","contentUrl":"https:\/\/web-company.com\/wp-content\/uploads\/2024\/08\/web-company_transparantPNGsite.png","width":198,"height":70,"caption":"web-company.com"},"image":{"@id":"https:\/\/web-company.com\/es\/#\/schema\/logo\/image\/"}}]}},"_links":{"self":[{"href":"https:\/\/web-company.com\/es\/wp-json\/wp\/v2\/pages\/13481"}],"collection":[{"href":"https:\/\/web-company.com\/es\/wp-json\/wp\/v2\/pages"}],"about":[{"href":"https:\/\/web-company.com\/es\/wp-json\/wp\/v2\/types\/page"}],"author":[{"embeddable":true,"href":"https:\/\/web-company.com\/es\/wp-json\/wp\/v2\/users\/1"}],"replies":[{"embeddable":true,"href":"https:\/\/web-company.com\/es\/wp-json\/wp\/v2\/comments?post=13481"}],"version-history":[{"count":10,"href":"https:\/\/web-company.com\/es\/wp-json\/wp\/v2\/pages\/13481\/revisions"}],"predecessor-version":[{"id":13529,"href":"https:\/\/web-company.com\/es\/wp-json\/wp\/v2\/pages\/13481\/revisions\/13529"}],"wp:attachment":[{"href":"https:\/\/web-company.com\/es\/wp-json\/wp\/v2\/media?parent=13481"}],"curies":[{"name":"wp","href":"https:\/\/api.w.org\/{rel}","templated":true}]}}