{"id":13632,"date":"2018-10-22T13:48:34","date_gmt":"2018-10-22T13:48:34","guid":{"rendered":"https:\/\/web-company.com\/ponte-en-contacto-con\/"},"modified":"2024-10-28T15:39:15","modified_gmt":"2024-10-28T15:39:15","slug":"ponte-en-contacto-con","status":"publish","type":"page","link":"https:\/\/web-company.com\/es\/ponte-en-contacto-con\/","title":{"rendered":"Ponte en contacto con"},"content":{"rendered":"<div class=\"wpb-content-wrapper\"><p>[vc_row full_width=\u00bbstretch_row\u00bb content_placement=\u00bbmiddle\u00bb kd_background_overlay=\u00bbdefault\u00bb kd_background_image_position=\u00bbvc_row-bg-position-top\u00bb css=\u00bb.vc_custom_1649250041163{padding-top: 120px !important;padding-bottom: 60px !important;background-position: center !important;background-repeat: no-repeat !important;background-size: cover !important;}\u00bb css_mobile=\u00bb.vc_custom_1649250041164{padding-top: 100px !important;}\u00bb css_tablet_portrait=\u00bb.vc_custom_1649250041164{padding-top: 50px !important;}\u00bb css_tablet_landscape=\u00bb.vc_custom_1649250041164{padding-top: 160px !important;}\u00bb][vc_column][vc_row_inner kd_background_overlay=\u00bbdefault\u00bb kd_background_image_position=\u00bbvc_row-bg-position-top\u00bb][vc_column_inner width=\u00bb5\/12&#8243; css=\u00bb.vc_custom_1649249808333{margin-left: 0px !important;padding-top: 120px !important;padding-right: 0px !important;padding-left: 0px !important;}\u00bb css_mobile=\u00bb.vc_custom_1649249808333{padding-top: 0px !important;}\u00bb offset=\u00bbvc_col-lg-5&#8243; css_tablet_portrait=\u00bb.vc_custom_1649249808333{padding-top: 100px !important;}\u00bb css_tablet_landscape=\u00bb.vc_custom_1649249808333{padding-top: 50px !important;}\u00bb]<header class=\"kd-section-title col-lg-12 text-left  vc_custom_1725709195565 kd-animated fadeIn\" data-animation-delay=200><h1 class=\"kd-main-title separator_off\" style=\"font-size: 70px;line-height: 80px;\">Por favor, <span class=\"highlight-underline highlight-secondary-font\" >contacta<span class=\"underline-bar\" style=\"background: linear-gradient(90deg, #EF9A3E 0%, transparent 100%);bottom: 9px;height: 18px;\"><\/span><\/span> con nosotros<\/h1><h6 class=\"subtitle\" style=\"font-size:15px;\">Ponte en contacto con Web-Company para obtener soluciones profesionales de desarrollo web y marketing digital. Nuestro equipo de expertos est\u00e1 preparado para optimizar tu presencia online y hacer crecer tu negocio. Ponte en contacto con nosotros hoy mismo para una consulta sin compromiso.<\/p>\n<p>Estamos en: Havendijk 22 4201 XA Gorinchem Tel\u00e9fono: 0183-201079  <\/p>\n<p><\/h6><\/header>[\/vc_column_inner][vc_column_inner width=\u00bb7\/12&#8243; css=\u00bb.vc_custom_1649250059711{padding-right: 0px !important;padding-left: 0px !important;}\u00bb offset=\u00bbvc_col-lg-7&#8243; css_mobile=\u00bb.vc_custom_1649250059712{padding-right: 170px !important;}\u00bb][vc_empty_space][vc_empty_space][vc_single_image image=\u00bb12574&#8243; img_size=\u00bbfull\u00bb alignment=\u00bbright\u00bb css_animation=\u00bbfadeIn\u00bb css=\u00bb.vc_custom_1725709024170{margin-right: -170px !important;}\u00bb][\/vc_column_inner][\/vc_row_inner][\/vc_column][\/vc_row][vc_row full_width=\u00bbstretch_row_content_no_spaces\u00bb kd_background_overlay=\u00bbgray-color\u00bb kd_background_image_position=\u00bbvc_row-bg-position-top\u00bb css_tablet_portrait=\u00bb.vc_custom_1649176996406{background-color: #ffffff !important;}\u00bb css_mobile=\u00bb.vc_custom_1649176996407{background-color: #ffffff !important;}\u00bb css_tablet_landscape=\u00bb.vc_custom_1649176996406{background-color: #ffffff !important;}\u00bb][vc_column][vc_row_inner content_placement=\u00bbmiddle\u00bb kd_background_overlay=\u00bbdefault\u00bb kd_background_image_position=\u00bbvc_row-bg-position-top\u00bb][vc_column_inner width=\u00bb1\/3&#8243; css=\u00bb.vc_custom_1600770903950{padding-left: 0px !important;}\u00bb offset=\u00bbvc_col-lg-6 vc_col-md-12&#8243;]<script>\r\n\r\n                    async function initKdMap_kd69e84f8643500() {\r\n                      var map_kd69e84f8643500;\r\n        \t\t\t\t\t\t\tvar gmap_location_kd69e84f8643500 = new google.maps.LatLng(51.8305335, 4.9774125);\r\n        \t\t\t\t\t\t\tvar GMAP_MODULE_kd69e84f8643500 = \"customMap\";\r\n                      const { AdvancedMarkerElement } = await google.maps.importLibrary(\"marker\");\r\n      \t\t\t\t\t\t\t\tvar featureOpts = [\r\n      \t\t\t\t\t\t\t\t\t\t\t{\r\n      \t\t\t\t\t\t\t\t\t\t\t  stylers: [\r\n      \t\t\t\t\t\t\t\t\t\t\t\t{ \"visibility\": \"on\" },\r\n      \t\t\t\t\t\t\t\t\t\t\t\t{ \"weight\": 1.1 },\r\n      \t\t\t\t\t\t\t\t\t\t\t\t{ \"saturation\": 1 },\r\n      \t\t\t\t\t\t\t\t\t\t\t\t{ \"lightness\": 1 },\r\n      \t\t\t\t\t\t\t\t\t\t\t\t{ \"gamma\": 1 }\r\n      \t\t\t\t\t\t\t\t\t\t\t  ]\r\n      \t\t\t\t\t\t\t\t\t\t\t}\r\n      \t\t\t\t\t\t\t\t\t\t];\r\n      \t\t\t\t\t\t\t\tvar mapOptions = {\r\n      \t\t\t\t\t\t\t\t\tzoom: 14,\r\n      \t\t\t\t\t\t\t\t\tcenter: gmap_location_kd69e84f8643500,\r\n                        scrollwheel: false,\r\n      \t\t\t\t\t\t\t\t\tmapTypeControlOptions: {\r\n      \t\t\t\t\t\t\t\t\t\tmapTypeIds: [google.maps.MapTypeId.ROADMAP, GMAP_MODULE_kd69e84f8643500]\r\n      \t\t\t\t\t\t\t\t\t},\r\n      \t\t\t\t\t\t\t\t\tmapTypeId: GMAP_MODULE_kd69e84f8643500,\r\n                        mapId: \"DEMO_MAP_kd69e84f8643500\",\r\n      \t\t\t\t\t\t\t\t};\r\n      \t\t\t\t\t\t\t\tmap_kd69e84f8643500 = new google.maps.Map(document.getElementById(\"kd69e84f8643500\"), mapOptions);\r\n                      const marker_image = document.createElement(\"img\");\r\n                      marker_image.src = \"https:\/\/www.vivatheme.com\/wp-content\/uploads\/sites\/2\/2022\/04\/location-blue.svg\";\r\n      \t\t\t\t\t\t\t\tconst marker_kd69e84f8643500 = new AdvancedMarkerElement({\r\n      \t\t\t\t\t\t\t\t\tmap: map_kd69e84f8643500,\r\n      \t\t\t\t\t\t\t\t\tdraggable: false,content: marker_image,position: gmap_location_kd69e84f8643500,\r\n                      });\r\n                      var viewportwidth;\r\n\r\n                      if (typeof window.innerWidth != \"undefined\") {\r\n                            viewportwidth = window.innerWidth;\r\n                      }var styledMapOptions = {\r\n      \t\t\t\t\t\t\t\t\tname: \"Web-Company\"\r\n      \t\t\t\t\t\t\t\t};\r\n      \t\t\t\t\t\t\t\tvar customMapType_kd69e84f8643500 = new google.maps.StyledMapType(featureOpts, styledMapOptions);\r\n      \t\t\t\t\t\t\t\tmap_kd69e84f8643500.mapTypes.set(GMAP_MODULE_kd69e84f8643500, customMapType_kd69e84f8643500);\r\n                      }\r\n                      jQuery(window).on(\"load\", function() {\r\n                        initKdMap_kd69e84f8643500();\r\n                      });\r\n      \t\t\t\t\t\t<\/script><div class=\"contact-map-container hidden_info_panel kd-animated fadeIn\" style=\"height: 756px;\" data-animation-delay=200><div id=\"kd69e84f8643500\" class=\"kd_map\" style=\"height: 756px;\"><\/div>\r\n\r\n            <\/div>[\/vc_column_inner][vc_column_inner el_class=\u00bbwith-shadow\u00bb width=\u00bb1\/3&#8243; css=\u00bb.vc_custom_1649177117960{padding-top: 50px !important;padding-right: 80px !important;padding-bottom: 50px !important;padding-left: 80px !important;background-color: #ffffff !important;}\u00bb css_tablet_landscape=\u00bb.vc_custom_1649177117960{padding-right: 40px !important;padding-left: 40px !important;}\u00bb offset=\u00bbvc_col-lg-6 vc_col-md-12&#8243; css_tablet_portrait=\u00bb.vc_custom_1649177117960{padding-right: 40px !important;padding-left: 40px !important;}\u00bb css_mobile=\u00bb.vc_custom_1649177117960{padding-right: 40px !important;padding-left: 40px !important;}\u00bb]<header class=\"kd-section-title col-lg-12 text-center  vc_custom_1725371230130 kd-animated fadeIn\" data-animation-delay=200><h4 class=\"kd-main-title separator_off\" >\u00a1Nos encantar\u00eda saber de ti!<\/h4><h6 class=\"subtitle\" >Rellena el siguiente formulario y nos pondremos en contacto contigo lo antes posible<\/h6><\/header><div class=\"kd-contact-form full-width-cf   cf-bottom-border   kd-animated fadeIn\" data-animation-delay=200>\n<div class=\"wpcf7 no-js\" id=\"wpcf7-f8942-o1\" lang=\"nl-NL\" dir=\"ltr\">\n<div class=\"screen-reader-response\"><p role=\"status\" aria-live=\"polite\" aria-atomic=\"true\"><\/p> <ul><\/ul><\/div>\n<form action=\"\/es\/wp-json\/wp\/v2\/pages\/13632#wpcf7-f8942-o1\" method=\"post\" class=\"wpcf7-form init\" aria-label=\"Contactformulier\" novalidate=\"novalidate\" data-status=\"init\">\n<div style=\"display: none;\">\n<input type=\"hidden\" name=\"_wpcf7\" value=\"8942\" \/>\n<input type=\"hidden\" name=\"_wpcf7_version\" value=\"5.9.8\" \/>\n<input type=\"hidden\" name=\"_wpcf7_locale\" value=\"nl_NL\" \/>\n<input type=\"hidden\" name=\"_wpcf7_unit_tag\" value=\"wpcf7-f8942-o1\" \/>\n<input type=\"hidden\" name=\"_wpcf7_container_post\" value=\"0\" \/>\n<input type=\"hidden\" name=\"_wpcf7_posted_data_hash\" value=\"\" \/>\n<\/div>\n<p><span class=\"wpcf7-form-control-wrap\" data-name=\"your-name\"><input size=\"40\" maxlength=\"400\" class=\"wpcf7-form-control wpcf7-text wpcf7-validates-as-required\" aria-required=\"true\" aria-invalid=\"false\" placeholder=\"Naam\" value=\"\" type=\"text\" name=\"your-name\" \/><\/span><br \/>\n<span class=\"wpcf7-form-control-wrap\" data-name=\"your-businessname\"><input size=\"40\" maxlength=\"400\" class=\"wpcf7-form-control wpcf7-text wpcf7-validates-as-required\" aria-required=\"true\" aria-invalid=\"false\" placeholder=\"Bedrijfsnaam\" value=\"\" type=\"text\" name=\"your-businessname\" \/><\/span><br \/>\n<span class=\"wpcf7-form-control-wrap\" data-name=\"your-email\"><input size=\"40\" maxlength=\"400\" class=\"wpcf7-form-control wpcf7-email wpcf7-validates-as-required wpcf7-text wpcf7-validates-as-email\" aria-required=\"true\" aria-invalid=\"false\" placeholder=\"E-mail\" value=\"\" type=\"email\" name=\"your-email\" \/><\/span><br \/>\n<span class=\"wpcf7-form-control-wrap\" data-name=\"tel-941\"><input size=\"40\" maxlength=\"400\" class=\"wpcf7-form-control wpcf7-tel wpcf7-text wpcf7-validates-as-tel\" aria-invalid=\"false\" placeholder=\"Telefoon\" value=\"\" type=\"tel\" name=\"tel-941\" \/><\/span><br \/>\n<span class=\"wpcf7-form-control-wrap\" data-name=\"textarea-413\"><textarea cols=\"40\" rows=\"10\" maxlength=\"2000\" class=\"wpcf7-form-control wpcf7-textarea wpcf7-validates-as-required\" aria-required=\"true\" aria-invalid=\"false\" placeholder=\"Hoe kunnen we jou helpen?\" name=\"textarea-413\"><\/textarea><\/span><br \/>\n<input class=\"wpcf7-form-control wpcf7-submit has-spinner\" type=\"submit\" value=\"Verzenden\" \/>\n<\/p><div class=\"wpcf7-response-output\" aria-hidden=\"true\"><\/div>\n<\/form>\n<\/div>\n<\/div>[\/vc_column_inner][\/vc_row_inner][\/vc_column][\/vc_row][vc_row full_width=\u00bbstretch_row\u00bb kd_background_overlay=\u00bbgray-color\u00bb kd_background_image_position=\u00bbvc_row-bg-position-top\u00bb][vc_column][vc_row_inner content_placement=\u00bbmiddle\u00bb kd_background_overlay=\u00bbdefault\u00bb kd_background_image_position=\u00bbvc_row-bg-position-top\u00bb css=\u00bb.vc_custom_1602760050680{padding-top: 100px !important;padding-bottom: 100px !important;}\u00bb][vc_column_inner css=\u00bb.vc_custom_1649766833147{padding-right: 30px !important;padding-left: 0px !important;}\u00bb offset=\u00bbvc_col-lg-offset-0 vc_col-lg-6 vc_col-md-offset-0 vc_col-sm-offset-0&#8243; css_tablet_landscape=\u00bb.vc_custom_1649766833147{padding-right: 0px !important;}\u00bb css_tablet_portrait=\u00bb.vc_custom_1649766833147{padding-right: 15px !important;padding-left: 15px !important;}\u00bb css_mobile=\u00bb.vc_custom_1649766833148{padding-right: 15px !important;padding-left: 15px !important;}\u00bb][vc_single_image image=\u00bb12281&#8243; img_size=\u00bblarge\u00bb alignment=\u00bbcenter\u00bb style=\u00bbvc_box_outline\u00bb css_animation=\u00bbfadeIn\u00bb css=\u00bb\u00bb][\/vc_column_inner][vc_column_inner css=\u00bb.vc_custom_1649766879213{padding-right: 0px !important;padding-left: 100px !important;}\u00bb offset=\u00bbvc_col-lg-6&#8243; css_tablet_landscape=\u00bb.vc_custom_1649766879214{padding-right: 15px !important;padding-left: 15px !important;}\u00bb css_tablet_portrait=\u00bb.vc_custom_1649766879214{padding-top: 50px !important;padding-right: 15px !important;padding-left: 15px !important;}\u00bb css_mobile=\u00bb.vc_custom_1649766879214{padding-top: 50px !important;padding-right: 15px !important;padding-left: 15px !important;}\u00bb]<header class=\"kd-section-title col-lg-12 text-left  vc_custom_1725437521194 kd-animated fadeIn\" data-animation-delay=200><p class=\"st-overline inherit-color overline-line\" style=\"font-size:14px;\">EL CAF\u00c9 EST\u00c1 LISTO<\/p><h2 class=\"kd-main-title separator_off\" >\u00a1Situado en la ciudad fortificada m\u00e1s bella de Holanda!<\/h2><h6 class=\"subtitle\" >Desde un antiguo almac\u00e9n en el centro de Gorinchem, llevamos a\u00f1os trabajando para que tengas \u00e9xito en Internet.<\/h6><\/header>[\/vc_column_inner][\/vc_row_inner][\/vc_column][\/vc_row]<\/p>\n<\/div>","protected":false},"excerpt":{"rendered":"<p>[vc_row full_width=\u00bbstretch_row\u00bb content_placement=\u00bbmiddle\u00bb kd_background_overlay=\u00bbdefault\u00bb kd_background_image_position=\u00bbvc_row-bg-position-top\u00bb css=\u00bb.vc_custom_1649250041163{padding-top: 120px !important;padding-bottom: 60px !important;background-position: center !important;background-repeat: no-repeat !important;background-size: cover !important;}\u00bb css_mobile=\u00bb.vc_custom_1649250041164{padding-top: 100px !important;}\u00bb css_tablet_portrait=\u00bb.vc_custom_1649250041164{padding-top: [&hellip;]<\/p>\n","protected":false},"author":1,"featured_media":0,"parent":0,"menu_order":0,"comment_status":"closed","ping_status":"closed","template":"","meta":{"footnotes":""},"class_list":["post-13632","page","type-page","status-publish","hentry"],"acf":[],"yoast_head":"<!-- This site is optimized with the Yoast SEO Premium plugin v23.4 (Yoast SEO v23.4) - https:\/\/yoast.com\/wordpress\/plugins\/seo\/ -->\n<title>V2 Pages 13632<\/title>\n<meta name=\"robots\" content=\"index, follow, max-snippet:-1, max-image-preview:large, max-video-preview:-1\" \/>\n<link rel=\"canonical\" href=\"https:\/\/web-company.com\/es\/ponte-en-contacto-con\/\" \/>\n<meta property=\"og:locale\" content=\"es_ES\" \/>\n<meta property=\"og:type\" content=\"article\" \/>\n<meta property=\"og:title\" content=\"Ponte en contacto con\" \/>\n<meta property=\"og:description\" content=\"[vc_row full_width=\u00bbstretch_row\u00bb content_placement=\u00bbmiddle\u00bb kd_background_overlay=\u00bbdefault\u00bb kd_background_image_position=\u00bbvc_row-bg-position-top\u00bb css=\u00bb.vc_custom_1649250041163{padding-top: 120px !important;padding-bottom: 60px !important;background-position: center !important;background-repeat: no-repeat !important;background-size: cover !important;}\u00bb css_mobile=\u00bb.vc_custom_1649250041164{padding-top: 100px !important;}\u00bb css_tablet_portrait=\u00bb.vc_custom_1649250041164{padding-top: [&hellip;]\" \/>\n<meta property=\"og:url\" content=\"https:\/\/web-company.com\/es\/ponte-en-contacto-con\/\" \/>\n<meta property=\"og:site_name\" content=\"Web-Company\" \/>\n<meta property=\"article:modified_time\" content=\"2024-10-28T15:39:15+00:00\" \/>\n<meta name=\"twitter:card\" content=\"summary_large_image\" \/>\n<meta name=\"twitter:label1\" content=\"Tiempo de lectura\" \/>\n\t<meta name=\"twitter:data1\" content=\"5 minutos\" \/>\n<script type=\"application\/ld+json\" class=\"yoast-schema-graph\">{\"@context\":\"https:\/\/schema.org\",\"@graph\":[{\"@type\":\"WebPage\",\"@id\":\"https:\/\/web-company.com\/es\/ponte-en-contacto-con\/\",\"url\":\"https:\/\/web-company.com\/es\/ponte-en-contacto-con\/\",\"name\":\"Ponte en contacto con - Web-Company\",\"isPartOf\":{\"@id\":\"https:\/\/web-company.com\/es\/#website\"},\"datePublished\":\"2018-10-22T13:48:34+00:00\",\"dateModified\":\"2024-10-28T15:39:15+00:00\",\"breadcrumb\":{\"@id\":\"https:\/\/web-company.com\/es\/ponte-en-contacto-con\/#breadcrumb\"},\"inLanguage\":\"es\",\"potentialAction\":[{\"@type\":\"ReadAction\",\"target\":[\"https:\/\/web-company.com\/es\/ponte-en-contacto-con\/\"]}]},{\"@type\":\"BreadcrumbList\",\"@id\":\"https:\/\/web-company.com\/es\/ponte-en-contacto-con\/#breadcrumb\",\"itemListElement\":[{\"@type\":\"ListItem\",\"position\":1,\"name\":\"Home\",\"item\":\"https:\/\/web-company.com\/es\/web-company-especialista-en-saas-tiendas-web-sitios-web-y-marketing-online\/\"},{\"@type\":\"ListItem\",\"position\":2,\"name\":\"Ponte en contacto con\"}]},{\"@type\":\"WebSite\",\"@id\":\"https:\/\/web-company.com\/es\/#website\",\"url\":\"https:\/\/web-company.com\/es\/\",\"name\":\"web-company.com\",\"description\":\"\",\"publisher\":{\"@id\":\"https:\/\/web-company.com\/es\/#organization\"},\"potentialAction\":[{\"@type\":\"SearchAction\",\"target\":{\"@type\":\"EntryPoint\",\"urlTemplate\":\"https:\/\/web-company.com\/es\/?s={search_term_string}\"},\"query-input\":{\"@type\":\"PropertyValueSpecification\",\"valueRequired\":true,\"valueName\":\"search_term_string\"}}],\"inLanguage\":\"es\"},{\"@type\":\"Organization\",\"@id\":\"https:\/\/web-company.com\/es\/#organization\",\"name\":\"web-company.com\",\"url\":\"https:\/\/web-company.com\/es\/\",\"logo\":{\"@type\":\"ImageObject\",\"inLanguage\":\"es\",\"@id\":\"https:\/\/web-company.com\/es\/#\/schema\/logo\/image\/\",\"url\":\"https:\/\/web-company.com\/wp-content\/uploads\/2024\/08\/web-company_transparantPNGsite.png\",\"contentUrl\":\"https:\/\/web-company.com\/wp-content\/uploads\/2024\/08\/web-company_transparantPNGsite.png\",\"width\":198,\"height\":70,\"caption\":\"web-company.com\"},\"image\":{\"@id\":\"https:\/\/web-company.com\/es\/#\/schema\/logo\/image\/\"}}]}<\/script>\n<!-- \/ Yoast SEO Premium plugin. -->","yoast_head_json":{"title":"V2 Pages 13632","robots":{"index":"index","follow":"follow","max-snippet":"max-snippet:-1","max-image-preview":"max-image-preview:large","max-video-preview":"max-video-preview:-1"},"canonical":"https:\/\/web-company.com\/es\/ponte-en-contacto-con\/","og_locale":"es_ES","og_type":"article","og_title":"Ponte en contacto con","og_description":"[vc_row full_width=\u00bbstretch_row\u00bb content_placement=\u00bbmiddle\u00bb kd_background_overlay=\u00bbdefault\u00bb kd_background_image_position=\u00bbvc_row-bg-position-top\u00bb css=\u00bb.vc_custom_1649250041163{padding-top: 120px !important;padding-bottom: 60px !important;background-position: center !important;background-repeat: no-repeat !important;background-size: cover !important;}\u00bb css_mobile=\u00bb.vc_custom_1649250041164{padding-top: 100px !important;}\u00bb css_tablet_portrait=\u00bb.vc_custom_1649250041164{padding-top: [&hellip;]","og_url":"https:\/\/web-company.com\/es\/ponte-en-contacto-con\/","og_site_name":"Web-Company","article_modified_time":"2024-10-28T15:39:15+00:00","twitter_card":"summary_large_image","twitter_misc":{"Tiempo de lectura":"5 minutos"},"schema":{"@context":"https:\/\/schema.org","@graph":[{"@type":"WebPage","@id":"https:\/\/web-company.com\/es\/ponte-en-contacto-con\/","url":"https:\/\/web-company.com\/es\/ponte-en-contacto-con\/","name":"Ponte en contacto con - Web-Company","isPartOf":{"@id":"https:\/\/web-company.com\/es\/#website"},"datePublished":"2018-10-22T13:48:34+00:00","dateModified":"2024-10-28T15:39:15+00:00","breadcrumb":{"@id":"https:\/\/web-company.com\/es\/ponte-en-contacto-con\/#breadcrumb"},"inLanguage":"es","potentialAction":[{"@type":"ReadAction","target":["https:\/\/web-company.com\/es\/ponte-en-contacto-con\/"]}]},{"@type":"BreadcrumbList","@id":"https:\/\/web-company.com\/es\/ponte-en-contacto-con\/#breadcrumb","itemListElement":[{"@type":"ListItem","position":1,"name":"Home","item":"https:\/\/web-company.com\/es\/web-company-especialista-en-saas-tiendas-web-sitios-web-y-marketing-online\/"},{"@type":"ListItem","position":2,"name":"Ponte en contacto con"}]},{"@type":"WebSite","@id":"https:\/\/web-company.com\/es\/#website","url":"https:\/\/web-company.com\/es\/","name":"web-company.com","description":"","publisher":{"@id":"https:\/\/web-company.com\/es\/#organization"},"potentialAction":[{"@type":"SearchAction","target":{"@type":"EntryPoint","urlTemplate":"https:\/\/web-company.com\/es\/?s={search_term_string}"},"query-input":{"@type":"PropertyValueSpecification","valueRequired":true,"valueName":"search_term_string"}}],"inLanguage":"es"},{"@type":"Organization","@id":"https:\/\/web-company.com\/es\/#organization","name":"web-company.com","url":"https:\/\/web-company.com\/es\/","logo":{"@type":"ImageObject","inLanguage":"es","@id":"https:\/\/web-company.com\/es\/#\/schema\/logo\/image\/","url":"https:\/\/web-company.com\/wp-content\/uploads\/2024\/08\/web-company_transparantPNGsite.png","contentUrl":"https:\/\/web-company.com\/wp-content\/uploads\/2024\/08\/web-company_transparantPNGsite.png","width":198,"height":70,"caption":"web-company.com"},"image":{"@id":"https:\/\/web-company.com\/es\/#\/schema\/logo\/image\/"}}]}},"_links":{"self":[{"href":"https:\/\/web-company.com\/es\/wp-json\/wp\/v2\/pages\/13632"}],"collection":[{"href":"https:\/\/web-company.com\/es\/wp-json\/wp\/v2\/pages"}],"about":[{"href":"https:\/\/web-company.com\/es\/wp-json\/wp\/v2\/types\/page"}],"author":[{"embeddable":true,"href":"https:\/\/web-company.com\/es\/wp-json\/wp\/v2\/users\/1"}],"replies":[{"embeddable":true,"href":"https:\/\/web-company.com\/es\/wp-json\/wp\/v2\/comments?post=13632"}],"version-history":[{"count":6,"href":"https:\/\/web-company.com\/es\/wp-json\/wp\/v2\/pages\/13632\/revisions"}],"predecessor-version":[{"id":13669,"href":"https:\/\/web-company.com\/es\/wp-json\/wp\/v2\/pages\/13632\/revisions\/13669"}],"wp:attachment":[{"href":"https:\/\/web-company.com\/es\/wp-json\/wp\/v2\/media?parent=13632"}],"curies":[{"name":"wp","href":"https:\/\/api.w.org\/{rel}","templated":true}]}}